{"id":1011,"date":"2021-09-14T09:16:48","date_gmt":"2021-09-14T09:16:48","guid":{"rendered":"http:\/\/www5023.vu.lt\/?page_id=1011"},"modified":"2021-09-14T09:16:48","modified_gmt":"2021-09-14T09:16:48","slug":"lna-conference-2013","status":"publish","type":"page","link":"https:\/\/www.neuromokslai.lt\/en\/conferences\/lna-conference-2013\/","title":{"rendered":"LNA conference (2013)"},"content":{"rendered":"<div class=\"WordSection1\">\n<p><strong>INVITATION<\/strong><\/p>\n<p><strong>The Fifth Conference of Lithuanian Neuroscience Association<\/strong><\/p>\n<p><strong>6 \u2013 7 December 2013<\/strong><\/p>\n<p><strong>National Open Access Scholarly Communication and Information Center<\/strong><strong>\u00a0(MKIC),\u00a0<\/strong><strong>Saul\u0117tekio street 5, Vilnius<\/strong><\/p>\n<p>&nbsp;<\/p>\n<p><strong>PROGRAM<\/strong><\/p>\n<p><em>6 December 2013<\/em><\/p>\n<p>9.30 &#8211; 10.00\u00a0<strong>Registration. Coffee\/Tea.<\/strong><\/p>\n<p>10.00 &#8211; 10.10\u00a0<strong>Opening. President of LNA O. Ruk\u0161\u0117nas<\/strong><\/p>\n<p>10.10 &#8211; 11.10 \u00a0<strong>Plenary lecture.<\/strong><strong>\u00a0<em>J. Nicholls.<\/em><\/strong>\u00a0Properties and Functions of Glial Cells.<\/p>\n<p><strong><em>I session\u00a0 Nervous system and gender (Chair &#8211; O. Ruk\u0161\u0117nas)<\/em><\/strong><\/p>\n<p>11.10 &#8211; 11.50 \u00a0<strong>Invited lecture<em>\u00a0<\/em><\/strong><strong><em>R. Agabio,\u00a0<\/em><\/strong><em>A<\/em><em>.<\/em><em>\u00a0Preti, G. L.Gessa, F. Francon<\/em><em>i.\u00a0<\/em>Gender Differences in Pharmacological Treatment of Alcohol Use Disorders (AUDS).<\/p>\n<p>11.50 \u2013 12.10<em>\u00a0<\/em><strong><em>R. Grik\u0161ien\u0117<\/em><\/strong><em>,<\/em><em>\u00a0M. Baranauskas, I. Gri<\/em><em>\u0161kova-Bulanova,\u00a0<\/em><em>D. Noreika.<\/em>\u00a0Effect of sex and phase of menstrual cycle on subjective, behavioral and physiological measures of mental workload.<\/p>\n<p>12.10 &#8211; 12.30<em>\u00a0<strong>L. Jarutyt\u0117<\/strong>, L. Ma\u010diukait\u0117, O. Ruk\u0161\u0117nas.\u00a0<\/em>Sex Differences in the Response to Affective Stimuli.<\/p>\n<p>12.30 &#8211; 12.50 \u00a0<strong><em>A. Pleska\u010diauskas<\/em><\/strong><em>, I. Gri\u0161kova-Bulanova, O. Ruk\u0161\u0117nas<\/em><em>.<\/em><strong>\u00a0<\/strong>Sex differences in eye movements.<\/p>\n<p>12.50 &#8211; 13.50\u00a0<strong>Lunch.\u00a0<\/strong>13.50 -14.10<strong>\u00a0Coffee\/Tea.<\/strong><\/p>\n<p><strong><em>II session Pathology of nervous system (Chair &#8211; I. Gri\u0161kova-Bulanova)<\/em><\/strong><\/p>\n<p>14.10 \u2013 14.50\u00a0<strong>Invited lecture<\/strong>\u00a0<strong><em>S.M.H. Arnfred.<\/em><\/strong>\u00a0Proprioreception and somatosensory processing in schizophrenia.<\/p>\n<p>14.50 &#8211; 15.10<em>\u00a0<\/em><strong><em>V. Borutait<\/em><\/strong><em>\u0117<\/em><em>,<strong>\u00a0<\/strong>A.<strong>\u00a0<\/strong><\/em><em>\u017d<\/em><em>virblien<\/em><em>\u0117<\/em><em>, I. Dalgedien<\/em><em>\u0117<\/em><em>, S. Jankevi<\/em><em>\u010d<\/em><em>i<\/em><em>\u016b<\/em><em>t<\/em><em>\u0117<\/em><em>, P.\u00a0<\/em><em>\u010c<\/em><em>i<\/em><em>\u017e<\/em><em>as, R. Mork<\/em><em>\u016b<\/em><em>nien<\/em><em>\u0117<\/em><em>.\u00a0<\/em>How Microglia Kill Neurons: Involvement of Multimeric Antibodies-Antigens Complexes.<\/p>\n<p>15.10 &#8211; 15.30<em>\u00a0<strong>O. Arandar<\/strong><\/em><strong><em>\u010d<\/em><\/strong><strong><em>ikait<\/em><\/strong><em>\u0117<\/em><em>, V. Borutait<\/em><em>\u0117<\/em><em>.\u00a0<\/em>The Protective Effect of NO Against Ischemia Induced Injury to Brain Mitochondria.<\/p>\n<p>15.30 &#8211; 15.50\u00a0<strong><em>V. Valiulis<\/em><\/strong><em>, K. Dap\u0161ys, G. Gerulskis, A. \u0160iurkut\u0117, V. Ma\u010diulis.<\/em>\u00a0The Use of P300 Potential as a Treatment Efficacy Marker in Transcranial Magnetic Stimulation Therapy.<\/p>\n<p>15.50 \u2013 17.00\u00a0\u00a0<strong><em>Poster session<\/em><\/strong><\/p>\n<p>17.00 &#8211; 19.00<strong><em>\u00a0Cheese &amp; wine<\/em><\/strong><\/p>\n<p>&nbsp;<\/p>\n<p><em>7 December 2013<\/em><\/p>\n<p><strong><em>8.45 \u2013 9.00\u00a0<\/em><\/strong><strong>Coffee\/Tea.<\/strong><\/p>\n<p><strong><em>III session\u00a0<\/em><\/strong><strong><em>Neurophysiology (Chair &#8211; A. Alaburda)<\/em><\/strong><\/p>\n<p>9.00 &#8211; 9.40 \u00a0<strong>Invited Lecture<em>\u00a0L. Busse.<\/em><\/strong>\u00a0Contextual influences on information processing in the mouse visual system.<\/p>\n<p>9.40 \u2013 10.00 \u00a0<strong><em>R. Grigonis<\/em><\/strong><em>, R. Bui<\/em><em>\u0161<\/em><em>as, R. Guzulaitis, A. Alaburda<\/em><em>.\u00a0<\/em>The Influence of Increased Membrane Conductance on the Excitability of Spinal Motoneurons.<\/p>\n<p>10.00 \u2013 10.20 \u00a0<strong><em>M. Rassomagina<\/em><\/strong><em>,<\/em><strong>\u00a0<\/strong><em>V. Kravchenko, M. Makarchuk<\/em><em>.\u00a0<\/em>Electrophysiological Correlates of Verbal Stimuli Analysis During their Monocular Perception Through Dominant and Non-Dominant Eye in Emotional Stroop-Test.<\/p>\n<p>10.20 \u2013 10.40 \u00a0<strong><em>E. Pipinis<\/em><\/strong><em>, K. Dap\u0161ys.\u00a0<\/em>rTMS Therapy Effect on Brain Response to Flickering Light Stimulation Evaluated by EEG.<\/p>\n<p>10.40 \u2013 11.10\u00a0<strong>Coffee\/Tea.<\/strong><\/p>\n<p><strong><em>IV session Neuromodelling (Chair \u2013 A. Saudargien\u0117)<\/em><\/strong><\/p>\n<p>11.10 \u2013 11.50 \u00a0<strong>Invited Lecture<\/strong>\u00a0<strong><em>M. L. Linne<\/em><\/strong><strong><em>.<\/em><\/strong>\u00a0Computational Modelling of Astrocyte-Neuron Interactions in the Brain.<\/p>\n<p>11.50 \u2013 12.10<em>\u00a0<\/em><strong><em>A. Roth<\/em><\/strong><strong><em>.<\/em><\/strong><strong>\u00a0<\/strong>Untangling Cerebellar Circuits with Scanning Electron Microscopy and Focused Ion Beam Milling.<\/p>\n<p>12.10 \u2013 12.30<em>\u00a0<\/em><strong><em>A. Bulatov<\/em><\/strong><em>,<strong>\u00a0<\/strong>L. Mickien\u0117, N. Bulatova, A. Gutauskas, J. Loginovi\u010d<\/em><sub>.\u00a0<\/sub>Additional M\u00fcller-Lyer Wings in the Brentano Illusion.<\/p>\n<p>12.30 \u2013 12.50 \u00a0<strong><em>D. Matuzevi\u010dius<\/em><\/strong><em>,<strong>\u00a0<\/strong>H. Vaitkevi\u010dius.<\/em>\u00a0Binocular Model of Visual Space.<\/p>\n<p>12.50 \u2013 13.00\u00a0<strong>Awards. Closing remarks.<\/strong><\/p>\n<p>13.00 \u2013 13.20\u00a0<strong>Coffee\/Tea<\/strong><\/p>\n<p>13.20 \u2013 14.00\u00a0<strong>Annual meeting of LNA.<\/strong><\/div>\n<p>&nbsp;<\/p>\n<p>&nbsp;<\/p>\n<p>&nbsp;<\/p>\n<p><strong>ADDITIONAL INFORMATION<\/strong><\/p>\n<p><strong>Conference language\u00a0<\/strong>\u2013 English<\/p>\n<p><strong>Awards\u00a0<\/strong>\u2013 for the best poster. First place prize &#8211;\u00a0<em>Principles of Neural Science, Fifth Edition, 2012,\u00a0<\/em><a href=\"http:\/\/www.amazon.com\/s\/ref=ntt_athr_dp_sr_1?_encoding=UTF8&amp;field-author=Eric%20R.%20Kandel&amp;search-alias=books&amp;sort=relevancerank\"><em>Eric R. Kandel<\/em><\/a>\u00a0et al.<\/p>\n<p><strong>Publishing\u00a0<\/strong>\u2013\u00a0Authors of the selected abstracts will be invited to submit full-length papers to be published in a special issue of journal\u00a0<strong>Biologija<\/strong>\u00a0(<a href=\"http:\/\/www.lmaleidykla.lt\/ojs\/index.php\/biologija\">http:\/\/www.lmaleidykla.lt\/ojs\/index.php\/biologija<\/a>).<\/p>\n<p>&nbsp;<\/p>\n<p><strong>Contact person<\/strong>:\u00a0<a href=\"http:\/\/www.neuromokslai.lt\/lt\/kontaktai\">Osvaldas Ruk\u0161\u0117nas<\/a><\/p>\n<dl>\n<dt><strong>Account details<\/strong>:<\/dt>\n<dd>Lietuvos neuromoksl\u0173 asociacija<br \/>\nCode: 300007300<br \/>\nAccount number: LT36 7044 0600 0406 5011<br \/>\nBank: AB SEB bankas<\/dd>\n<\/dl>\n","protected":false},"excerpt":{"rendered":"<p>INVITATION The Fifth Conference of Lithuanian Neuroscience Association 6 \u2013 7 December 2013 National Open Access Scholarly Communication and Information Center\u00a0(MKIC),\u00a0Saul\u0117tekio street 5, Vilnius &nbsp; PROGRAM 6 December 2013 9.30 &#8211; 10.00\u00a0Registration. Coffee\/Tea. 10.00 &#8211; 10.10\u00a0Opening. President of LNA O. Ruk\u0161\u0117nas 10.10 &#8211; 11.10 \u00a0Plenary lecture.\u00a0J. Nicholls.\u00a0Properties and Functions of Glial Cells. I session\u00a0 Nervous [&hellip;]<\/p>\n","protected":false},"author":1,"featured_media":0,"parent":888,"menu_order":0,"comment_status":"closed","ping_status":"closed","template":"","meta":{"_acf_changed":false,"footnotes":""},"class_list":["post-1011","page","type-page","status-publish","hentry"],"acf":[],"yoast_head":"<!-- This site is optimized with the Yoast SEO plugin v24.3 - https:\/\/yoast.com\/wordpress\/plugins\/seo\/ -->\n<title>LNA conference (2013) - neuromokslai.lt<\/title>\n<meta name=\"robots\" content=\"index, follow, max-snippet:-1, max-image-preview:large, max-video-preview:-1\" \/>\n<link rel=\"canonical\" href=\"https:\/\/www.neuromokslai.lt\/en\/conferences\/lna-conference-2013\/\" \/>\n<meta property=\"og:locale\" content=\"en_US\" \/>\n<meta property=\"og:type\" content=\"article\" \/>\n<meta property=\"og:title\" content=\"LNA conference (2013) - neuromokslai.lt\" \/>\n<meta property=\"og:description\" content=\"INVITATION The Fifth Conference of Lithuanian Neuroscience Association 6 \u2013 7 December 2013 National Open Access Scholarly Communication and Information Center\u00a0(MKIC),\u00a0Saul\u0117tekio street 5, Vilnius &nbsp; PROGRAM 6 December 2013 9.30 &#8211; 10.00\u00a0Registration. Coffee\/Tea. 10.00 &#8211; 10.10\u00a0Opening. President of LNA O. Ruk\u0161\u0117nas 10.10 &#8211; 11.10 \u00a0Plenary lecture.\u00a0J. Nicholls.\u00a0Properties and Functions of Glial Cells. I session\u00a0 Nervous [&hellip;]\" \/>\n<meta property=\"og:url\" content=\"https:\/\/www.neuromokslai.lt\/en\/conferences\/lna-conference-2013\/\" \/>\n<meta property=\"og:site_name\" content=\"neuromokslai.lt\" \/>\n<meta name=\"twitter:card\" content=\"summary_large_image\" \/>\n<meta name=\"twitter:label1\" content=\"Est. reading time\" \/>\n\t<meta name=\"twitter:data1\" content=\"3 minutes\" \/>\n<script type=\"application\/ld+json\" class=\"yoast-schema-graph\">{\"@context\":\"https:\/\/schema.org\",\"@graph\":[{\"@type\":\"WebPage\",\"@id\":\"https:\/\/www.neuromokslai.lt\/en\/conferences\/lna-conference-2013\/\",\"url\":\"https:\/\/www.neuromokslai.lt\/en\/conferences\/lna-conference-2013\/\",\"name\":\"LNA conference (2013) - neuromokslai.lt\",\"isPartOf\":{\"@id\":\"https:\/\/www.neuromokslai.lt\/#website\"},\"datePublished\":\"2021-09-14T09:16:48+00:00\",\"dateModified\":\"2021-09-14T09:16:48+00:00\",\"breadcrumb\":{\"@id\":\"https:\/\/www.neuromokslai.lt\/en\/conferences\/lna-conference-2013\/#breadcrumb\"},\"inLanguage\":\"en-US\",\"potentialAction\":[{\"@type\":\"ReadAction\",\"target\":[\"https:\/\/www.neuromokslai.lt\/en\/conferences\/lna-conference-2013\/\"]}]},{\"@type\":\"BreadcrumbList\",\"@id\":\"https:\/\/www.neuromokslai.lt\/en\/conferences\/lna-conference-2013\/#breadcrumb\",\"itemListElement\":[{\"@type\":\"ListItem\",\"position\":1,\"name\":\"Home\",\"item\":\"https:\/\/www.neuromokslai.lt\/en\/\"},{\"@type\":\"ListItem\",\"position\":2,\"name\":\"Conferences\",\"item\":\"https:\/\/www.neuromokslai.lt\/en\/conferences\/\"},{\"@type\":\"ListItem\",\"position\":3,\"name\":\"LNA conference (2013)\"}]},{\"@type\":\"WebSite\",\"@id\":\"https:\/\/www.neuromokslai.lt\/#website\",\"url\":\"https:\/\/www.neuromokslai.lt\/\",\"name\":\"neuromokslai.lt\",\"description\":\"Lietuvos neuromoksl\u0173 asociacija\",\"potentialAction\":[{\"@type\":\"SearchAction\",\"target\":{\"@type\":\"EntryPoint\",\"urlTemplate\":\"https:\/\/www.neuromokslai.lt\/?s={search_term_string}\"},\"query-input\":{\"@type\":\"PropertyValueSpecification\",\"valueRequired\":true,\"valueName\":\"search_term_string\"}}],\"inLanguage\":\"en-US\"}]}<\/script>\n<!-- \/ Yoast SEO plugin. -->","yoast_head_json":{"title":"LNA conference (2013) - neuromokslai.lt","robots":{"index":"index","follow":"follow","max-snippet":"max-snippet:-1","max-image-preview":"max-image-preview:large","max-video-preview":"max-video-preview:-1"},"canonical":"https:\/\/www.neuromokslai.lt\/en\/conferences\/lna-conference-2013\/","og_locale":"en_US","og_type":"article","og_title":"LNA conference (2013) - neuromokslai.lt","og_description":"INVITATION The Fifth Conference of Lithuanian Neuroscience Association 6 \u2013 7 December 2013 National Open Access Scholarly Communication and Information Center\u00a0(MKIC),\u00a0Saul\u0117tekio street 5, Vilnius &nbsp; PROGRAM 6 December 2013 9.30 &#8211; 10.00\u00a0Registration. Coffee\/Tea. 10.00 &#8211; 10.10\u00a0Opening. President of LNA O. Ruk\u0161\u0117nas 10.10 &#8211; 11.10 \u00a0Plenary lecture.\u00a0J. Nicholls.\u00a0Properties and Functions of Glial Cells. I session\u00a0 Nervous [&hellip;]","og_url":"https:\/\/www.neuromokslai.lt\/en\/conferences\/lna-conference-2013\/","og_site_name":"neuromokslai.lt","twitter_card":"summary_large_image","twitter_misc":{"Est. reading time":"3 minutes"},"schema":{"@context":"https:\/\/schema.org","@graph":[{"@type":"WebPage","@id":"https:\/\/www.neuromokslai.lt\/en\/conferences\/lna-conference-2013\/","url":"https:\/\/www.neuromokslai.lt\/en\/conferences\/lna-conference-2013\/","name":"LNA conference (2013) - neuromokslai.lt","isPartOf":{"@id":"https:\/\/www.neuromokslai.lt\/#website"},"datePublished":"2021-09-14T09:16:48+00:00","dateModified":"2021-09-14T09:16:48+00:00","breadcrumb":{"@id":"https:\/\/www.neuromokslai.lt\/en\/conferences\/lna-conference-2013\/#breadcrumb"},"inLanguage":"en-US","potentialAction":[{"@type":"ReadAction","target":["https:\/\/www.neuromokslai.lt\/en\/conferences\/lna-conference-2013\/"]}]},{"@type":"BreadcrumbList","@id":"https:\/\/www.neuromokslai.lt\/en\/conferences\/lna-conference-2013\/#breadcrumb","itemListElement":[{"@type":"ListItem","position":1,"name":"Home","item":"https:\/\/www.neuromokslai.lt\/en\/"},{"@type":"ListItem","position":2,"name":"Conferences","item":"https:\/\/www.neuromokslai.lt\/en\/conferences\/"},{"@type":"ListItem","position":3,"name":"LNA conference (2013)"}]},{"@type":"WebSite","@id":"https:\/\/www.neuromokslai.lt\/#website","url":"https:\/\/www.neuromokslai.lt\/","name":"neuromokslai.lt","description":"Lietuvos neuromoksl\u0173 asociacija","potentialAction":[{"@type":"SearchAction","target":{"@type":"EntryPoint","urlTemplate":"https:\/\/www.neuromokslai.lt\/?s={search_term_string}"},"query-input":{"@type":"PropertyValueSpecification","valueRequired":true,"valueName":"search_term_string"}}],"inLanguage":"en-US"}]}},"_links":{"self":[{"href":"https:\/\/www.neuromokslai.lt\/en\/wp-json\/wp\/v2\/pages\/1011"}],"collection":[{"href":"https:\/\/www.neuromokslai.lt\/en\/wp-json\/wp\/v2\/pages"}],"about":[{"href":"https:\/\/www.neuromokslai.lt\/en\/wp-json\/wp\/v2\/types\/page"}],"author":[{"embeddable":true,"href":"https:\/\/www.neuromokslai.lt\/en\/wp-json\/wp\/v2\/users\/1"}],"replies":[{"embeddable":true,"href":"https:\/\/www.neuromokslai.lt\/en\/wp-json\/wp\/v2\/comments?post=1011"}],"version-history":[{"count":1,"href":"https:\/\/www.neuromokslai.lt\/en\/wp-json\/wp\/v2\/pages\/1011\/revisions"}],"predecessor-version":[{"id":1012,"href":"https:\/\/www.neuromokslai.lt\/en\/wp-json\/wp\/v2\/pages\/1011\/revisions\/1012"}],"up":[{"embeddable":true,"href":"https:\/\/www.neuromokslai.lt\/en\/wp-json\/wp\/v2\/pages\/888"}],"wp:attachment":[{"href":"https:\/\/www.neuromokslai.lt\/en\/wp-json\/wp\/v2\/media?parent=1011"}],"curies":[{"name":"wp","href":"https:\/\/api.w.org\/{rel}","templated":true}]}}