{"id":1025,"date":"2021-09-14T09:21:47","date_gmt":"2021-09-14T09:21:47","guid":{"rendered":"http:\/\/www5023.vu.lt\/?page_id=1025"},"modified":"2022-10-27T12:16:45","modified_gmt":"2022-10-27T12:16:45","slug":"lna-conference-2020","status":"publish","type":"page","link":"https:\/\/www.neuromokslai.lt\/en\/conferences\/lna-conference-2020\/","title":{"rendered":"LNA conference (2020)"},"content":{"rendered":"<h2>The 12<sup>TH<\/sup>\u00a0CONFERENCE OF THE LITHUANIAN NEUROSCIENCE ASSOCIATION<\/h2>\n<p><strong>November 6<sup>th<\/sup>, 2020<\/strong><\/p>\n<p>&nbsp;<\/p>\n<p><strong>The satellite Symposiums:<\/strong><\/p>\n<p><strong><a title=\"Symposium\" href=\"http:\/\/www.neuromokslai.lt\/en\/conferences\/lna-conference-2020\/Symposium\/\">Problematic Internet Use and Behavioral Addictions<\/a>\u00a0&#8211; November 5<sup>th<\/sup>, 2020<\/strong><\/p>\n<p><a href=\"http:\/\/www.neuromokslai.lt\/en\/conferences\/lna-conference-2020\/webinar-and-public-event\/\" target=\"_blank\" rel=\"noopener\"><strong>WEBINAR\u00a0 &#8220;From emotion perception to regulation: workshop on socio-emotional functions&#8221;\u00a0<em>and<\/em><\/strong><\/a><strong><a href=\"http:\/\/www.neuromokslai.lt\/en\/conferences\/lna-conference-2020\/webinar-and-public-event\/\" target=\"_blank\" rel=\"noopener\"><em>\u00a0<\/em>PUBLIC EVENT &#8220;Why does my dog \u200b\u200bunderstand what I feel and you don&#8217;t?&#8221;<\/a>\u00a0&#8211; November\u00a05<sup>th<\/sup>, 2020<br \/>\n<\/strong><\/p>\n<p>&nbsp;<\/p>\n<p style=\"text-align: center;\"><strong><a href=\"http:\/\/www.neuromokslai.lt\/en\/conferences\/lna-conference-2020\/conference-program\/\">CONFERENCE PROGRAM<\/a><\/strong><\/p>\n<p style=\"text-align: center;\"><strong><a href=\"https:\/\/www.neuromokslai.lt\/wp-content\/uploads\/2021\/12\/2020_LNA_abstracts-book.pdf\">ABSTRACT BOOK<\/a><\/strong><\/p>\n<p class=\"x_MsoNormal\"><strong>Winners of the best poster competition:<\/strong><\/p>\n<p class=\"x_MsoNormal\">Best poster:\u00a01st place:<em>\u00a0M. Stefaniuk, B. Frycz, K. Nowicka, L. Kaczmarek<\/em><\/p>\n<p class=\"x_MsoNormal\">Best poster:\u00a02nd place:<em>\u00a0K. \u010ci\u017eait\u0117, M. Gudaitis, K. Vitkut\u0117, R. Mon\u010diunskait\u0117, R. Grik\u0161ien\u0117<\/em><\/p>\n<p class=\"x_MsoNormal\">Best\u00a0poster: 3rd place:<em>\u00a0A A. Szczuka, J. Korczy\u0144ska, J. \u015anie\u017cek, B. Symonowicz, P. J. Mazurkiewicz, M. \u015eare, E. J. Godzi\u0144ska<\/em><\/p>\n<p class=\"x_MsoNormal\">Best poster:\u00a0molecular biology:\u00a0<em>A. Rudaityt\u0117, A. Masaityt\u0117, N. Pau\u017eien\u0117, A. Jekabsone<\/em><\/p>\n<p class=\"x_MsoNormal\">Best poster:\u00a0antibody application:<em>\u00a0D. Kulakauskien\u0117, L. Jankauskait\u0117, Z. Balion, I. Sadauskien\u0117, Z. Miknien\u0117, J. \u0160ventoraitien\u0117, H. Inokaitis, G. Steponaitis, O. Juknait\u0117, D. Narauskait\u0117, N. Pau\u017eien\u0117, A. Masaityt\u0117, A. Jekabsone<\/em><\/p>\n<p class=\"Normal\">\u00a0<\/p>\n","protected":false},"excerpt":{"rendered":"<p>The 12TH\u00a0CONFERENCE OF THE LITHUANIAN NEUROSCIENCE ASSOCIATION November 6th, 2020 &nbsp; The satellite Symposiums: Problematic Internet Use and Behavioral Addictions\u00a0&#8211; November 5th, 2020 WEBINAR\u00a0 &#8220;From emotion perception to regulation: workshop on socio-emotional functions&#8221;\u00a0and\u00a0PUBLIC EVENT &#8220;Why does my dog \u200b\u200bunderstand what I feel and you don&#8217;t?&#8221;\u00a0&#8211; November\u00a05th, 2020 &nbsp; CONFERENCE PROGRAM ABSTRACT BOOK Winners of the [&hellip;]<\/p>\n","protected":false},"author":1,"featured_media":0,"parent":888,"menu_order":0,"comment_status":"closed","ping_status":"closed","template":"","meta":{"_acf_changed":false,"footnotes":""},"class_list":["post-1025","page","type-page","status-publish","hentry"],"acf":[],"yoast_head":"<!-- This site is optimized with the Yoast SEO plugin v24.3 - https:\/\/yoast.com\/wordpress\/plugins\/seo\/ -->\n<title>LNA conference (2020) - neuromokslai.lt<\/title>\n<meta name=\"robots\" content=\"index, follow, max-snippet:-1, max-image-preview:large, max-video-preview:-1\" \/>\n<link rel=\"canonical\" href=\"https:\/\/www.neuromokslai.lt\/en\/conferences\/lna-conference-2020\/\" \/>\n<meta property=\"og:locale\" content=\"en_US\" \/>\n<meta property=\"og:type\" content=\"article\" \/>\n<meta property=\"og:title\" content=\"LNA conference (2020) - neuromokslai.lt\" \/>\n<meta property=\"og:description\" content=\"The 12TH\u00a0CONFERENCE OF THE LITHUANIAN NEUROSCIENCE ASSOCIATION November 6th, 2020 &nbsp; The satellite Symposiums: Problematic Internet Use and Behavioral Addictions\u00a0&#8211; November 5th, 2020 WEBINAR\u00a0 &#8220;From emotion perception to regulation: workshop on socio-emotional functions&#8221;\u00a0and\u00a0PUBLIC EVENT &#8220;Why does my dog \u200b\u200bunderstand what I feel and you don&#8217;t?&#8221;\u00a0&#8211; November\u00a05th, 2020 &nbsp; CONFERENCE PROGRAM ABSTRACT BOOK Winners of the [&hellip;]\" \/>\n<meta property=\"og:url\" content=\"https:\/\/www.neuromokslai.lt\/en\/conferences\/lna-conference-2020\/\" \/>\n<meta property=\"og:site_name\" content=\"neuromokslai.lt\" \/>\n<meta property=\"article:modified_time\" content=\"2022-10-27T12:16:45+00:00\" \/>\n<meta name=\"twitter:card\" content=\"summary_large_image\" \/>\n<meta name=\"twitter:label1\" content=\"Est. reading time\" \/>\n\t<meta name=\"twitter:data1\" content=\"1 minute\" \/>\n<script type=\"application\/ld+json\" class=\"yoast-schema-graph\">{\"@context\":\"https:\/\/schema.org\",\"@graph\":[{\"@type\":\"WebPage\",\"@id\":\"https:\/\/www.neuromokslai.lt\/en\/conferences\/lna-conference-2020\/\",\"url\":\"https:\/\/www.neuromokslai.lt\/en\/conferences\/lna-conference-2020\/\",\"name\":\"LNA conference (2020) - neuromokslai.lt\",\"isPartOf\":{\"@id\":\"https:\/\/www.neuromokslai.lt\/#website\"},\"datePublished\":\"2021-09-14T09:21:47+00:00\",\"dateModified\":\"2022-10-27T12:16:45+00:00\",\"breadcrumb\":{\"@id\":\"https:\/\/www.neuromokslai.lt\/en\/conferences\/lna-conference-2020\/#breadcrumb\"},\"inLanguage\":\"en-US\",\"potentialAction\":[{\"@type\":\"ReadAction\",\"target\":[\"https:\/\/www.neuromokslai.lt\/en\/conferences\/lna-conference-2020\/\"]}]},{\"@type\":\"BreadcrumbList\",\"@id\":\"https:\/\/www.neuromokslai.lt\/en\/conferences\/lna-conference-2020\/#breadcrumb\",\"itemListElement\":[{\"@type\":\"ListItem\",\"position\":1,\"name\":\"Home\",\"item\":\"https:\/\/www.neuromokslai.lt\/en\/\"},{\"@type\":\"ListItem\",\"position\":2,\"name\":\"Conferences\",\"item\":\"https:\/\/www.neuromokslai.lt\/en\/conferences\/\"},{\"@type\":\"ListItem\",\"position\":3,\"name\":\"LNA conference (2020)\"}]},{\"@type\":\"WebSite\",\"@id\":\"https:\/\/www.neuromokslai.lt\/#website\",\"url\":\"https:\/\/www.neuromokslai.lt\/\",\"name\":\"neuromokslai.lt\",\"description\":\"Lietuvos neuromoksl\u0173 asociacija\",\"potentialAction\":[{\"@type\":\"SearchAction\",\"target\":{\"@type\":\"EntryPoint\",\"urlTemplate\":\"https:\/\/www.neuromokslai.lt\/?s={search_term_string}\"},\"query-input\":{\"@type\":\"PropertyValueSpecification\",\"valueRequired\":true,\"valueName\":\"search_term_string\"}}],\"inLanguage\":\"en-US\"}]}<\/script>\n<!-- \/ Yoast SEO plugin. -->","yoast_head_json":{"title":"LNA conference (2020) - neuromokslai.lt","robots":{"index":"index","follow":"follow","max-snippet":"max-snippet:-1","max-image-preview":"max-image-preview:large","max-video-preview":"max-video-preview:-1"},"canonical":"https:\/\/www.neuromokslai.lt\/en\/conferences\/lna-conference-2020\/","og_locale":"en_US","og_type":"article","og_title":"LNA conference (2020) - neuromokslai.lt","og_description":"The 12TH\u00a0CONFERENCE OF THE LITHUANIAN NEUROSCIENCE ASSOCIATION November 6th, 2020 &nbsp; The satellite Symposiums: Problematic Internet Use and Behavioral Addictions\u00a0&#8211; November 5th, 2020 WEBINAR\u00a0 &#8220;From emotion perception to regulation: workshop on socio-emotional functions&#8221;\u00a0and\u00a0PUBLIC EVENT &#8220;Why does my dog \u200b\u200bunderstand what I feel and you don&#8217;t?&#8221;\u00a0&#8211; November\u00a05th, 2020 &nbsp; CONFERENCE PROGRAM ABSTRACT BOOK Winners of the [&hellip;]","og_url":"https:\/\/www.neuromokslai.lt\/en\/conferences\/lna-conference-2020\/","og_site_name":"neuromokslai.lt","article_modified_time":"2022-10-27T12:16:45+00:00","twitter_card":"summary_large_image","twitter_misc":{"Est. reading time":"1 minute"},"schema":{"@context":"https:\/\/schema.org","@graph":[{"@type":"WebPage","@id":"https:\/\/www.neuromokslai.lt\/en\/conferences\/lna-conference-2020\/","url":"https:\/\/www.neuromokslai.lt\/en\/conferences\/lna-conference-2020\/","name":"LNA conference (2020) - neuromokslai.lt","isPartOf":{"@id":"https:\/\/www.neuromokslai.lt\/#website"},"datePublished":"2021-09-14T09:21:47+00:00","dateModified":"2022-10-27T12:16:45+00:00","breadcrumb":{"@id":"https:\/\/www.neuromokslai.lt\/en\/conferences\/lna-conference-2020\/#breadcrumb"},"inLanguage":"en-US","potentialAction":[{"@type":"ReadAction","target":["https:\/\/www.neuromokslai.lt\/en\/conferences\/lna-conference-2020\/"]}]},{"@type":"BreadcrumbList","@id":"https:\/\/www.neuromokslai.lt\/en\/conferences\/lna-conference-2020\/#breadcrumb","itemListElement":[{"@type":"ListItem","position":1,"name":"Home","item":"https:\/\/www.neuromokslai.lt\/en\/"},{"@type":"ListItem","position":2,"name":"Conferences","item":"https:\/\/www.neuromokslai.lt\/en\/conferences\/"},{"@type":"ListItem","position":3,"name":"LNA conference (2020)"}]},{"@type":"WebSite","@id":"https:\/\/www.neuromokslai.lt\/#website","url":"https:\/\/www.neuromokslai.lt\/","name":"neuromokslai.lt","description":"Lietuvos neuromoksl\u0173 asociacija","potentialAction":[{"@type":"SearchAction","target":{"@type":"EntryPoint","urlTemplate":"https:\/\/www.neuromokslai.lt\/?s={search_term_string}"},"query-input":{"@type":"PropertyValueSpecification","valueRequired":true,"valueName":"search_term_string"}}],"inLanguage":"en-US"}]}},"_links":{"self":[{"href":"https:\/\/www.neuromokslai.lt\/en\/wp-json\/wp\/v2\/pages\/1025"}],"collection":[{"href":"https:\/\/www.neuromokslai.lt\/en\/wp-json\/wp\/v2\/pages"}],"about":[{"href":"https:\/\/www.neuromokslai.lt\/en\/wp-json\/wp\/v2\/types\/page"}],"author":[{"embeddable":true,"href":"https:\/\/www.neuromokslai.lt\/en\/wp-json\/wp\/v2\/users\/1"}],"replies":[{"embeddable":true,"href":"https:\/\/www.neuromokslai.lt\/en\/wp-json\/wp\/v2\/comments?post=1025"}],"version-history":[{"count":3,"href":"https:\/\/www.neuromokslai.lt\/en\/wp-json\/wp\/v2\/pages\/1025\/revisions"}],"predecessor-version":[{"id":2027,"href":"https:\/\/www.neuromokslai.lt\/en\/wp-json\/wp\/v2\/pages\/1025\/revisions\/2027"}],"up":[{"embeddable":true,"href":"https:\/\/www.neuromokslai.lt\/en\/wp-json\/wp\/v2\/pages\/888"}],"wp:attachment":[{"href":"https:\/\/www.neuromokslai.lt\/en\/wp-json\/wp\/v2\/media?parent=1025"}],"curies":[{"name":"wp","href":"https:\/\/api.w.org\/{rel}","templated":true}]}}