{"id":846,"date":"2021-06-28T15:23:06","date_gmt":"2021-06-28T15:23:06","guid":{"rendered":"http:\/\/www5023.vu.lt\/apie-lna\/"},"modified":"2025-10-27T13:26:31","modified_gmt":"2025-10-27T13:26:31","slug":"about-lna","status":"publish","type":"page","link":"https:\/\/www.neuromokslai.lt\/en\/about-lna\/","title":{"rendered":"About LNA"},"content":{"rendered":"<p><strong>Lithuanian Neuroscience Association (LNA)<\/strong> is non-profit organisation and unites all persons and institutions interested in neurosciences. LNA is discretionary legal entity with limited civil responsibility.<\/p>\n<p>Main goals of the LNA \u2013 experimental and theoretical research of neural system and education development, propagation of prime neuroscience achievements, assistance to Association members in fulfilling their professional interests, development of connections with foreign scientists, organization of various scientific and public events.<\/p>\n<p>Lithuanian Neuroscience Association has been founded on 20 January 2004. In 2008 LNA joined FENS (Federation of European Neuroscience Societies).<\/p>\n<p>In 2017 joined IBRO (International Brain Research Organization).<\/p>\n<p><strong>LNA members are from:<\/strong><\/p>\n<ul>\n<li>Vilnius University<\/li>\n<li>Lithuanian University of Health Sciences<\/li>\n<li>Vytautas Magnus University<\/li>\n<li>Mykolas Romeris University<\/li>\n<li>Vilnius Gediminas Technical University<\/li>\n<li>Vilnius University Emergency Hospital<\/li>\n<li>Republican Vilnius Psychiatric Hospital<\/li>\n<li>Lithuanian Society of Psychiatry<\/li>\n<li><span class=\"tm6\">National cancer institute, Vilnius<\/span><\/li>\n<li>University of Houston, USA<\/li>\n<li>University of Eastern Finland<\/li>\n<li><span class=\"tm6\">Nencki Institute, Poland<\/span><\/li>\n<li><span class=\"tm6\">Thermo Fisher Scientific Baltics<\/span><\/li>\n<li>Sicor<\/li>\n<li>Biotech<\/li>\n<li>Teva<\/li>\n<\/ul>\n<p>&nbsp;<\/p>\n<p><strong>Head of LNA <\/strong>&#8211; Prof. Inga Gri\u0161kova-Bulanova, Vilnius University, Vilnius \u00a0<\/p>\n<p><strong>LNA Board members:<\/strong><\/p>\n<ul>\n<li><strong>Chair of the Board<\/strong> &#8211; Prof. Urt\u0117 Neni\u0161kyt\u0117,\u00a0Vilnius University, Vilnius<\/li>\n<li class=\"x_MsoNormal\"><strong>Treasurer<\/strong> \u2013\u00a0Assoc. Prof. Ramun\u0117 Grik\u0161ien\u0117, Vilnius University, Vilnius<\/li>\n<li class=\"x_MsoNormal\">Prof. Aidas Alaburda,\u00a0Vilnius University, Vilnius<\/li>\n<li class=\"x_MsoNormal\">Prof.\u00a0Vilmant\u0117 Borutait\u0117, Lithuanian University of Health Sciences, Kaunas<\/li>\n<li class=\"x_MsoNormal\">Prof.\u00a0Saulius \u0160atkauskas,\u00a0Vytautas Magnus University, Kaunas<\/li>\n<li>Prof. Osvaldas Ruk\u0161\u0117nas, Vilnius University, Vilnius<\/li>\n<li>Aurelijus Burokas, PhD, Vilnius Universitety, Vilnius<\/li>\n<li>Assoc. Prof. Robertas Guzulaitis, Vilnius Universitety, Vilnius<\/li>\n<\/ul>\n<p><strong>Revisor<\/strong> &#8211; Assoc. Prof. \u00a0Mindaugas Mitkus, Vilnius University, Vilnius<\/p>\n<p><strong>Administrators:<\/strong><\/p>\n<ul>\n<li>Sigita M\u0117lynyt\u0117, PhD, Vilnius University, Vilnius<\/li>\n<li>Igor Nagula, Vilnius University, Vilnius<\/li>\n<\/ul>\n","protected":false},"excerpt":{"rendered":"<p>Lithuanian Neuroscience Association (LNA) is non-profit organisation and unites all persons and institutions interested in neurosciences. LNA is discretionary legal entity with limited civil responsibility. Main goals of the LNA \u2013 experimental and theoretical research of neural system and education development, propagation of prime neuroscience achievements, assistance to Association members in fulfilling their professional interests, [&hellip;]<\/p>\n","protected":false},"author":1,"featured_media":0,"parent":0,"menu_order":0,"comment_status":"closed","ping_status":"closed","template":"","meta":{"_acf_changed":false,"footnotes":""},"class_list":["post-846","page","type-page","status-publish","hentry"],"acf":[],"yoast_head":"<!-- This site is optimized with the Yoast SEO plugin v24.3 - https:\/\/yoast.com\/wordpress\/plugins\/seo\/ -->\n<title>About LNA - neuromokslai.lt<\/title>\n<meta name=\"robots\" content=\"index, follow, max-snippet:-1, max-image-preview:large, max-video-preview:-1\" \/>\n<link rel=\"canonical\" href=\"https:\/\/www.neuromokslai.lt\/en\/about-lna\/\" \/>\n<meta property=\"og:locale\" content=\"en_US\" \/>\n<meta property=\"og:type\" content=\"article\" \/>\n<meta property=\"og:title\" content=\"About LNA - neuromokslai.lt\" \/>\n<meta property=\"og:description\" content=\"Lithuanian Neuroscience Association (LNA) is non-profit organisation and unites all persons and institutions interested in neurosciences. LNA is discretionary legal entity with limited civil responsibility. Main goals of the LNA \u2013 experimental and theoretical research of neural system and education development, propagation of prime neuroscience achievements, assistance to Association members in fulfilling their professional interests, [&hellip;]\" \/>\n<meta property=\"og:url\" content=\"https:\/\/www.neuromokslai.lt\/en\/about-lna\/\" \/>\n<meta property=\"og:site_name\" content=\"neuromokslai.lt\" \/>\n<meta property=\"article:modified_time\" content=\"2025-10-27T13:26:31+00:00\" \/>\n<meta name=\"twitter:card\" content=\"summary_large_image\" \/>\n<meta name=\"twitter:label1\" content=\"Est. reading time\" \/>\n\t<meta name=\"twitter:data1\" content=\"2 minutes\" \/>\n<script type=\"application\/ld+json\" class=\"yoast-schema-graph\">{\"@context\":\"https:\/\/schema.org\",\"@graph\":[{\"@type\":\"WebPage\",\"@id\":\"https:\/\/www.neuromokslai.lt\/en\/about-lna\/\",\"url\":\"https:\/\/www.neuromokslai.lt\/en\/about-lna\/\",\"name\":\"About LNA - neuromokslai.lt\",\"isPartOf\":{\"@id\":\"https:\/\/www.neuromokslai.lt\/#website\"},\"datePublished\":\"2021-06-28T15:23:06+00:00\",\"dateModified\":\"2025-10-27T13:26:31+00:00\",\"breadcrumb\":{\"@id\":\"https:\/\/www.neuromokslai.lt\/en\/about-lna\/#breadcrumb\"},\"inLanguage\":\"en-US\",\"potentialAction\":[{\"@type\":\"ReadAction\",\"target\":[\"https:\/\/www.neuromokslai.lt\/en\/about-lna\/\"]}]},{\"@type\":\"BreadcrumbList\",\"@id\":\"https:\/\/www.neuromokslai.lt\/en\/about-lna\/#breadcrumb\",\"itemListElement\":[{\"@type\":\"ListItem\",\"position\":1,\"name\":\"Home\",\"item\":\"https:\/\/www.neuromokslai.lt\/en\/\"},{\"@type\":\"ListItem\",\"position\":2,\"name\":\"About LNA\"}]},{\"@type\":\"WebSite\",\"@id\":\"https:\/\/www.neuromokslai.lt\/#website\",\"url\":\"https:\/\/www.neuromokslai.lt\/\",\"name\":\"neuromokslai.lt\",\"description\":\"Lietuvos neuromoksl\u0173 asociacija\",\"potentialAction\":[{\"@type\":\"SearchAction\",\"target\":{\"@type\":\"EntryPoint\",\"urlTemplate\":\"https:\/\/www.neuromokslai.lt\/?s={search_term_string}\"},\"query-input\":{\"@type\":\"PropertyValueSpecification\",\"valueRequired\":true,\"valueName\":\"search_term_string\"}}],\"inLanguage\":\"en-US\"}]}<\/script>\n<!-- \/ Yoast SEO plugin. -->","yoast_head_json":{"title":"About LNA - neuromokslai.lt","robots":{"index":"index","follow":"follow","max-snippet":"max-snippet:-1","max-image-preview":"max-image-preview:large","max-video-preview":"max-video-preview:-1"},"canonical":"https:\/\/www.neuromokslai.lt\/en\/about-lna\/","og_locale":"en_US","og_type":"article","og_title":"About LNA - neuromokslai.lt","og_description":"Lithuanian Neuroscience Association (LNA) is non-profit organisation and unites all persons and institutions interested in neurosciences. LNA is discretionary legal entity with limited civil responsibility. Main goals of the LNA \u2013 experimental and theoretical research of neural system and education development, propagation of prime neuroscience achievements, assistance to Association members in fulfilling their professional interests, [&hellip;]","og_url":"https:\/\/www.neuromokslai.lt\/en\/about-lna\/","og_site_name":"neuromokslai.lt","article_modified_time":"2025-10-27T13:26:31+00:00","twitter_card":"summary_large_image","twitter_misc":{"Est. reading time":"2 minutes"},"schema":{"@context":"https:\/\/schema.org","@graph":[{"@type":"WebPage","@id":"https:\/\/www.neuromokslai.lt\/en\/about-lna\/","url":"https:\/\/www.neuromokslai.lt\/en\/about-lna\/","name":"About LNA - neuromokslai.lt","isPartOf":{"@id":"https:\/\/www.neuromokslai.lt\/#website"},"datePublished":"2021-06-28T15:23:06+00:00","dateModified":"2025-10-27T13:26:31+00:00","breadcrumb":{"@id":"https:\/\/www.neuromokslai.lt\/en\/about-lna\/#breadcrumb"},"inLanguage":"en-US","potentialAction":[{"@type":"ReadAction","target":["https:\/\/www.neuromokslai.lt\/en\/about-lna\/"]}]},{"@type":"BreadcrumbList","@id":"https:\/\/www.neuromokslai.lt\/en\/about-lna\/#breadcrumb","itemListElement":[{"@type":"ListItem","position":1,"name":"Home","item":"https:\/\/www.neuromokslai.lt\/en\/"},{"@type":"ListItem","position":2,"name":"About LNA"}]},{"@type":"WebSite","@id":"https:\/\/www.neuromokslai.lt\/#website","url":"https:\/\/www.neuromokslai.lt\/","name":"neuromokslai.lt","description":"Lietuvos neuromoksl\u0173 asociacija","potentialAction":[{"@type":"SearchAction","target":{"@type":"EntryPoint","urlTemplate":"https:\/\/www.neuromokslai.lt\/?s={search_term_string}"},"query-input":{"@type":"PropertyValueSpecification","valueRequired":true,"valueName":"search_term_string"}}],"inLanguage":"en-US"}]}},"_links":{"self":[{"href":"https:\/\/www.neuromokslai.lt\/en\/wp-json\/wp\/v2\/pages\/846"}],"collection":[{"href":"https:\/\/www.neuromokslai.lt\/en\/wp-json\/wp\/v2\/pages"}],"about":[{"href":"https:\/\/www.neuromokslai.lt\/en\/wp-json\/wp\/v2\/types\/page"}],"author":[{"embeddable":true,"href":"https:\/\/www.neuromokslai.lt\/en\/wp-json\/wp\/v2\/users\/1"}],"replies":[{"embeddable":true,"href":"https:\/\/www.neuromokslai.lt\/en\/wp-json\/wp\/v2\/comments?post=846"}],"version-history":[{"count":17,"href":"https:\/\/www.neuromokslai.lt\/en\/wp-json\/wp\/v2\/pages\/846\/revisions"}],"predecessor-version":[{"id":4033,"href":"https:\/\/www.neuromokslai.lt\/en\/wp-json\/wp\/v2\/pages\/846\/revisions\/4033"}],"wp:attachment":[{"href":"https:\/\/www.neuromokslai.lt\/en\/wp-json\/wp\/v2\/media?parent=846"}],"curies":[{"name":"wp","href":"https:\/\/api.w.org\/{rel}","templated":true}]}}