{"id":892,"date":"2021-06-28T15:26:36","date_gmt":"2021-06-28T15:26:36","guid":{"rendered":"http:\/\/www5023.vu.lt\/fondai\/"},"modified":"2021-10-01T15:42:37","modified_gmt":"2021-10-01T15:42:37","slug":"funds","status":"publish","type":"page","link":"https:\/\/www.neuromokslai.lt\/en\/funds\/","title":{"rendered":"Funds"},"content":{"rendered":"<p><strong>Lietuvos valstybinis studij\u0173 fondas<\/strong><br \/>\n<a href=\"http:\/\/www.vsf.lt\/\" target=\"_blank\" rel=\"noopener\">http:\/\/www.vsf.lt\/<\/a><\/p>\n<p><strong>Tarptautini\u0173 mokslo ir technologij\u0173 pl\u0117tros program\u0173 agent\u016bra<\/strong><br \/>\n<a href=\"http:\/\/www.tpa.lt\" target=\"_blank\" rel=\"noopener\">http:\/\/www.tpa.lt<\/a><\/p>\n<p><strong>IBRO (International Brain Research Organization)<\/strong><br \/>\n<a href=\"https:\/\/ibro.org\/\" target=\"_blank\" rel=\"noopener\">https:\/\/ibro.org\/<\/a><\/p>\n<p><strong>European Commission FP7<\/strong><br \/>\n<a href=\"http:\/\/cordis.europa.eu\/fp7\/\" target=\"_blank\" rel=\"noopener\">http:\/\/cordis.europa.eu\/fp7\/<\/a><\/p>\n","protected":false},"excerpt":{"rendered":"<p>Lietuvos valstybinis studij\u0173 fondas http:\/\/www.vsf.lt\/ Tarptautini\u0173 mokslo ir technologij\u0173 pl\u0117tros program\u0173 agent\u016bra http:\/\/www.tpa.lt IBRO (International Brain Research Organization) https:\/\/ibro.org\/ European Commission FP7 http:\/\/cordis.europa.eu\/fp7\/<\/p>\n","protected":false},"author":1,"featured_media":0,"parent":0,"menu_order":0,"comment_status":"closed","ping_status":"closed","template":"","meta":{"_acf_changed":false,"footnotes":""},"class_list":["post-892","page","type-page","status-publish","hentry"],"acf":[],"yoast_head":"<!-- This site is optimized with the Yoast SEO plugin v24.3 - https:\/\/yoast.com\/wordpress\/plugins\/seo\/ -->\n<title>Funds - neuromokslai.lt<\/title>\n<meta name=\"robots\" content=\"index, follow, max-snippet:-1, max-image-preview:large, max-video-preview:-1\" \/>\n<link rel=\"canonical\" href=\"https:\/\/www.neuromokslai.lt\/en\/funds\/\" \/>\n<meta property=\"og:locale\" content=\"en_US\" \/>\n<meta property=\"og:type\" content=\"article\" \/>\n<meta property=\"og:title\" content=\"Funds - neuromokslai.lt\" \/>\n<meta property=\"og:description\" content=\"Lietuvos valstybinis studij\u0173 fondas http:\/\/www.vsf.lt\/ Tarptautini\u0173 mokslo ir technologij\u0173 pl\u0117tros program\u0173 agent\u016bra http:\/\/www.tpa.lt IBRO (International Brain Research Organization) https:\/\/ibro.org\/ European Commission FP7 http:\/\/cordis.europa.eu\/fp7\/\" \/>\n<meta property=\"og:url\" content=\"https:\/\/www.neuromokslai.lt\/en\/funds\/\" \/>\n<meta property=\"og:site_name\" content=\"neuromokslai.lt\" \/>\n<meta property=\"article:modified_time\" content=\"2021-10-01T15:42:37+00:00\" \/>\n<meta name=\"twitter:card\" content=\"summary_large_image\" \/>\n<script type=\"application\/ld+json\" class=\"yoast-schema-graph\">{\"@context\":\"https:\/\/schema.org\",\"@graph\":[{\"@type\":\"WebPage\",\"@id\":\"https:\/\/www.neuromokslai.lt\/en\/funds\/\",\"url\":\"https:\/\/www.neuromokslai.lt\/en\/funds\/\",\"name\":\"Funds - neuromokslai.lt\",\"isPartOf\":{\"@id\":\"https:\/\/www.neuromokslai.lt\/#website\"},\"datePublished\":\"2021-06-28T15:26:36+00:00\",\"dateModified\":\"2021-10-01T15:42:37+00:00\",\"breadcrumb\":{\"@id\":\"https:\/\/www.neuromokslai.lt\/en\/funds\/#breadcrumb\"},\"inLanguage\":\"en-US\",\"potentialAction\":[{\"@type\":\"ReadAction\",\"target\":[\"https:\/\/www.neuromokslai.lt\/en\/funds\/\"]}]},{\"@type\":\"BreadcrumbList\",\"@id\":\"https:\/\/www.neuromokslai.lt\/en\/funds\/#breadcrumb\",\"itemListElement\":[{\"@type\":\"ListItem\",\"position\":1,\"name\":\"Home\",\"item\":\"https:\/\/www.neuromokslai.lt\/en\/\"},{\"@type\":\"ListItem\",\"position\":2,\"name\":\"Funds\"}]},{\"@type\":\"WebSite\",\"@id\":\"https:\/\/www.neuromokslai.lt\/#website\",\"url\":\"https:\/\/www.neuromokslai.lt\/\",\"name\":\"neuromokslai.lt\",\"description\":\"Lietuvos neuromoksl\u0173 asociacija\",\"potentialAction\":[{\"@type\":\"SearchAction\",\"target\":{\"@type\":\"EntryPoint\",\"urlTemplate\":\"https:\/\/www.neuromokslai.lt\/?s={search_term_string}\"},\"query-input\":{\"@type\":\"PropertyValueSpecification\",\"valueRequired\":true,\"valueName\":\"search_term_string\"}}],\"inLanguage\":\"en-US\"}]}<\/script>\n<!-- \/ Yoast SEO plugin. -->","yoast_head_json":{"title":"Funds - neuromokslai.lt","robots":{"index":"index","follow":"follow","max-snippet":"max-snippet:-1","max-image-preview":"max-image-preview:large","max-video-preview":"max-video-preview:-1"},"canonical":"https:\/\/www.neuromokslai.lt\/en\/funds\/","og_locale":"en_US","og_type":"article","og_title":"Funds - neuromokslai.lt","og_description":"Lietuvos valstybinis studij\u0173 fondas http:\/\/www.vsf.lt\/ Tarptautini\u0173 mokslo ir technologij\u0173 pl\u0117tros program\u0173 agent\u016bra http:\/\/www.tpa.lt IBRO (International Brain Research Organization) https:\/\/ibro.org\/ European Commission FP7 http:\/\/cordis.europa.eu\/fp7\/","og_url":"https:\/\/www.neuromokslai.lt\/en\/funds\/","og_site_name":"neuromokslai.lt","article_modified_time":"2021-10-01T15:42:37+00:00","twitter_card":"summary_large_image","schema":{"@context":"https:\/\/schema.org","@graph":[{"@type":"WebPage","@id":"https:\/\/www.neuromokslai.lt\/en\/funds\/","url":"https:\/\/www.neuromokslai.lt\/en\/funds\/","name":"Funds - neuromokslai.lt","isPartOf":{"@id":"https:\/\/www.neuromokslai.lt\/#website"},"datePublished":"2021-06-28T15:26:36+00:00","dateModified":"2021-10-01T15:42:37+00:00","breadcrumb":{"@id":"https:\/\/www.neuromokslai.lt\/en\/funds\/#breadcrumb"},"inLanguage":"en-US","potentialAction":[{"@type":"ReadAction","target":["https:\/\/www.neuromokslai.lt\/en\/funds\/"]}]},{"@type":"BreadcrumbList","@id":"https:\/\/www.neuromokslai.lt\/en\/funds\/#breadcrumb","itemListElement":[{"@type":"ListItem","position":1,"name":"Home","item":"https:\/\/www.neuromokslai.lt\/en\/"},{"@type":"ListItem","position":2,"name":"Funds"}]},{"@type":"WebSite","@id":"https:\/\/www.neuromokslai.lt\/#website","url":"https:\/\/www.neuromokslai.lt\/","name":"neuromokslai.lt","description":"Lietuvos neuromoksl\u0173 asociacija","potentialAction":[{"@type":"SearchAction","target":{"@type":"EntryPoint","urlTemplate":"https:\/\/www.neuromokslai.lt\/?s={search_term_string}"},"query-input":{"@type":"PropertyValueSpecification","valueRequired":true,"valueName":"search_term_string"}}],"inLanguage":"en-US"}]}},"_links":{"self":[{"href":"https:\/\/www.neuromokslai.lt\/en\/wp-json\/wp\/v2\/pages\/892"}],"collection":[{"href":"https:\/\/www.neuromokslai.lt\/en\/wp-json\/wp\/v2\/pages"}],"about":[{"href":"https:\/\/www.neuromokslai.lt\/en\/wp-json\/wp\/v2\/types\/page"}],"author":[{"embeddable":true,"href":"https:\/\/www.neuromokslai.lt\/en\/wp-json\/wp\/v2\/users\/1"}],"replies":[{"embeddable":true,"href":"https:\/\/www.neuromokslai.lt\/en\/wp-json\/wp\/v2\/comments?post=892"}],"version-history":[{"count":2,"href":"https:\/\/www.neuromokslai.lt\/en\/wp-json\/wp\/v2\/pages\/892\/revisions"}],"predecessor-version":[{"id":1048,"href":"https:\/\/www.neuromokslai.lt\/en\/wp-json\/wp\/v2\/pages\/892\/revisions\/1048"}],"wp:attachment":[{"href":"https:\/\/www.neuromokslai.lt\/en\/wp-json\/wp\/v2\/media?parent=892"}],"curies":[{"name":"wp","href":"https:\/\/api.w.org\/{rel}","templated":true}]}}