{"id":949,"date":"2021-07-16T09:13:21","date_gmt":"2021-07-16T09:13:21","guid":{"rendered":"http:\/\/www5023.vu.lt\/conferences\/i-oji-moksline-lna-konferencija-2009\/"},"modified":"2021-09-13T18:06:40","modified_gmt":"2021-09-13T18:06:40","slug":"lna-conference-2009","status":"publish","type":"page","link":"https:\/\/www.neuromokslai.lt\/en\/conferences\/lna-conference-2009\/","title":{"rendered":"LNA conference (2009)"},"content":{"rendered":"<p><strong>I-oji mokslin\u0117 LNA konferencija (2009)<\/strong><br \/>\nPIRMOJI MOKSLIN\u0116 LIETUVOS NEUROMOKSL\u0172 ASOCIACIJOS KONFERENCIJA<\/p>\n<p>&#8220;Nerv\u0173 sistemos tyrimai Lietuvoje&#8221;, 2009 m. lapkri\u010dio 20 d., Vilnius<\/p>\n<p>PROGRAMA. PRANE\u0160IM\u0172 MED\u017dIAGA.<\/p>\n<p>09.30 \u2013 10.00 Registracija<\/p>\n<p>Rytin\u0117 sesija (pirmininkauja O. Ruk\u0161\u0117nas)<\/p>\n<p>10.00 \u2013 10.10 \u012evadinis \u017eodis. O. Ruk\u0161\u0117nas<\/p>\n<p>10.10 \u2013 10.30 Neinvaziniai galvos smegen\u0173 kraujotakos ir t\u016brin\u0117s tolerancijos tyrimai. S. Ro\u010dka<\/p>\n<p>10.30 \u2013 10.50 Alzheimerio ligos ir kit\u0173 demencij\u0173 tyrim\u0173 kryptys ir problematika. G. Kaubrys, V. Budrys, A. Vaitkevi\u010dius, J. Kuzmickien\u0117.<\/p>\n<p>10.50 \u2013 11.10 Akies \u0161uoli\u0173 formavimo neurofiziologiniai modeliai. V. Laurutis, G. Daunys<\/p>\n<p>11.10 \u2013 11.30 Nuovargis ir koronarin\u0117 \u0161irdies liga. A. Stankus<\/p>\n<p>11.30 \u2013 11.40 Kavos pertrauka<\/p>\n<p>11.40 \u2013 12.00 Neuromorfologijos raida Kaune. I. Saburkina, D. H. Pau\u017ea.<\/p>\n<p>12.00 \u2013 12.20 \u017dmogaus nevaling\u0173 motorini\u0173 reakcij\u0173 priklausomyb\u0117s nuo regimojo vaizdo suvokimo tyrimas. H. P. Vaitkevi\u010dius, A. \u0160veg\u017eda, R. Stanik\u016bnas<\/p>\n<p>12.20 \u2013 12.40 Galvos smegen\u0173 neurofiziologiniai tyrimai Respublikin\u0117s Vilniaus psichiatrijos ligonin\u0117s elektrofiziologini\u0173 tyrim\u0173 ir gydymo metod\u0173 skyriuje. K. Dap\u0161ys<\/p>\n<p>12.40 \u2013 13.00 Kalcio jon\u0173 \u012ftaka sensorini\u0173 neuron\u0173 vystymuisi ir j\u0173 atsakams \u012f semaforinus. S. \u0160atkauskas, R. Treinys.<\/p>\n<p>13.00 \u2013 13.45 Piet\u0173 pertrauka.<\/p>\n<p>Popietin\u0117 sesija (pirmininkauja A. Alaburda)<\/p>\n<p>13.45 \u2013 14.00 Varl\u0117s tektumo kolon\u0117l\u0117s neuron\u0173 vir\u0161slenkstinio su\u017eadinimo mechanizmai. A. Baginskas, A. Kuras.<\/p>\n<p>14.00 \u2013 14.15 Regos signal\u0173 integravimo tyrimas varl\u0117s tektume. G. Svirskis, N. Svirskiene, N. Gutmanien\u0117.<\/p>\n<p>14.15 \u2013 14.30 Papildomi distraktoriai kei\u010dia ilgio iliuzij\u0105. A.Gutauskas, A. Bulatov, A.Bertulis.<\/p>\n<p>14.30 \u2013 14.45 Apskritimo lankai Miulerio-Lajerio tipo ilgio iliuzijoje. L. Mickien\u0117, A. Bulatov, A. Bertulis, A. Bielevi\u010dius.<\/p>\n<p>14.45 \u2013 15.00 Oppel-Kundt geometrin\u0117 iliuzija. T. Surkys, A. Bertulis, A. Bulatov<\/p>\n<p>15.00 \u2013 15.15 Nuo u\u017eduoties priklausoma klausos sukeltojo P50 potencialo moduliacija. I. Gri\u0161kova-Bulanova, J. Pa\u0161kevi\u010d, I. Iljinychas, O. Ruk\u0161\u0117nas, V. Ma\u010diulis.<\/p>\n<p>15.15 \u2013 15.30 Kavos pertrauka<\/p>\n<p>15.30 \u2013 15.45 Hormonin\u0117s kontracepcijos poveikis jaun\u0173 moter\u0173 kognityvin\u0117ms funkcijoms. R. Grik\u0161ien\u0117, O. Ruk\u0161\u0117nas.<\/p>\n<p>15.45 \u2013 16.00 Lyties \u012ftaka emocijas sukelian\u010di\u0173 vaizd\u0173 vertinimui. L. Ma\u010diukait\u0117, O. Ruk\u0161\u0117nas.<\/p>\n<p>16.00 \u2013 16.15 \u017diurk\u0117s regos sistemos tyrimai. A. Vai\u010deli\u016bnait\u0117, O. Ruk\u0161\u0117nas.<\/p>\n<p>16.15 \u2013 16.30 Acetilcholino \u012ftaka bioelektrini\u0173 signal\u0173 perdavimui augalin\u0117se l\u0105stel\u0117se. O. Sevriukova, V. Sakalauskas, V. Kisnierien\u0117.<\/p>\n<p>16.30 \u2013 16.45 V\u0117\u017elio motoneuron\u0173 aktyvavimas kasymosi ir plaukimo metu. R. Guzulaitis, A. Alaburda.<\/p>\n<p>16.45 \u2013 17.00 Sk\u0117rio sparno vyrio tempimo receptoriaus atsistatymas po adaptacijos. R. Bui\u0161as, R. Guzulaitis, A. Alaburda.<\/p>\n<p>17.00 \u2013 17.15 Sk\u0117rio sparno vyrio tempimo receptoriaus atsakas sparnui judant. V. Steponkus, A. Alaburda<\/p>\n<p>17.15 \u2013 17.30 Neuroetika. S. Noreika<\/p>\n<p>&nbsp;<\/p>\n<div class=\"su-custom-gallery su-custom-gallery-align-left su-custom-gallery-title-never su-lightbox-gallery\"><div class=\"su-custom-gallery-slide\" style=\"width:200px;height:200px\"><a href=\"https:\/\/www.neuromokslai.lt\/wp-content\/uploads\/2021\/07\/1321890018_11-20-2009-5-42-23-pm-0171.jpg\" title=\"1321890018_11-20-2009-5-42-23-pm-0171\"><img loading=\"lazy\" decoding=\"async\" src=\"https:\/\/www.neuromokslai.lt\/wp-content\/uploads\/2021\/07\/1321890018_11-20-2009-5-42-23-pm-0171-200x200.jpg\" alt=\"1321890018_11-20-2009-5-42-23-pm-0171\" width=\"200\" height=\"200\" \/><span class=\"su-custom-gallery-title\">1321890018_11-20-2009-5-42-23-pm-0171<\/span><\/a><\/div><div class=\"su-custom-gallery-slide\" style=\"width:200px;height:200px\"><a href=\"https:\/\/www.neuromokslai.lt\/wp-content\/uploads\/2021\/07\/1321890018_11-20-2009-10-03-06-am-0018.jpg\" title=\"1321890018_11-20-2009-10-03-06-am-0018\"><img loading=\"lazy\" decoding=\"async\" src=\"https:\/\/www.neuromokslai.lt\/wp-content\/uploads\/2021\/07\/1321890018_11-20-2009-10-03-06-am-0018-200x200.jpg\" alt=\"1321890018_11-20-2009-10-03-06-am-0018\" width=\"200\" height=\"200\" \/><span class=\"su-custom-gallery-title\">1321890018_11-20-2009-10-03-06-am-0018<\/span><\/a><\/div><div class=\"su-custom-gallery-slide\" style=\"width:200px;height:200px\"><a href=\"https:\/\/www.neuromokslai.lt\/wp-content\/uploads\/2021\/07\/1321890529_lna-konf4.jpg\" title=\"1321890529_lna-konf4\"><img loading=\"lazy\" decoding=\"async\" src=\"https:\/\/www.neuromokslai.lt\/wp-content\/uploads\/2021\/07\/1321890529_lna-konf4-200x200.jpg\" alt=\"1321890529_lna-konf4\" width=\"200\" height=\"200\" \/><span class=\"su-custom-gallery-title\">1321890529_lna-konf4<\/span><\/a><\/div><div class=\"su-custom-gallery-slide\" style=\"width:200px;height:200px\"><a href=\"https:\/\/www.neuromokslai.lt\/wp-content\/uploads\/2021\/07\/1321890529_lna-konf5.jpg\" title=\"1321890529_lna-konf5\"><img loading=\"lazy\" decoding=\"async\" src=\"https:\/\/www.neuromokslai.lt\/wp-content\/uploads\/2021\/07\/1321890529_lna-konf5-200x200.jpg\" alt=\"1321890529_lna-konf5\" width=\"200\" height=\"200\" \/><span class=\"su-custom-gallery-title\">1321890529_lna-konf5<\/span><\/a><\/div><div class=\"su-custom-gallery-slide\" style=\"width:200px;height:200px\"><a href=\"https:\/\/www.neuromokslai.lt\/wp-content\/uploads\/2021\/07\/1321890636_lna-konf6.jpg\" title=\"1321890636_lna-konf6\"><img loading=\"lazy\" decoding=\"async\" src=\"https:\/\/www.neuromokslai.lt\/wp-content\/uploads\/2021\/07\/1321890636_lna-konf6-200x200.jpg\" alt=\"1321890636_lna-konf6\" width=\"200\" height=\"200\" \/><span class=\"su-custom-gallery-title\">1321890636_lna-konf6<\/span><\/a><\/div><div class=\"su-custom-gallery-slide\" style=\"width:200px;height:200px\"><a href=\"https:\/\/www.neuromokslai.lt\/wp-content\/uploads\/2021\/07\/1321890636_lna-konf8.jpg\" title=\"1321890636_lna-konf8\"><img loading=\"lazy\" decoding=\"async\" src=\"https:\/\/www.neuromokslai.lt\/wp-content\/uploads\/2021\/07\/1321890636_lna-konf8-200x200.jpg\" alt=\"1321890636_lna-konf8\" width=\"200\" height=\"200\" \/><span class=\"su-custom-gallery-title\">1321890636_lna-konf8<\/span><\/a><\/div><div class=\"su-custom-gallery-slide\" style=\"width:200px;height:200px\"><a href=\"https:\/\/www.neuromokslai.lt\/wp-content\/uploads\/2021\/07\/1321890636_lna-konf9.jpg\" title=\"1321890636_lna-konf9\"><img loading=\"lazy\" decoding=\"async\" src=\"https:\/\/www.neuromokslai.lt\/wp-content\/uploads\/2021\/07\/1321890636_lna-konf9-200x200.jpg\" alt=\"1321890636_lna-konf9\" width=\"200\" height=\"200\" \/><span class=\"su-custom-gallery-title\">1321890636_lna-konf9<\/span><\/a><\/div><div class=\"su-custom-gallery-slide\" style=\"width:200px;height:200px\"><a href=\"https:\/\/www.neuromokslai.lt\/wp-content\/uploads\/2021\/07\/1321890636_lna-konf13.jpg\" title=\"1321890636_lna-konf13\"><img loading=\"lazy\" decoding=\"async\" src=\"https:\/\/www.neuromokslai.lt\/wp-content\/uploads\/2021\/07\/1321890636_lna-konf13-200x200.jpg\" alt=\"1321890636_lna-konf13\" width=\"200\" height=\"200\" \/><span class=\"su-custom-gallery-title\">1321890636_lna-konf13<\/span><\/a><\/div><div class=\"su-custom-gallery-slide\" style=\"width:200px;height:200px\"><a href=\"https:\/\/www.neuromokslai.lt\/wp-content\/uploads\/2021\/07\/1321890803_lna-konf14.jpg\" title=\"1321890803_lna-konf14\"><img loading=\"lazy\" decoding=\"async\" src=\"https:\/\/www.neuromokslai.lt\/wp-content\/uploads\/2021\/07\/1321890803_lna-konf14-200x200.jpg\" alt=\"1321890803_lna-konf14\" width=\"200\" height=\"200\" \/><span class=\"su-custom-gallery-title\">1321890803_lna-konf14<\/span><\/a><\/div><div class=\"su-custom-gallery-slide\" style=\"width:200px;height:200px\"><a href=\"https:\/\/www.neuromokslai.lt\/wp-content\/uploads\/2021\/07\/1321890803_lna-konf17.jpg\" title=\"1321890803_lna-konf17\"><img loading=\"lazy\" decoding=\"async\" src=\"https:\/\/www.neuromokslai.lt\/wp-content\/uploads\/2021\/07\/1321890803_lna-konf17-200x200.jpg\" alt=\"1321890803_lna-konf17\" width=\"200\" height=\"200\" \/><span class=\"su-custom-gallery-title\">1321890803_lna-konf17<\/span><\/a><\/div><div class=\"su-custom-gallery-slide\" style=\"width:200px;height:200px\"><a href=\"https:\/\/www.neuromokslai.lt\/wp-content\/uploads\/2021\/07\/1321891081_lna-konf16.jpg\" title=\"1321891081_lna-konf16\"><img loading=\"lazy\" decoding=\"async\" src=\"https:\/\/www.neuromokslai.lt\/wp-content\/uploads\/2021\/07\/1321891081_lna-konf16-200x200.jpg\" alt=\"1321891081_lna-konf16\" width=\"200\" height=\"200\" \/><span class=\"su-custom-gallery-title\">1321891081_lna-konf16<\/span><\/a><\/div><div class=\"su-custom-gallery-slide\" style=\"width:200px;height:200px\"><a href=\"https:\/\/www.neuromokslai.lt\/wp-content\/uploads\/2021\/07\/1321891178_lna-konf15.jpg\" title=\"1321891178_lna-konf15\"><img loading=\"lazy\" decoding=\"async\" src=\"https:\/\/www.neuromokslai.lt\/wp-content\/uploads\/2021\/07\/1321891178_lna-konf15-200x200.jpg\" alt=\"1321891178_lna-konf15\" width=\"200\" height=\"200\" \/><span class=\"su-custom-gallery-title\">1321891178_lna-konf15<\/span><\/a><\/div><div class=\"su-custom-gallery-slide\" style=\"width:200px;height:200px\"><a href=\"https:\/\/www.neuromokslai.lt\/wp-content\/uploads\/2021\/07\/1321891252_lna-psl1.jpg\" title=\"1321891252_lna-psl1\"><img loading=\"lazy\" decoding=\"async\" src=\"https:\/\/www.neuromokslai.lt\/wp-content\/uploads\/2021\/07\/1321891252_lna-psl1-200x200.jpg\" alt=\"1321891252_lna-psl1\" width=\"200\" height=\"200\" \/><span class=\"su-custom-gallery-title\">1321891252_lna-psl1<\/span><\/a><\/div><div class=\"su-custom-gallery-slide\" style=\"width:200px;height:200px\"><a href=\"https:\/\/www.neuromokslai.lt\/wp-content\/uploads\/2021\/07\/1321891407_lna-konf10.jpg\" title=\"1321891407_lna-konf10\"><img loading=\"lazy\" decoding=\"async\" src=\"https:\/\/www.neuromokslai.lt\/wp-content\/uploads\/2021\/07\/1321891407_lna-konf10-200x200.jpg\" alt=\"1321891407_lna-konf10\" width=\"200\" height=\"200\" \/><span class=\"su-custom-gallery-title\">1321891407_lna-konf10<\/span><\/a><\/div><div class=\"su-clear\"><\/div><\/div>\n","protected":false},"excerpt":{"rendered":"<p>I-oji mokslin\u0117 LNA konferencija (2009) PIRMOJI MOKSLIN\u0116 LIETUVOS NEUROMOKSL\u0172 ASOCIACIJOS KONFERENCIJA &#8220;Nerv\u0173 sistemos tyrimai Lietuvoje&#8221;, 2009 m. lapkri\u010dio 20 d., Vilnius PROGRAMA. PRANE\u0160IM\u0172 MED\u017dIAGA. 09.30 \u2013 10.00 Registracija Rytin\u0117 sesija (pirmininkauja O. Ruk\u0161\u0117nas) 10.00 \u2013 10.10 \u012evadinis \u017eodis. O. Ruk\u0161\u0117nas 10.10 \u2013 10.30 Neinvaziniai galvos smegen\u0173 kraujotakos ir t\u016brin\u0117s tolerancijos tyrimai. S. Ro\u010dka 10.30 \u2013 [&hellip;]<\/p>\n","protected":false},"author":1,"featured_media":0,"parent":888,"menu_order":0,"comment_status":"closed","ping_status":"closed","template":"","meta":{"_acf_changed":false,"footnotes":""},"class_list":["post-949","page","type-page","status-publish","hentry"],"acf":[],"yoast_head":"<!-- This site is optimized with the Yoast SEO plugin v24.3 - https:\/\/yoast.com\/wordpress\/plugins\/seo\/ -->\n<title>LNA conference (2009) - neuromokslai.lt<\/title>\n<meta name=\"robots\" content=\"index, follow, max-snippet:-1, max-image-preview:large, max-video-preview:-1\" \/>\n<link rel=\"canonical\" href=\"https:\/\/www.neuromokslai.lt\/en\/conferences\/lna-conference-2009\/\" \/>\n<meta property=\"og:locale\" content=\"en_US\" \/>\n<meta property=\"og:type\" content=\"article\" \/>\n<meta property=\"og:title\" content=\"LNA conference (2009) - neuromokslai.lt\" \/>\n<meta property=\"og:description\" content=\"I-oji mokslin\u0117 LNA konferencija (2009) PIRMOJI MOKSLIN\u0116 LIETUVOS NEUROMOKSL\u0172 ASOCIACIJOS KONFERENCIJA &#8220;Nerv\u0173 sistemos tyrimai Lietuvoje&#8221;, 2009 m. lapkri\u010dio 20 d., Vilnius PROGRAMA. PRANE\u0160IM\u0172 MED\u017dIAGA. 09.30 \u2013 10.00 Registracija Rytin\u0117 sesija (pirmininkauja O. Ruk\u0161\u0117nas) 10.00 \u2013 10.10 \u012evadinis \u017eodis. O. Ruk\u0161\u0117nas 10.10 \u2013 10.30 Neinvaziniai galvos smegen\u0173 kraujotakos ir t\u016brin\u0117s tolerancijos tyrimai. S. Ro\u010dka 10.30 \u2013 [&hellip;]\" \/>\n<meta property=\"og:url\" content=\"https:\/\/www.neuromokslai.lt\/en\/conferences\/lna-conference-2009\/\" \/>\n<meta property=\"og:site_name\" content=\"neuromokslai.lt\" \/>\n<meta property=\"article:modified_time\" content=\"2021-09-13T18:06:40+00:00\" \/>\n<meta name=\"twitter:card\" content=\"summary_large_image\" \/>\n<meta name=\"twitter:label1\" content=\"Est. reading time\" \/>\n\t<meta name=\"twitter:data1\" content=\"2 minutes\" \/>\n<script type=\"application\/ld+json\" class=\"yoast-schema-graph\">{\"@context\":\"https:\/\/schema.org\",\"@graph\":[{\"@type\":\"WebPage\",\"@id\":\"https:\/\/www.neuromokslai.lt\/en\/conferences\/lna-conference-2009\/\",\"url\":\"https:\/\/www.neuromokslai.lt\/en\/conferences\/lna-conference-2009\/\",\"name\":\"LNA conference (2009) - neuromokslai.lt\",\"isPartOf\":{\"@id\":\"https:\/\/www.neuromokslai.lt\/#website\"},\"datePublished\":\"2021-07-16T09:13:21+00:00\",\"dateModified\":\"2021-09-13T18:06:40+00:00\",\"breadcrumb\":{\"@id\":\"https:\/\/www.neuromokslai.lt\/en\/conferences\/lna-conference-2009\/#breadcrumb\"},\"inLanguage\":\"en-US\",\"potentialAction\":[{\"@type\":\"ReadAction\",\"target\":[\"https:\/\/www.neuromokslai.lt\/en\/conferences\/lna-conference-2009\/\"]}]},{\"@type\":\"BreadcrumbList\",\"@id\":\"https:\/\/www.neuromokslai.lt\/en\/conferences\/lna-conference-2009\/#breadcrumb\",\"itemListElement\":[{\"@type\":\"ListItem\",\"position\":1,\"name\":\"Home\",\"item\":\"https:\/\/www.neuromokslai.lt\/en\/\"},{\"@type\":\"ListItem\",\"position\":2,\"name\":\"Conferences\",\"item\":\"https:\/\/www.neuromokslai.lt\/en\/conferences\/\"},{\"@type\":\"ListItem\",\"position\":3,\"name\":\"LNA conference (2009)\"}]},{\"@type\":\"WebSite\",\"@id\":\"https:\/\/www.neuromokslai.lt\/#website\",\"url\":\"https:\/\/www.neuromokslai.lt\/\",\"name\":\"neuromokslai.lt\",\"description\":\"Lietuvos neuromoksl\u0173 asociacija\",\"potentialAction\":[{\"@type\":\"SearchAction\",\"target\":{\"@type\":\"EntryPoint\",\"urlTemplate\":\"https:\/\/www.neuromokslai.lt\/?s={search_term_string}\"},\"query-input\":{\"@type\":\"PropertyValueSpecification\",\"valueRequired\":true,\"valueName\":\"search_term_string\"}}],\"inLanguage\":\"en-US\"}]}<\/script>\n<!-- \/ Yoast SEO plugin. -->","yoast_head_json":{"title":"LNA conference (2009) - neuromokslai.lt","robots":{"index":"index","follow":"follow","max-snippet":"max-snippet:-1","max-image-preview":"max-image-preview:large","max-video-preview":"max-video-preview:-1"},"canonical":"https:\/\/www.neuromokslai.lt\/en\/conferences\/lna-conference-2009\/","og_locale":"en_US","og_type":"article","og_title":"LNA conference (2009) - neuromokslai.lt","og_description":"I-oji mokslin\u0117 LNA konferencija (2009) PIRMOJI MOKSLIN\u0116 LIETUVOS NEUROMOKSL\u0172 ASOCIACIJOS KONFERENCIJA &#8220;Nerv\u0173 sistemos tyrimai Lietuvoje&#8221;, 2009 m. lapkri\u010dio 20 d., Vilnius PROGRAMA. PRANE\u0160IM\u0172 MED\u017dIAGA. 09.30 \u2013 10.00 Registracija Rytin\u0117 sesija (pirmininkauja O. Ruk\u0161\u0117nas) 10.00 \u2013 10.10 \u012evadinis \u017eodis. O. Ruk\u0161\u0117nas 10.10 \u2013 10.30 Neinvaziniai galvos smegen\u0173 kraujotakos ir t\u016brin\u0117s tolerancijos tyrimai. S. Ro\u010dka 10.30 \u2013 [&hellip;]","og_url":"https:\/\/www.neuromokslai.lt\/en\/conferences\/lna-conference-2009\/","og_site_name":"neuromokslai.lt","article_modified_time":"2021-09-13T18:06:40+00:00","twitter_card":"summary_large_image","twitter_misc":{"Est. reading time":"2 minutes"},"schema":{"@context":"https:\/\/schema.org","@graph":[{"@type":"WebPage","@id":"https:\/\/www.neuromokslai.lt\/en\/conferences\/lna-conference-2009\/","url":"https:\/\/www.neuromokslai.lt\/en\/conferences\/lna-conference-2009\/","name":"LNA conference (2009) - neuromokslai.lt","isPartOf":{"@id":"https:\/\/www.neuromokslai.lt\/#website"},"datePublished":"2021-07-16T09:13:21+00:00","dateModified":"2021-09-13T18:06:40+00:00","breadcrumb":{"@id":"https:\/\/www.neuromokslai.lt\/en\/conferences\/lna-conference-2009\/#breadcrumb"},"inLanguage":"en-US","potentialAction":[{"@type":"ReadAction","target":["https:\/\/www.neuromokslai.lt\/en\/conferences\/lna-conference-2009\/"]}]},{"@type":"BreadcrumbList","@id":"https:\/\/www.neuromokslai.lt\/en\/conferences\/lna-conference-2009\/#breadcrumb","itemListElement":[{"@type":"ListItem","position":1,"name":"Home","item":"https:\/\/www.neuromokslai.lt\/en\/"},{"@type":"ListItem","position":2,"name":"Conferences","item":"https:\/\/www.neuromokslai.lt\/en\/conferences\/"},{"@type":"ListItem","position":3,"name":"LNA conference (2009)"}]},{"@type":"WebSite","@id":"https:\/\/www.neuromokslai.lt\/#website","url":"https:\/\/www.neuromokslai.lt\/","name":"neuromokslai.lt","description":"Lietuvos neuromoksl\u0173 asociacija","potentialAction":[{"@type":"SearchAction","target":{"@type":"EntryPoint","urlTemplate":"https:\/\/www.neuromokslai.lt\/?s={search_term_string}"},"query-input":{"@type":"PropertyValueSpecification","valueRequired":true,"valueName":"search_term_string"}}],"inLanguage":"en-US"}]}},"_links":{"self":[{"href":"https:\/\/www.neuromokslai.lt\/en\/wp-json\/wp\/v2\/pages\/949"}],"collection":[{"href":"https:\/\/www.neuromokslai.lt\/en\/wp-json\/wp\/v2\/pages"}],"about":[{"href":"https:\/\/www.neuromokslai.lt\/en\/wp-json\/wp\/v2\/types\/page"}],"author":[{"embeddable":true,"href":"https:\/\/www.neuromokslai.lt\/en\/wp-json\/wp\/v2\/users\/1"}],"replies":[{"embeddable":true,"href":"https:\/\/www.neuromokslai.lt\/en\/wp-json\/wp\/v2\/comments?post=949"}],"version-history":[{"count":1,"href":"https:\/\/www.neuromokslai.lt\/en\/wp-json\/wp\/v2\/pages\/949\/revisions"}],"predecessor-version":[{"id":950,"href":"https:\/\/www.neuromokslai.lt\/en\/wp-json\/wp\/v2\/pages\/949\/revisions\/950"}],"up":[{"embeddable":true,"href":"https:\/\/www.neuromokslai.lt\/en\/wp-json\/wp\/v2\/pages\/888"}],"wp:attachment":[{"href":"https:\/\/www.neuromokslai.lt\/en\/wp-json\/wp\/v2\/media?parent=949"}],"curies":[{"name":"wp","href":"https:\/\/api.w.org\/{rel}","templated":true}]}}