{"id":952,"date":"2021-07-16T09:21:19","date_gmt":"2021-07-16T09:21:19","guid":{"rendered":"http:\/\/www5023.vu.lt\/conferences\/2-oji-moksline-lna-konferencija-2010\/"},"modified":"2021-09-13T18:00:27","modified_gmt":"2021-09-13T18:00:27","slug":"lna-conference-2010","status":"publish","type":"page","link":"https:\/\/www.neuromokslai.lt\/en\/conferences\/lna-conference-2010\/","title":{"rendered":"LNA conference (2010)"},"content":{"rendered":"<p><strong>II-oji LNA konferencija vyko 2010 met\u0173 gruod\u017eio 3 d.<\/strong><\/p>\n<p>PROGRAMA.\u00a0<a href=\"http:\/\/www5011.vu.lt\/files\/uploaded\/neurkonferencijos-brosiura-a5-perziurai.pdf\" target=\"_blank\" rel=\"noopener\">PRANE\u0160IM\u0172 MED\u017dIAGA.<br \/>\n<\/a>09.30 \u2013 10.00 Registracija<br \/>\nRytin\u0117 sesija (pirmininkauja Osvaldas Ruk\u0161\u0117nas)<br \/>\n10.00 \u2013 10.10 \u012evadinis \u017eodis. O. Ruk\u0161\u0117nas<br \/>\n10.10 \u2013 10.55 Lietuvos visuomen\u0117s psichikos sveikata &#8211; kokia ji? O. Davidonien\u0117<br \/>\n10.55 \u2013 11.15 Beta amiloidas ir neuron\u0173 \u017e\u016btis. P. \u010ci\u017eas, R. Mork\u016bnien\u0117, R. B\u016bdvytyt\u0117, G. Valin\u010dius, V. Borutait\u0117<br \/>\n11.15 \u2013 11.35 Hormono melatonino \u012ftaka \u017emogaus biologiniams procesams. R. Praninskien\u0117, A. Ju\u010dait\u0117<br \/>\n11.35 \u2013 11.55 P300 Kognityvinis potencialas ir demencij\u0173 tyrimai. A. Vaitkevi\u010dius, G. Kaubrys, V. Budrys<br \/>\n11.55 \u2013 12.10 Kavos pertrauka<br \/>\n12.10 \u2013 12.30 Stimulo element\u0173 \u012ftaka kreivumo iliuzijai. A. Gutauskas, A. Bulatov, A. Bertulis<br \/>\n12.30 \u2013 12.50 Ry\u0161ys tarp Oppel-Kundt iliuzijos stiprumo ir pateikimo trukm\u0117s. T. Surkys, A. Bertulis, A. Bulatov<br \/>\n12.50 \u2013 13.10 Iliuzijos stiprumo ir distraktori\u0173 pos\u016bkio s\u0105veika. L. Mickien\u0117, A. Bulatov, A. Bertulis, G. Kad\u017eien\u0117, N. Bulatova<br \/>\n13.10 \u2013 13.30 Universali tiesumo, stataus kampo, stimulo simetrijos suvokimo i\u0161kraipym\u0173 prie\u017eastis. A. Bielevi\u010dius, A. Bertulis, A. Bulatov<br \/>\n13.30 \u2013 14.20 Piet\u0173 pertrauka<br \/>\nPopietin\u0117 sesija (pirmininkauja Aleksandr Bulatov)<br \/>\n14.20 \u2013 14.40 Erdvinis monokulinio stimulo suvokimas ir \u201cenergetinis\u201d stereo suvokimo modelis. H. Vaitkevi\u010dius, V. Vili\u016bnas, A. \u0160veg\u017eda, R. Stanik\u016bnas, A. Dzekevi\u010di\u016bt\u0117<br \/>\n14.40 \u2013 15.00 Dviprasmi\u0173 fig\u016br\u0173 suvokimo tyrimas naudojant su \u012fvykiu susijusi\u0173 potencial\u0173 metod\u0105: suvokimo apkrova. M. Intait\u0117, M. Koivisto, O. Ruk\u0161\u0117nas, A. Revonsuo<br \/>\n15.00 \u2013 15.20 Atipini\u0173 antipsichotik\u0173 \u012ftaka galvos smegen\u0173 sukeltajam potencialui P300. K. Dap\u0161ys, A. \u0160iurkut\u0117, V. Ma\u010diulis<br \/>\n15.20 \u2013 15.40 Fiziologin\u0117 klausos sukelto pastovaus atsako moduliacija: budrumas, aktyvumas ir d\u0117mesys. I. Gri\u0161kova-Bulanova, O. Ruk\u0161\u0117nas, K. Dap\u0161ys, V. Ma\u010diulis, S. M. H. Arnfred<br \/>\n15.40 \u2013 16.00 Hormonin\u0117s kontracepcijos \u012ftaka moter\u0173 geb\u0117jimui atlikti kalbos sklandumo u\u017eduotis. R. Grik\u0161ien\u0117, O. Ruk\u0161\u0117nas<br \/>\n16.00 \u2013 16.15 Kavos pertrauka<br \/>\n16.15 \u2013 16.35 Paveldimas spazminis paraly\u017eius. Ar Arabidopsis thaliana \u0161akniaplauki\u0173 augimo vidul\u0105steliniai procesai gali pad\u0117ti suprasti neuron\u0173 degeneracines ligas? V. Kisnierien\u0117, V. Sakalauskas, O. Sevriukova<br \/>\n16.35 \u2013 16.55 Mechanisms generating low frequency local field potential signal. G. Baranauskas<br \/>\n16.55 \u2013 17.15 Semaforino 3A ir Nerv\u0173 augimo faktoriaus signalini\u0173 keli\u0173 s\u0105veika. A. Kaselis, R. Vosyli\u016bt\u0117, R. Treinys, S. \u0160atkauskas<br \/>\n17.15 \u2013 17.35 Membranos laidumo \u012ftaka motoneuron\u0173 perdavimo funkcijai. R. Bui\u0161as, R. Guzulaitis, A. Alaburda<br \/>\n17.35 \u2013 17.50 Neuromoksl\u0173 populiarinimas \u2013 smegen\u0173 pa\u017einimo savait\u0117 Lietuvoje. N. Go\u0161tautait\u0117 \u2013 Midttun<\/p>\n<p>&nbsp;<\/p>\n<div class=\"su-custom-gallery su-custom-gallery-align-left su-custom-gallery-title-never su-lightbox-gallery\"><div class=\"su-custom-gallery-slide\" style=\"width:200px;height:200px\"><a href=\"https:\/\/www.neuromokslai.lt\/wp-content\/uploads\/2021\/07\/0ee6b0c78fa2e8bdb0d30f7b80d8e91b.jpg\" title=\"0ee6b0c78fa2e8bdb0d30f7b80d8e91b\"><img loading=\"lazy\" decoding=\"async\" src=\"https:\/\/www.neuromokslai.lt\/wp-content\/uploads\/2021\/07\/0ee6b0c78fa2e8bdb0d30f7b80d8e91b-200x200.jpg\" alt=\"0ee6b0c78fa2e8bdb0d30f7b80d8e91b\" width=\"200\" height=\"200\" \/><span class=\"su-custom-gallery-title\">0ee6b0c78fa2e8bdb0d30f7b80d8e91b<\/span><\/a><\/div><div class=\"su-custom-gallery-slide\" style=\"width:200px;height:200px\"><a href=\"https:\/\/www.neuromokslai.lt\/wp-content\/uploads\/2021\/07\/1b98080b84ac480a57ec2ad691f08622.jpg\" title=\"1b98080b84ac480a57ec2ad691f08622\"><img loading=\"lazy\" decoding=\"async\" src=\"https:\/\/www.neuromokslai.lt\/wp-content\/uploads\/2021\/07\/1b98080b84ac480a57ec2ad691f08622-200x200.jpg\" alt=\"1b98080b84ac480a57ec2ad691f08622\" width=\"200\" height=\"200\" \/><span class=\"su-custom-gallery-title\">1b98080b84ac480a57ec2ad691f08622<\/span><\/a><\/div><div class=\"su-clear\"><\/div><\/div>\n","protected":false},"excerpt":{"rendered":"<p>II-oji LNA konferencija vyko 2010 met\u0173 gruod\u017eio 3 d. PROGRAMA.\u00a0PRANE\u0160IM\u0172 MED\u017dIAGA. 09.30 \u2013 10.00 Registracija Rytin\u0117 sesija (pirmininkauja Osvaldas Ruk\u0161\u0117nas) 10.00 \u2013 10.10 \u012evadinis \u017eodis. O. Ruk\u0161\u0117nas 10.10 \u2013 10.55 Lietuvos visuomen\u0117s psichikos sveikata &#8211; kokia ji? O. Davidonien\u0117 10.55 \u2013 11.15 Beta amiloidas ir neuron\u0173 \u017e\u016btis. P. \u010ci\u017eas, R. Mork\u016bnien\u0117, R. B\u016bdvytyt\u0117, G. Valin\u010dius, [&hellip;]<\/p>\n","protected":false},"author":1,"featured_media":0,"parent":888,"menu_order":0,"comment_status":"closed","ping_status":"closed","template":"","meta":{"_acf_changed":false,"footnotes":""},"class_list":["post-952","page","type-page","status-publish","hentry"],"acf":[],"yoast_head":"<!-- This site is optimized with the Yoast SEO plugin v24.3 - https:\/\/yoast.com\/wordpress\/plugins\/seo\/ -->\n<title>LNA conference (2010) - neuromokslai.lt<\/title>\n<meta name=\"robots\" content=\"index, follow, max-snippet:-1, max-image-preview:large, max-video-preview:-1\" \/>\n<link rel=\"canonical\" href=\"https:\/\/www.neuromokslai.lt\/en\/conferences\/lna-conference-2010\/\" \/>\n<meta property=\"og:locale\" content=\"en_US\" \/>\n<meta property=\"og:type\" content=\"article\" \/>\n<meta property=\"og:title\" content=\"LNA conference (2010) - neuromokslai.lt\" \/>\n<meta property=\"og:description\" content=\"II-oji LNA konferencija vyko 2010 met\u0173 gruod\u017eio 3 d. PROGRAMA.\u00a0PRANE\u0160IM\u0172 MED\u017dIAGA. 09.30 \u2013 10.00 Registracija Rytin\u0117 sesija (pirmininkauja Osvaldas Ruk\u0161\u0117nas) 10.00 \u2013 10.10 \u012evadinis \u017eodis. O. Ruk\u0161\u0117nas 10.10 \u2013 10.55 Lietuvos visuomen\u0117s psichikos sveikata &#8211; kokia ji? O. Davidonien\u0117 10.55 \u2013 11.15 Beta amiloidas ir neuron\u0173 \u017e\u016btis. P. \u010ci\u017eas, R. Mork\u016bnien\u0117, R. B\u016bdvytyt\u0117, G. Valin\u010dius, [&hellip;]\" \/>\n<meta property=\"og:url\" content=\"https:\/\/www.neuromokslai.lt\/en\/conferences\/lna-conference-2010\/\" \/>\n<meta property=\"og:site_name\" content=\"neuromokslai.lt\" \/>\n<meta property=\"article:modified_time\" content=\"2021-09-13T18:00:27+00:00\" \/>\n<meta name=\"twitter:card\" content=\"summary_large_image\" \/>\n<meta name=\"twitter:label1\" content=\"Est. reading time\" \/>\n\t<meta name=\"twitter:data1\" content=\"2 minutes\" \/>\n<script type=\"application\/ld+json\" class=\"yoast-schema-graph\">{\"@context\":\"https:\/\/schema.org\",\"@graph\":[{\"@type\":\"WebPage\",\"@id\":\"https:\/\/www.neuromokslai.lt\/en\/conferences\/lna-conference-2010\/\",\"url\":\"https:\/\/www.neuromokslai.lt\/en\/conferences\/lna-conference-2010\/\",\"name\":\"LNA conference (2010) - neuromokslai.lt\",\"isPartOf\":{\"@id\":\"https:\/\/www.neuromokslai.lt\/#website\"},\"datePublished\":\"2021-07-16T09:21:19+00:00\",\"dateModified\":\"2021-09-13T18:00:27+00:00\",\"breadcrumb\":{\"@id\":\"https:\/\/www.neuromokslai.lt\/en\/conferences\/lna-conference-2010\/#breadcrumb\"},\"inLanguage\":\"en-US\",\"potentialAction\":[{\"@type\":\"ReadAction\",\"target\":[\"https:\/\/www.neuromokslai.lt\/en\/conferences\/lna-conference-2010\/\"]}]},{\"@type\":\"BreadcrumbList\",\"@id\":\"https:\/\/www.neuromokslai.lt\/en\/conferences\/lna-conference-2010\/#breadcrumb\",\"itemListElement\":[{\"@type\":\"ListItem\",\"position\":1,\"name\":\"Home\",\"item\":\"https:\/\/www.neuromokslai.lt\/en\/\"},{\"@type\":\"ListItem\",\"position\":2,\"name\":\"Conferences\",\"item\":\"https:\/\/www.neuromokslai.lt\/en\/conferences\/\"},{\"@type\":\"ListItem\",\"position\":3,\"name\":\"LNA conference (2010)\"}]},{\"@type\":\"WebSite\",\"@id\":\"https:\/\/www.neuromokslai.lt\/#website\",\"url\":\"https:\/\/www.neuromokslai.lt\/\",\"name\":\"neuromokslai.lt\",\"description\":\"Lietuvos neuromoksl\u0173 asociacija\",\"potentialAction\":[{\"@type\":\"SearchAction\",\"target\":{\"@type\":\"EntryPoint\",\"urlTemplate\":\"https:\/\/www.neuromokslai.lt\/?s={search_term_string}\"},\"query-input\":{\"@type\":\"PropertyValueSpecification\",\"valueRequired\":true,\"valueName\":\"search_term_string\"}}],\"inLanguage\":\"en-US\"}]}<\/script>\n<!-- \/ Yoast SEO plugin. -->","yoast_head_json":{"title":"LNA conference (2010) - neuromokslai.lt","robots":{"index":"index","follow":"follow","max-snippet":"max-snippet:-1","max-image-preview":"max-image-preview:large","max-video-preview":"max-video-preview:-1"},"canonical":"https:\/\/www.neuromokslai.lt\/en\/conferences\/lna-conference-2010\/","og_locale":"en_US","og_type":"article","og_title":"LNA conference (2010) - neuromokslai.lt","og_description":"II-oji LNA konferencija vyko 2010 met\u0173 gruod\u017eio 3 d. PROGRAMA.\u00a0PRANE\u0160IM\u0172 MED\u017dIAGA. 09.30 \u2013 10.00 Registracija Rytin\u0117 sesija (pirmininkauja Osvaldas Ruk\u0161\u0117nas) 10.00 \u2013 10.10 \u012evadinis \u017eodis. O. Ruk\u0161\u0117nas 10.10 \u2013 10.55 Lietuvos visuomen\u0117s psichikos sveikata &#8211; kokia ji? O. Davidonien\u0117 10.55 \u2013 11.15 Beta amiloidas ir neuron\u0173 \u017e\u016btis. P. \u010ci\u017eas, R. Mork\u016bnien\u0117, R. B\u016bdvytyt\u0117, G. Valin\u010dius, [&hellip;]","og_url":"https:\/\/www.neuromokslai.lt\/en\/conferences\/lna-conference-2010\/","og_site_name":"neuromokslai.lt","article_modified_time":"2021-09-13T18:00:27+00:00","twitter_card":"summary_large_image","twitter_misc":{"Est. reading time":"2 minutes"},"schema":{"@context":"https:\/\/schema.org","@graph":[{"@type":"WebPage","@id":"https:\/\/www.neuromokslai.lt\/en\/conferences\/lna-conference-2010\/","url":"https:\/\/www.neuromokslai.lt\/en\/conferences\/lna-conference-2010\/","name":"LNA conference (2010) - neuromokslai.lt","isPartOf":{"@id":"https:\/\/www.neuromokslai.lt\/#website"},"datePublished":"2021-07-16T09:21:19+00:00","dateModified":"2021-09-13T18:00:27+00:00","breadcrumb":{"@id":"https:\/\/www.neuromokslai.lt\/en\/conferences\/lna-conference-2010\/#breadcrumb"},"inLanguage":"en-US","potentialAction":[{"@type":"ReadAction","target":["https:\/\/www.neuromokslai.lt\/en\/conferences\/lna-conference-2010\/"]}]},{"@type":"BreadcrumbList","@id":"https:\/\/www.neuromokslai.lt\/en\/conferences\/lna-conference-2010\/#breadcrumb","itemListElement":[{"@type":"ListItem","position":1,"name":"Home","item":"https:\/\/www.neuromokslai.lt\/en\/"},{"@type":"ListItem","position":2,"name":"Conferences","item":"https:\/\/www.neuromokslai.lt\/en\/conferences\/"},{"@type":"ListItem","position":3,"name":"LNA conference (2010)"}]},{"@type":"WebSite","@id":"https:\/\/www.neuromokslai.lt\/#website","url":"https:\/\/www.neuromokslai.lt\/","name":"neuromokslai.lt","description":"Lietuvos neuromoksl\u0173 asociacija","potentialAction":[{"@type":"SearchAction","target":{"@type":"EntryPoint","urlTemplate":"https:\/\/www.neuromokslai.lt\/?s={search_term_string}"},"query-input":{"@type":"PropertyValueSpecification","valueRequired":true,"valueName":"search_term_string"}}],"inLanguage":"en-US"}]}},"_links":{"self":[{"href":"https:\/\/www.neuromokslai.lt\/en\/wp-json\/wp\/v2\/pages\/952"}],"collection":[{"href":"https:\/\/www.neuromokslai.lt\/en\/wp-json\/wp\/v2\/pages"}],"about":[{"href":"https:\/\/www.neuromokslai.lt\/en\/wp-json\/wp\/v2\/types\/page"}],"author":[{"embeddable":true,"href":"https:\/\/www.neuromokslai.lt\/en\/wp-json\/wp\/v2\/users\/1"}],"replies":[{"embeddable":true,"href":"https:\/\/www.neuromokslai.lt\/en\/wp-json\/wp\/v2\/comments?post=952"}],"version-history":[{"count":1,"href":"https:\/\/www.neuromokslai.lt\/en\/wp-json\/wp\/v2\/pages\/952\/revisions"}],"predecessor-version":[{"id":953,"href":"https:\/\/www.neuromokslai.lt\/en\/wp-json\/wp\/v2\/pages\/952\/revisions\/953"}],"up":[{"embeddable":true,"href":"https:\/\/www.neuromokslai.lt\/en\/wp-json\/wp\/v2\/pages\/888"}],"wp:attachment":[{"href":"https:\/\/www.neuromokslai.lt\/en\/wp-json\/wp\/v2\/media?parent=952"}],"curies":[{"name":"wp","href":"https:\/\/api.w.org\/{rel}","templated":true}]}}