{"id":955,"date":"2021-07-16T09:23:37","date_gmt":"2021-07-16T09:23:37","guid":{"rendered":"http:\/\/www5023.vu.lt\/conferences\/iii-oji-moksline-lna-konferencija-2011\/"},"modified":"2021-09-13T18:02:12","modified_gmt":"2021-09-13T18:02:12","slug":"lna-conference-2011","status":"publish","type":"page","link":"https:\/\/www.neuromokslai.lt\/en\/conferences\/lna-conference-2011\/","title":{"rendered":"LNA conference (2011)"},"content":{"rendered":"<p><strong>TRE\u010cIOJI MOKSLIN\u0116 LIETUVOS NEUROMOKSL\u0172 ASOCIACIJOS<\/strong><br \/>\n<strong>KONFERENCIJA<\/strong><\/p>\n<p>2011 m. gruod\u017eio 2 d., Vilnius<\/p>\n<p>PROGRAMA. <a href=\"http:\/\/www5011.vu.lt\/files\/uploaded\/lna-konferencija-iii-pranesimu-medziaga-final.pdf\" target=\"_blank\" rel=\"noopener\">PRANE\u0160IM\u0172 MED\u017dIAGA.<\/a><\/p>\n<p>09.00 \u2013 09.30 Ataskaitinis LNA nari\u0173 susirinkimas (finansin\u0117 ataskaita ir kt. klausimai)<\/p>\n<p>09.30 \u2013 09.55 Registracija \u012f konferencij\u0105. Kava.<\/p>\n<p>Rytin\u0117 sesija (pirmininkauja A. Bulatov)<\/p>\n<p>09.55 \u2013 10.00 O. Ruk\u0161\u0117nas \u012evadinis \u017eodis.<\/p>\n<p>10.00 \u2013 11.00 A. Navickas Savi\u017eudybinis elgesys: paplitimas, prie\u017eastys, prevencija.<\/p>\n<p>11.00 \u2013 11.20 J. Kuzmickien\u0117, G. Kaubrys, V. Budrys Sergan\u010di\u0173j\u0173 Alzheimerio liga kognityvini\u0173 funkcij\u0173 ir j\u0173 dinamikos tyrimas.<\/p>\n<p>11.20 \u2013 11.40 V. Valiulis, G. Gerulskis, K. Dap\u0161ys, A. \u0160iurkut\u0117, V. Ma\u010diulis Transkranijin\u0117s magnetin\u0117s stimuliacijos \u012ftaka EEG galios spektrui gydant depresij\u0105.<\/p>\n<p>11.40 \u2013 12.00 E. Grigonyt\u0117, V. Marozas Epilepsijos priepuolio prad\u017eios aptikimas ir prognoz\u0117 remiantis EEG signal\u0173 tarpusavio s\u0105sajomis. \u012emanoma?<\/p>\n<p>12.00 \u2013 13.00 Piet\u0173 pertrauka<\/p>\n<p>Popietin\u0117 sesija I (pirmininkauja A. Alaburda)<\/p>\n<p>13.00 \u2013 13.20 H. Vaitkevi\u010dius, V. Vili\u016bnas, A. \u0160veg\u017eda, R. Stanik\u016bnas, R. Bliumas Monokulini\u0173 objekto atvaizd\u0173 ry\u0161kum\u0173 skirtumo \u012ftaka jo suvokiamai pad\u0117\u010diai erdv\u0117je.<\/p>\n<p>13.20 \u2013 13.40 A. Gutauskas, A. Bulatov Papildomi distraktoriai Oppel-Kundt iliuzijoje.<\/p>\n<p>13.40 \u2013 14.00 G. Kad\u017eien\u0117, L. Mickien\u0117, A. Bulatov, N. Bulatova Pavienio distraktoriaus sukelti stimulo pad\u0117ties poky\u010diai.<\/p>\n<p>14.00 \u2013 14.20 I. Gri\u0161kova-Bulanova, J. Pa\u0161kevi\u010d Budrumo lygio moduliacija naudojant farmakologi\u0161kai inerti\u0161k\u0105 med\u017eiag\u0105 kartu su \u201eraminan\u010dia\u201c ir \u201e\u017eadinan\u010dia\u201c instrukcija: psichofiziologinis tyrimas.<\/p>\n<p>14.20 \u2013 14.40 R. \u0160iug\u017edait\u0117, A. Saudargien\u0117, A. S. Viola, A. Ju\u0161kien\u0117, A. Grecucci The effects of stress on perceptual-motor performance: driving experience.<\/p>\n<p>14.40 \u2013 15.00 Kavos pertrauka.<\/p>\n<p>Popietin\u0117 sesija II (pirmininkauja G. Svirskis)<\/p>\n<p>15.00 \u2013 15.20 K. Ry\u0161evait\u0117, I. Saburkina, M. Jokubauskas, N. Pau\u017eien\u0117, D.H. Pau\u017ea Pel\u0117s \u0161irdies atrioventrikulinio bei sinusinio mazgo ultrastrukt\u016bra bei imunohistochemin\u0117 analiz\u0117.<\/p>\n<p>15.20 \u2013 15.40 A. Baginskas, V. Kurait\u0117, A. Kuras Varl\u0117s individualaus optinio perdavimo fazin\u0117 potenciacija.<\/p>\n<p>15.40 \u2013 16.00 G. Kalesnykas, E. Oglesby, F.E. Cone, M. Steinhart, M.E. Pease, H.A. Quigley Tinklain\u0117s ganglini\u0173 l\u0105steli\u0173 morfologiniai pakitimai eksperimentin\u0117s glaukomos ir optinio nervo mechaninio pa\u017eeidimo atvejais.<\/p>\n<p>16.00 \u2013 16.20 S. Ragauskas, A-M. Haapaniemi, S. R\u00f6nkk\u00f6, L. Podracka, J. Puranen, J. Puoliv\u00e4li, J.M. Yrj\u00e4nheikki, G. Kalesnykas Mutav\u0119s Huntingtono baltymas nesukelia tinklain\u0117s ganglini\u0173 l\u0105steli\u0173 ir astrocit\u0173 \u017e\u016bties.<\/p>\n<p>16.20 \u2013 16.40 A. Saudargien\u0117, R. Jackevi\u010dius, S. Cobb, B. P. Graham Memory formation in a model of the hippocampal CA1 microcircuit: a multiscale modelling approach.<\/p>\n<p>16.40-17.00 M. \u017dakevi\u010dius, O. Ruk\u0161\u0117nas, R. Grik\u0161ien\u0117 Miego mikrostrukt\u016bra ir jos ry\u0161ys su subjektyviu miego kokyb\u0117s jausmu.<\/p>\n","protected":false},"excerpt":{"rendered":"<p>TRE\u010cIOJI MOKSLIN\u0116 LIETUVOS NEUROMOKSL\u0172 ASOCIACIJOS KONFERENCIJA 2011 m. gruod\u017eio 2 d., Vilnius PROGRAMA. PRANE\u0160IM\u0172 MED\u017dIAGA. 09.00 \u2013 09.30 Ataskaitinis LNA nari\u0173 susirinkimas (finansin\u0117 ataskaita ir kt. klausimai) 09.30 \u2013 09.55 Registracija \u012f konferencij\u0105. Kava. Rytin\u0117 sesija (pirmininkauja A. Bulatov) 09.55 \u2013 10.00 O. Ruk\u0161\u0117nas \u012evadinis \u017eodis. 10.00 \u2013 11.00 A. Navickas Savi\u017eudybinis elgesys: paplitimas, prie\u017eastys, [&hellip;]<\/p>\n","protected":false},"author":1,"featured_media":0,"parent":888,"menu_order":0,"comment_status":"closed","ping_status":"closed","template":"","meta":{"_acf_changed":false,"footnotes":""},"class_list":["post-955","page","type-page","status-publish","hentry"],"acf":[],"yoast_head":"<!-- This site is optimized with the Yoast SEO plugin v24.3 - https:\/\/yoast.com\/wordpress\/plugins\/seo\/ -->\n<title>LNA conference (2011) - neuromokslai.lt<\/title>\n<meta name=\"robots\" content=\"index, follow, max-snippet:-1, max-image-preview:large, max-video-preview:-1\" \/>\n<link rel=\"canonical\" href=\"https:\/\/www.neuromokslai.lt\/en\/conferences\/lna-conference-2011\/\" \/>\n<meta property=\"og:locale\" content=\"en_US\" \/>\n<meta property=\"og:type\" content=\"article\" \/>\n<meta property=\"og:title\" content=\"LNA conference (2011) - neuromokslai.lt\" \/>\n<meta property=\"og:description\" content=\"TRE\u010cIOJI MOKSLIN\u0116 LIETUVOS NEUROMOKSL\u0172 ASOCIACIJOS KONFERENCIJA 2011 m. gruod\u017eio 2 d., Vilnius PROGRAMA. PRANE\u0160IM\u0172 MED\u017dIAGA. 09.00 \u2013 09.30 Ataskaitinis LNA nari\u0173 susirinkimas (finansin\u0117 ataskaita ir kt. klausimai) 09.30 \u2013 09.55 Registracija \u012f konferencij\u0105. Kava. Rytin\u0117 sesija (pirmininkauja A. Bulatov) 09.55 \u2013 10.00 O. Ruk\u0161\u0117nas \u012evadinis \u017eodis. 10.00 \u2013 11.00 A. Navickas Savi\u017eudybinis elgesys: paplitimas, prie\u017eastys, [&hellip;]\" \/>\n<meta property=\"og:url\" content=\"https:\/\/www.neuromokslai.lt\/en\/conferences\/lna-conference-2011\/\" \/>\n<meta property=\"og:site_name\" content=\"neuromokslai.lt\" \/>\n<meta property=\"article:modified_time\" content=\"2021-09-13T18:02:12+00:00\" \/>\n<meta name=\"twitter:card\" content=\"summary_large_image\" \/>\n<meta name=\"twitter:label1\" content=\"Est. reading time\" \/>\n\t<meta name=\"twitter:data1\" content=\"2 minutes\" \/>\n<script type=\"application\/ld+json\" class=\"yoast-schema-graph\">{\"@context\":\"https:\/\/schema.org\",\"@graph\":[{\"@type\":\"WebPage\",\"@id\":\"https:\/\/www.neuromokslai.lt\/en\/conferences\/lna-conference-2011\/\",\"url\":\"https:\/\/www.neuromokslai.lt\/en\/conferences\/lna-conference-2011\/\",\"name\":\"LNA conference (2011) - neuromokslai.lt\",\"isPartOf\":{\"@id\":\"https:\/\/www.neuromokslai.lt\/#website\"},\"datePublished\":\"2021-07-16T09:23:37+00:00\",\"dateModified\":\"2021-09-13T18:02:12+00:00\",\"breadcrumb\":{\"@id\":\"https:\/\/www.neuromokslai.lt\/en\/conferences\/lna-conference-2011\/#breadcrumb\"},\"inLanguage\":\"en-US\",\"potentialAction\":[{\"@type\":\"ReadAction\",\"target\":[\"https:\/\/www.neuromokslai.lt\/en\/conferences\/lna-conference-2011\/\"]}]},{\"@type\":\"BreadcrumbList\",\"@id\":\"https:\/\/www.neuromokslai.lt\/en\/conferences\/lna-conference-2011\/#breadcrumb\",\"itemListElement\":[{\"@type\":\"ListItem\",\"position\":1,\"name\":\"Home\",\"item\":\"https:\/\/www.neuromokslai.lt\/en\/\"},{\"@type\":\"ListItem\",\"position\":2,\"name\":\"Conferences\",\"item\":\"https:\/\/www.neuromokslai.lt\/en\/conferences\/\"},{\"@type\":\"ListItem\",\"position\":3,\"name\":\"LNA conference (2011)\"}]},{\"@type\":\"WebSite\",\"@id\":\"https:\/\/www.neuromokslai.lt\/#website\",\"url\":\"https:\/\/www.neuromokslai.lt\/\",\"name\":\"neuromokslai.lt\",\"description\":\"Lietuvos neuromoksl\u0173 asociacija\",\"potentialAction\":[{\"@type\":\"SearchAction\",\"target\":{\"@type\":\"EntryPoint\",\"urlTemplate\":\"https:\/\/www.neuromokslai.lt\/?s={search_term_string}\"},\"query-input\":{\"@type\":\"PropertyValueSpecification\",\"valueRequired\":true,\"valueName\":\"search_term_string\"}}],\"inLanguage\":\"en-US\"}]}<\/script>\n<!-- \/ Yoast SEO plugin. -->","yoast_head_json":{"title":"LNA conference (2011) - neuromokslai.lt","robots":{"index":"index","follow":"follow","max-snippet":"max-snippet:-1","max-image-preview":"max-image-preview:large","max-video-preview":"max-video-preview:-1"},"canonical":"https:\/\/www.neuromokslai.lt\/en\/conferences\/lna-conference-2011\/","og_locale":"en_US","og_type":"article","og_title":"LNA conference (2011) - neuromokslai.lt","og_description":"TRE\u010cIOJI MOKSLIN\u0116 LIETUVOS NEUROMOKSL\u0172 ASOCIACIJOS KONFERENCIJA 2011 m. gruod\u017eio 2 d., Vilnius PROGRAMA. PRANE\u0160IM\u0172 MED\u017dIAGA. 09.00 \u2013 09.30 Ataskaitinis LNA nari\u0173 susirinkimas (finansin\u0117 ataskaita ir kt. klausimai) 09.30 \u2013 09.55 Registracija \u012f konferencij\u0105. Kava. Rytin\u0117 sesija (pirmininkauja A. Bulatov) 09.55 \u2013 10.00 O. Ruk\u0161\u0117nas \u012evadinis \u017eodis. 10.00 \u2013 11.00 A. Navickas Savi\u017eudybinis elgesys: paplitimas, prie\u017eastys, [&hellip;]","og_url":"https:\/\/www.neuromokslai.lt\/en\/conferences\/lna-conference-2011\/","og_site_name":"neuromokslai.lt","article_modified_time":"2021-09-13T18:02:12+00:00","twitter_card":"summary_large_image","twitter_misc":{"Est. reading time":"2 minutes"},"schema":{"@context":"https:\/\/schema.org","@graph":[{"@type":"WebPage","@id":"https:\/\/www.neuromokslai.lt\/en\/conferences\/lna-conference-2011\/","url":"https:\/\/www.neuromokslai.lt\/en\/conferences\/lna-conference-2011\/","name":"LNA conference (2011) - neuromokslai.lt","isPartOf":{"@id":"https:\/\/www.neuromokslai.lt\/#website"},"datePublished":"2021-07-16T09:23:37+00:00","dateModified":"2021-09-13T18:02:12+00:00","breadcrumb":{"@id":"https:\/\/www.neuromokslai.lt\/en\/conferences\/lna-conference-2011\/#breadcrumb"},"inLanguage":"en-US","potentialAction":[{"@type":"ReadAction","target":["https:\/\/www.neuromokslai.lt\/en\/conferences\/lna-conference-2011\/"]}]},{"@type":"BreadcrumbList","@id":"https:\/\/www.neuromokslai.lt\/en\/conferences\/lna-conference-2011\/#breadcrumb","itemListElement":[{"@type":"ListItem","position":1,"name":"Home","item":"https:\/\/www.neuromokslai.lt\/en\/"},{"@type":"ListItem","position":2,"name":"Conferences","item":"https:\/\/www.neuromokslai.lt\/en\/conferences\/"},{"@type":"ListItem","position":3,"name":"LNA conference (2011)"}]},{"@type":"WebSite","@id":"https:\/\/www.neuromokslai.lt\/#website","url":"https:\/\/www.neuromokslai.lt\/","name":"neuromokslai.lt","description":"Lietuvos neuromoksl\u0173 asociacija","potentialAction":[{"@type":"SearchAction","target":{"@type":"EntryPoint","urlTemplate":"https:\/\/www.neuromokslai.lt\/?s={search_term_string}"},"query-input":{"@type":"PropertyValueSpecification","valueRequired":true,"valueName":"search_term_string"}}],"inLanguage":"en-US"}]}},"_links":{"self":[{"href":"https:\/\/www.neuromokslai.lt\/en\/wp-json\/wp\/v2\/pages\/955"}],"collection":[{"href":"https:\/\/www.neuromokslai.lt\/en\/wp-json\/wp\/v2\/pages"}],"about":[{"href":"https:\/\/www.neuromokslai.lt\/en\/wp-json\/wp\/v2\/types\/page"}],"author":[{"embeddable":true,"href":"https:\/\/www.neuromokslai.lt\/en\/wp-json\/wp\/v2\/users\/1"}],"replies":[{"embeddable":true,"href":"https:\/\/www.neuromokslai.lt\/en\/wp-json\/wp\/v2\/comments?post=955"}],"version-history":[{"count":1,"href":"https:\/\/www.neuromokslai.lt\/en\/wp-json\/wp\/v2\/pages\/955\/revisions"}],"predecessor-version":[{"id":956,"href":"https:\/\/www.neuromokslai.lt\/en\/wp-json\/wp\/v2\/pages\/955\/revisions\/956"}],"up":[{"embeddable":true,"href":"https:\/\/www.neuromokslai.lt\/en\/wp-json\/wp\/v2\/pages\/888"}],"wp:attachment":[{"href":"https:\/\/www.neuromokslai.lt\/en\/wp-json\/wp\/v2\/media?parent=955"}],"curies":[{"name":"wp","href":"https:\/\/api.w.org\/{rel}","templated":true}]}}