{"id":958,"date":"2021-07-16T10:02:23","date_gmt":"2021-07-16T10:02:23","guid":{"rendered":"http:\/\/www5023.vu.lt\/conferences\/iv-oji-moksline-lna-konferencija-2012\/"},"modified":"2021-09-13T18:04:46","modified_gmt":"2021-09-13T18:04:46","slug":"lna-conference-2012","status":"publish","type":"page","link":"https:\/\/www.neuromokslai.lt\/en\/conferences\/lna-conference-2012\/","title":{"rendered":"LNA conference (2012)"},"content":{"rendered":"<p><strong>KETVIRTOJI MOKSLIN\u0116 LIETUVOS NEUROMOKSL\u0172 ASOCIACIJOS KONFERENCIJA<\/strong><br \/>\n2012 m. gruod\u017eio 7 d., Vilnius<\/p>\n<p>PROGRAMA. <a href=\"http:\/\/www.neuromokslai.lt\/files\/uploaded\/ketvirtoji-lna-pranesimu-medziaga-2012.pdf\" target=\"_blank\" rel=\"noopener\">PRANE\u0160IM\u0172 MED\u017dIAGA<\/a><\/p>\n<p>09.00 \u2013 09.30 Ataskaitinis-rinkiminis LNA nari\u0173 susirinkimas (ataskaita, rinkimai ir kt. klausimai)<\/p>\n<p>09.30 \u2013 09.55 Registracija \u012f konferencij\u0105. Kava.<\/p>\n<p>Rytin\u0117 sesija (pirmininkauja A. Bertulis)<\/p>\n<p>09.55 \u2013 10.00 O. Ruk\u0161\u0117nas \u012evadinis \u017eodis.<\/p>\n<p>10.00 \u2013 11.00 T. Rytel Neuromarketingas: naujas vartotoj\u0173 elgsenos formavimo b\u016bdas?<\/p>\n<p>11.00 \u2013 11.20 R. Praninskien\u0117, A. Ju\u010dait\u0117 Epilepsija sergan\u010di\u0173 vaik\u0173 miego sutrikimai ir melatonino sekrecijos bei ekskrecijos ypatumai.<\/p>\n<p>11.20 \u2013 11.40 I. \u0160itkauskien\u0117, U. K\u0161anas, R. Kva\u0161\u010devi\u010dius, S. Ro\u010dka, A. \u0160itkauskas Intraoperacinio veidinio nervo monitoravimo parametr\u0173 kitimai ir j\u0173 \u012ftaka veidinio nervo pooperacin\u0117ms i\u0161eitims klausos nervo neurinom\u0173 operacij\u0173 metu.<\/p>\n<p>11.40 \u2013 12.00 G. Baranauskas, N. Svirskien\u0117, G. Svirskis 20 Hz membranos potencialo svyravimai generuojami sinapsini\u0173 \u012f\u0117jim\u0173 susid\u016brim\u0105 detektuojan\u010diuose neuronuose varl\u0117s regos tektume.<\/p>\n<p>12.00 \u2013 13.00 Piet\u0173 pertrauka<\/p>\n<p>Popietin\u0117 sesija I (pirmininkauja A. Pleska\u010diauskas)<\/p>\n<p>13.00 \u2013 13.20 V. \u010cerny\u0161iov Pamaininis darbas, cirkadini\u0173 ritm\u0173 sutrikimas ir kr\u016bties v\u0117\u017eio rizika.<\/p>\n<p>13.20 \u2013 13.40 G. Kad\u017eien\u0117, A. Bulatov, A. Bertulis, L. Mickien\u0117 Distraktori\u0173 pos\u016bkio sukeliamos stataus kampo derinimo klaidos.<\/p>\n<p>13.40 \u2013 14.00 E. Dir\u017eius, G. \u017dukauskait\u0117, B. V\u0117brait\u0117, D. Leskauskas, A. Bulatov M\u00fcller-Lyer fig\u016br\u0173 suvokimo ypatumai sergant \u0161izofrenija.<\/p>\n<p>14.00 \u2013 14.20 V. Valiulis, G. Gerulskis, K. Dap\u0161ys Neuronavigacin\u0117 transkranijin\u0117s magnetin\u0117s stimuliacijos sistema ir jos taikymo neurofiziologiniuose tyrimuose galimyb\u0117s.<\/p>\n<p>14.20 \u2013 14.40 A. Kaselis, R. Treinys, R. Vosyli\u016bt\u0117, D. Bagnard, S. \u0160atkauskas Kalcio kanal\u0173 vaidmuo formuojantis semaforino 3A sukeltiems sensorini\u0173 neuron\u0173 augimo k\u016bgeli\u0173 kolapsams.<\/p>\n<p>14.40 \u2013 15.00 R. Mork\u016bnien\u0117, P. \u010ci\u017eas, S. Jankevi\u010di\u016bt\u0117, R. Budvytyt\u0117, G. Valin\u010dius, V. Borutait\u0117 Ma\u017ei ir dideli beta amiloido oligomerai sukelia neuron\u0173 \u017e\u016bt\u012f skirtingais mechanizmais.<\/p>\n<p>15.00 \u2013 15.20 Kavos pertrauka<\/p>\n<p>Popietin\u0117 sesija II (pirmininkauja R. Bui\u0161as)<\/p>\n<p>15.20 \u2013 15.35 A.G. Pau\u017ea, K. Rysevait\u0117, O. Ruk\u0161\u0117nas, D.H. Pau\u017ea \u0160irdies skilveli\u0173 nerviniai mazgai ir j\u0173 galima funkcija.<\/p>\n<p>15.35 \u2013 15.50 S. \u010cin\u010di\u016bt\u0117, A. Daktari\u016bnas Smegen\u0173 aktyvumo tyrimas optin\u0117s spektroskopijos b\u016bdu.<\/p>\n<p>15.50 \u2013 16.05 I. Lapeikait\u0117, V. Kisnierien\u0117, V. Sakalauskas Glutamato receptoriai augaluose: tipai, paplitimas ir signalin\u0117 funkcija.<\/p>\n<p>16.05 \u2013 16.20 R. Grigonis, A. Alaburda Veikimo potencial\u0173 slenks\u010dio depoliarizacija motoneuronuose funkcinio stuburo smegen\u0173 neuron\u0173 tinklo aktyvumo metu.<\/p>\n<p>16.20 \u2013 16.35 D. Kurmanavi\u010di\u016bt\u0117, R. Grigonis, R. Bui\u0161as, A. Alaburda Veikimo potencial\u0173 depoliarizacijos grei\u010di\u0173 kitimas vykstant adaptacijai motoneuronuose.<\/p>\n<p>16.35 \u2013 16.55 A. Saudargien\u0117, J. Hellgren-Kotaleski, M.-L. Linne Neuroinformatics for advancement of neural science.<\/p>\n<p>&nbsp;<\/p>\n<div class=\"su-custom-gallery su-custom-gallery-align-left su-custom-gallery-title-never su-lightbox-gallery\"><div class=\"su-custom-gallery-slide\" style=\"width:100px;height:100px\"><a href=\"https:\/\/www.neuromokslai.lt\/wp-content\/uploads\/2021\/07\/4e2ae2659e9a5f49ccf723426e584040.jpg\" title=\"4e2ae2659e9a5f49ccf723426e584040\"><img loading=\"lazy\" decoding=\"async\" src=\"https:\/\/www.neuromokslai.lt\/wp-content\/uploads\/2021\/07\/4e2ae2659e9a5f49ccf723426e584040-100x100.jpg\" alt=\"4e2ae2659e9a5f49ccf723426e584040\" width=\"100\" height=\"100\" \/><span class=\"su-custom-gallery-title\">4e2ae2659e9a5f49ccf723426e584040<\/span><\/a><\/div><div class=\"su-custom-gallery-slide\" style=\"width:100px;height:100px\"><a href=\"https:\/\/www.neuromokslai.lt\/wp-content\/uploads\/2021\/07\/5d3954f566dd67da195317709f31a265.jpg\" title=\"5d3954f566dd67da195317709f31a265\"><img loading=\"lazy\" decoding=\"async\" src=\"https:\/\/www.neuromokslai.lt\/wp-content\/uploads\/2021\/07\/5d3954f566dd67da195317709f31a265-100x100.jpg\" alt=\"5d3954f566dd67da195317709f31a265\" width=\"100\" height=\"100\" \/><span class=\"su-custom-gallery-title\">5d3954f566dd67da195317709f31a265<\/span><\/a><\/div><div class=\"su-custom-gallery-slide\" style=\"width:100px;height:100px\"><a href=\"https:\/\/www.neuromokslai.lt\/wp-content\/uploads\/2021\/07\/6a8df8126bb980287b8647426713e1a5.jpg\" title=\"6a8df8126bb980287b8647426713e1a5\"><img loading=\"lazy\" decoding=\"async\" src=\"https:\/\/www.neuromokslai.lt\/wp-content\/uploads\/2021\/07\/6a8df8126bb980287b8647426713e1a5-100x100.jpg\" alt=\"6a8df8126bb980287b8647426713e1a5\" width=\"100\" height=\"100\" \/><span class=\"su-custom-gallery-title\">6a8df8126bb980287b8647426713e1a5<\/span><\/a><\/div><div class=\"su-custom-gallery-slide\" style=\"width:100px;height:100px\"><a href=\"https:\/\/www.neuromokslai.lt\/wp-content\/uploads\/2021\/07\/7b56d78ac5da298129db0d3d72bbf860.jpg\" title=\"7b56d78ac5da298129db0d3d72bbf860\"><img loading=\"lazy\" decoding=\"async\" src=\"https:\/\/www.neuromokslai.lt\/wp-content\/uploads\/2021\/07\/7b56d78ac5da298129db0d3d72bbf860-100x100.jpg\" alt=\"7b56d78ac5da298129db0d3d72bbf860\" width=\"100\" height=\"100\" \/><span class=\"su-custom-gallery-title\">7b56d78ac5da298129db0d3d72bbf860<\/span><\/a><\/div><div class=\"su-custom-gallery-slide\" style=\"width:100px;height:100px\"><a href=\"https:\/\/www.neuromokslai.lt\/wp-content\/uploads\/2021\/07\/7ca1094efa3b9f5ee53843bf10d1e3e6.jpg\" title=\"7ca1094efa3b9f5ee53843bf10d1e3e6\"><img loading=\"lazy\" decoding=\"async\" src=\"https:\/\/www.neuromokslai.lt\/wp-content\/uploads\/2021\/07\/7ca1094efa3b9f5ee53843bf10d1e3e6-100x100.jpg\" alt=\"7ca1094efa3b9f5ee53843bf10d1e3e6\" width=\"100\" height=\"100\" \/><span class=\"su-custom-gallery-title\">7ca1094efa3b9f5ee53843bf10d1e3e6<\/span><\/a><\/div><div class=\"su-custom-gallery-slide\" style=\"width:100px;height:100px\"><a href=\"https:\/\/www.neuromokslai.lt\/wp-content\/uploads\/2021\/07\/7f1552ef556f03846e5068e21055a88d.jpg\" title=\"7f1552ef556f03846e5068e21055a88d\"><img loading=\"lazy\" decoding=\"async\" src=\"https:\/\/www.neuromokslai.lt\/wp-content\/uploads\/2021\/07\/7f1552ef556f03846e5068e21055a88d-100x100.jpg\" alt=\"7f1552ef556f03846e5068e21055a88d\" width=\"100\" height=\"100\" \/><span class=\"su-custom-gallery-title\">7f1552ef556f03846e5068e21055a88d<\/span><\/a><\/div><div class=\"su-custom-gallery-slide\" style=\"width:100px;height:100px\"><a href=\"https:\/\/www.neuromokslai.lt\/wp-content\/uploads\/2021\/07\/9bb3a662dc69261b9042e96b346ac9b1.jpg\" title=\"9bb3a662dc69261b9042e96b346ac9b1\"><img loading=\"lazy\" decoding=\"async\" src=\"https:\/\/www.neuromokslai.lt\/wp-content\/uploads\/2021\/07\/9bb3a662dc69261b9042e96b346ac9b1-100x100.jpg\" alt=\"9bb3a662dc69261b9042e96b346ac9b1\" width=\"100\" height=\"100\" \/><span class=\"su-custom-gallery-title\">9bb3a662dc69261b9042e96b346ac9b1<\/span><\/a><\/div><div class=\"su-custom-gallery-slide\" style=\"width:100px;height:100px\"><a href=\"https:\/\/www.neuromokslai.lt\/wp-content\/uploads\/2021\/07\/9e5debb571030ce8390191e13f2b98f4.jpg\" title=\"9e5debb571030ce8390191e13f2b98f4\"><img loading=\"lazy\" decoding=\"async\" src=\"https:\/\/www.neuromokslai.lt\/wp-content\/uploads\/2021\/07\/9e5debb571030ce8390191e13f2b98f4-100x100.jpg\" alt=\"9e5debb571030ce8390191e13f2b98f4\" width=\"100\" height=\"100\" \/><span class=\"su-custom-gallery-title\">9e5debb571030ce8390191e13f2b98f4<\/span><\/a><\/div><div class=\"su-custom-gallery-slide\" style=\"width:100px;height:100px\"><a href=\"https:\/\/www.neuromokslai.lt\/wp-content\/uploads\/2021\/07\/56b2599e0a2e6641a043ec0623e3fabb.jpg\" title=\"56b2599e0a2e6641a043ec0623e3fabb\"><img loading=\"lazy\" decoding=\"async\" src=\"https:\/\/www.neuromokslai.lt\/wp-content\/uploads\/2021\/07\/56b2599e0a2e6641a043ec0623e3fabb-100x100.jpg\" alt=\"56b2599e0a2e6641a043ec0623e3fabb\" width=\"100\" height=\"100\" \/><span class=\"su-custom-gallery-title\">56b2599e0a2e6641a043ec0623e3fabb<\/span><\/a><\/div><div class=\"su-custom-gallery-slide\" style=\"width:100px;height:100px\"><a href=\"https:\/\/www.neuromokslai.lt\/wp-content\/uploads\/2021\/07\/73ce11c316b068bc7ed5ca7014e959ff.jpg\" title=\"73ce11c316b068bc7ed5ca7014e959ff\"><img loading=\"lazy\" decoding=\"async\" src=\"https:\/\/www.neuromokslai.lt\/wp-content\/uploads\/2021\/07\/73ce11c316b068bc7ed5ca7014e959ff-100x100.jpg\" alt=\"73ce11c316b068bc7ed5ca7014e959ff\" width=\"100\" height=\"100\" \/><span class=\"su-custom-gallery-title\">73ce11c316b068bc7ed5ca7014e959ff<\/span><\/a><\/div><div class=\"su-custom-gallery-slide\" style=\"width:100px;height:100px\"><a href=\"https:\/\/www.neuromokslai.lt\/wp-content\/uploads\/2021\/07\/269e35c8cb348e6d5a19cbcc9d433a8d.jpg\" title=\"269e35c8cb348e6d5a19cbcc9d433a8d\"><img loading=\"lazy\" decoding=\"async\" src=\"https:\/\/www.neuromokslai.lt\/wp-content\/uploads\/2021\/07\/269e35c8cb348e6d5a19cbcc9d433a8d-100x100.jpg\" alt=\"269e35c8cb348e6d5a19cbcc9d433a8d\" width=\"100\" height=\"100\" \/><span class=\"su-custom-gallery-title\">269e35c8cb348e6d5a19cbcc9d433a8d<\/span><\/a><\/div><div class=\"su-custom-gallery-slide\" style=\"width:100px;height:100px\"><a href=\"https:\/\/www.neuromokslai.lt\/wp-content\/uploads\/2021\/07\/287f72e39d4899a77dae57a60a12147c.jpg\" title=\"287f72e39d4899a77dae57a60a12147c\"><img loading=\"lazy\" decoding=\"async\" src=\"https:\/\/www.neuromokslai.lt\/wp-content\/uploads\/2021\/07\/287f72e39d4899a77dae57a60a12147c-100x100.jpg\" alt=\"287f72e39d4899a77dae57a60a12147c\" width=\"100\" height=\"100\" \/><span class=\"su-custom-gallery-title\">287f72e39d4899a77dae57a60a12147c<\/span><\/a><\/div><div class=\"su-custom-gallery-slide\" style=\"width:100px;height:100px\"><a href=\"https:\/\/www.neuromokslai.lt\/wp-content\/uploads\/2021\/07\/360ccb6300d5d5cd81382cc850d6c164.jpg\" title=\"360ccb6300d5d5cd81382cc850d6c164\"><img loading=\"lazy\" decoding=\"async\" src=\"https:\/\/www.neuromokslai.lt\/wp-content\/uploads\/2021\/07\/360ccb6300d5d5cd81382cc850d6c164-100x100.jpg\" alt=\"360ccb6300d5d5cd81382cc850d6c164\" width=\"100\" height=\"100\" \/><span class=\"su-custom-gallery-title\">360ccb6300d5d5cd81382cc850d6c164<\/span><\/a><\/div><div class=\"su-custom-gallery-slide\" style=\"width:100px;height:100px\"><a href=\"https:\/\/www.neuromokslai.lt\/wp-content\/uploads\/2021\/07\/754f30117fc0b830104766f124d50ab8.jpg\" title=\"754f30117fc0b830104766f124d50ab8\"><img loading=\"lazy\" decoding=\"async\" src=\"https:\/\/www.neuromokslai.lt\/wp-content\/uploads\/2021\/07\/754f30117fc0b830104766f124d50ab8-100x100.jpg\" alt=\"754f30117fc0b830104766f124d50ab8\" width=\"100\" height=\"100\" \/><span class=\"su-custom-gallery-title\">754f30117fc0b830104766f124d50ab8<\/span><\/a><\/div><div class=\"su-custom-gallery-slide\" style=\"width:100px;height:100px\"><a href=\"https:\/\/www.neuromokslai.lt\/wp-content\/uploads\/2021\/07\/9792c3b576df287bf555080eb78eb96c.jpg\" title=\"9792c3b576df287bf555080eb78eb96c\"><img loading=\"lazy\" decoding=\"async\" src=\"https:\/\/www.neuromokslai.lt\/wp-content\/uploads\/2021\/07\/9792c3b576df287bf555080eb78eb96c-100x100.jpg\" alt=\"9792c3b576df287bf555080eb78eb96c\" width=\"100\" height=\"100\" \/><span class=\"su-custom-gallery-title\">9792c3b576df287bf555080eb78eb96c<\/span><\/a><\/div><div class=\"su-custom-gallery-slide\" style=\"width:100px;height:100px\"><a href=\"https:\/\/www.neuromokslai.lt\/wp-content\/uploads\/2021\/07\/9848382a82d86dc02ffc08a8adff9419.jpg\" title=\"9848382a82d86dc02ffc08a8adff9419\"><img loading=\"lazy\" decoding=\"async\" src=\"https:\/\/www.neuromokslai.lt\/wp-content\/uploads\/2021\/07\/9848382a82d86dc02ffc08a8adff9419-100x100.jpg\" alt=\"9848382a82d86dc02ffc08a8adff9419\" width=\"100\" height=\"100\" \/><span class=\"su-custom-gallery-title\">9848382a82d86dc02ffc08a8adff9419<\/span><\/a><\/div><div class=\"su-custom-gallery-slide\" style=\"width:100px;height:100px\"><a href=\"https:\/\/www.neuromokslai.lt\/wp-content\/uploads\/2021\/07\/ac1e203ab13fba5879bc683e059c9477.jpg\" title=\"ac1e203ab13fba5879bc683e059c9477\"><img loading=\"lazy\" decoding=\"async\" src=\"https:\/\/www.neuromokslai.lt\/wp-content\/uploads\/2021\/07\/ac1e203ab13fba5879bc683e059c9477-100x100.jpg\" alt=\"ac1e203ab13fba5879bc683e059c9477\" width=\"100\" height=\"100\" \/><span class=\"su-custom-gallery-title\">ac1e203ab13fba5879bc683e059c9477<\/span><\/a><\/div><div class=\"su-custom-gallery-slide\" style=\"width:100px;height:100px\"><a href=\"https:\/\/www.neuromokslai.lt\/wp-content\/uploads\/2021\/07\/cfe8fce0d2bc326fcaedba21ec2dc02f.jpg\" title=\"cfe8fce0d2bc326fcaedba21ec2dc02f\"><img loading=\"lazy\" decoding=\"async\" src=\"https:\/\/www.neuromokslai.lt\/wp-content\/uploads\/2021\/07\/cfe8fce0d2bc326fcaedba21ec2dc02f-100x100.jpg\" alt=\"cfe8fce0d2bc326fcaedba21ec2dc02f\" width=\"100\" height=\"100\" \/><span class=\"su-custom-gallery-title\">cfe8fce0d2bc326fcaedba21ec2dc02f<\/span><\/a><\/div><div class=\"su-custom-gallery-slide\" style=\"width:100px;height:100px\"><a href=\"https:\/\/www.neuromokslai.lt\/wp-content\/uploads\/2021\/07\/dc0c8b5311e548b96ba7a32c02d05ac0.jpg\" title=\"dc0c8b5311e548b96ba7a32c02d05ac0\"><img loading=\"lazy\" decoding=\"async\" src=\"https:\/\/www.neuromokslai.lt\/wp-content\/uploads\/2021\/07\/dc0c8b5311e548b96ba7a32c02d05ac0-100x100.jpg\" alt=\"dc0c8b5311e548b96ba7a32c02d05ac0\" width=\"100\" height=\"100\" \/><span class=\"su-custom-gallery-title\">dc0c8b5311e548b96ba7a32c02d05ac0<\/span><\/a><\/div><div class=\"su-custom-gallery-slide\" style=\"width:100px;height:100px\"><a href=\"https:\/\/www.neuromokslai.lt\/wp-content\/uploads\/2021\/07\/0af7a376aae98d6159a3c240f1215061.jpg\" title=\"0af7a376aae98d6159a3c240f1215061\"><img loading=\"lazy\" decoding=\"async\" src=\"https:\/\/www.neuromokslai.lt\/wp-content\/uploads\/2021\/07\/0af7a376aae98d6159a3c240f1215061-100x100.jpg\" alt=\"0af7a376aae98d6159a3c240f1215061\" width=\"100\" height=\"100\" \/><span class=\"su-custom-gallery-title\">0af7a376aae98d6159a3c240f1215061<\/span><\/a><\/div><div class=\"su-clear\"><\/div><\/div>\n","protected":false},"excerpt":{"rendered":"<p>KETVIRTOJI MOKSLIN\u0116 LIETUVOS NEUROMOKSL\u0172 ASOCIACIJOS KONFERENCIJA 2012 m. gruod\u017eio 7 d., Vilnius PROGRAMA. PRANE\u0160IM\u0172 MED\u017dIAGA 09.00 \u2013 09.30 Ataskaitinis-rinkiminis LNA nari\u0173 susirinkimas (ataskaita, rinkimai ir kt. klausimai) 09.30 \u2013 09.55 Registracija \u012f konferencij\u0105. Kava. Rytin\u0117 sesija (pirmininkauja A. Bertulis) 09.55 \u2013 10.00 O. Ruk\u0161\u0117nas \u012evadinis \u017eodis. 10.00 \u2013 11.00 T. Rytel Neuromarketingas: naujas vartotoj\u0173 elgsenos [&hellip;]<\/p>\n","protected":false},"author":1,"featured_media":0,"parent":888,"menu_order":0,"comment_status":"closed","ping_status":"closed","template":"","meta":{"_acf_changed":false,"footnotes":""},"class_list":["post-958","page","type-page","status-publish","hentry"],"acf":[],"yoast_head":"<!-- This site is optimized with the Yoast SEO plugin v24.3 - https:\/\/yoast.com\/wordpress\/plugins\/seo\/ -->\n<title>LNA conference (2012) - neuromokslai.lt<\/title>\n<meta name=\"robots\" content=\"index, follow, max-snippet:-1, max-image-preview:large, max-video-preview:-1\" \/>\n<link rel=\"canonical\" href=\"https:\/\/www.neuromokslai.lt\/en\/conferences\/lna-conference-2012\/\" \/>\n<meta property=\"og:locale\" content=\"en_US\" \/>\n<meta property=\"og:type\" content=\"article\" \/>\n<meta property=\"og:title\" content=\"LNA conference (2012) - neuromokslai.lt\" \/>\n<meta property=\"og:description\" content=\"KETVIRTOJI MOKSLIN\u0116 LIETUVOS NEUROMOKSL\u0172 ASOCIACIJOS KONFERENCIJA 2012 m. gruod\u017eio 7 d., Vilnius PROGRAMA. PRANE\u0160IM\u0172 MED\u017dIAGA 09.00 \u2013 09.30 Ataskaitinis-rinkiminis LNA nari\u0173 susirinkimas (ataskaita, rinkimai ir kt. klausimai) 09.30 \u2013 09.55 Registracija \u012f konferencij\u0105. Kava. Rytin\u0117 sesija (pirmininkauja A. Bertulis) 09.55 \u2013 10.00 O. Ruk\u0161\u0117nas \u012evadinis \u017eodis. 10.00 \u2013 11.00 T. Rytel Neuromarketingas: naujas vartotoj\u0173 elgsenos [&hellip;]\" \/>\n<meta property=\"og:url\" content=\"https:\/\/www.neuromokslai.lt\/en\/conferences\/lna-conference-2012\/\" \/>\n<meta property=\"og:site_name\" content=\"neuromokslai.lt\" \/>\n<meta property=\"article:modified_time\" content=\"2021-09-13T18:04:46+00:00\" \/>\n<meta name=\"twitter:card\" content=\"summary_large_image\" \/>\n<meta name=\"twitter:label1\" content=\"Est. reading time\" \/>\n\t<meta name=\"twitter:data1\" content=\"2 minutes\" \/>\n<script type=\"application\/ld+json\" class=\"yoast-schema-graph\">{\"@context\":\"https:\/\/schema.org\",\"@graph\":[{\"@type\":\"WebPage\",\"@id\":\"https:\/\/www.neuromokslai.lt\/en\/conferences\/lna-conference-2012\/\",\"url\":\"https:\/\/www.neuromokslai.lt\/en\/conferences\/lna-conference-2012\/\",\"name\":\"LNA conference (2012) - neuromokslai.lt\",\"isPartOf\":{\"@id\":\"https:\/\/www.neuromokslai.lt\/#website\"},\"datePublished\":\"2021-07-16T10:02:23+00:00\",\"dateModified\":\"2021-09-13T18:04:46+00:00\",\"breadcrumb\":{\"@id\":\"https:\/\/www.neuromokslai.lt\/en\/conferences\/lna-conference-2012\/#breadcrumb\"},\"inLanguage\":\"en-US\",\"potentialAction\":[{\"@type\":\"ReadAction\",\"target\":[\"https:\/\/www.neuromokslai.lt\/en\/conferences\/lna-conference-2012\/\"]}]},{\"@type\":\"BreadcrumbList\",\"@id\":\"https:\/\/www.neuromokslai.lt\/en\/conferences\/lna-conference-2012\/#breadcrumb\",\"itemListElement\":[{\"@type\":\"ListItem\",\"position\":1,\"name\":\"Home\",\"item\":\"https:\/\/www.neuromokslai.lt\/en\/\"},{\"@type\":\"ListItem\",\"position\":2,\"name\":\"Conferences\",\"item\":\"https:\/\/www.neuromokslai.lt\/en\/conferences\/\"},{\"@type\":\"ListItem\",\"position\":3,\"name\":\"LNA conference (2012)\"}]},{\"@type\":\"WebSite\",\"@id\":\"https:\/\/www.neuromokslai.lt\/#website\",\"url\":\"https:\/\/www.neuromokslai.lt\/\",\"name\":\"neuromokslai.lt\",\"description\":\"Lietuvos neuromoksl\u0173 asociacija\",\"potentialAction\":[{\"@type\":\"SearchAction\",\"target\":{\"@type\":\"EntryPoint\",\"urlTemplate\":\"https:\/\/www.neuromokslai.lt\/?s={search_term_string}\"},\"query-input\":{\"@type\":\"PropertyValueSpecification\",\"valueRequired\":true,\"valueName\":\"search_term_string\"}}],\"inLanguage\":\"en-US\"}]}<\/script>\n<!-- \/ Yoast SEO plugin. -->","yoast_head_json":{"title":"LNA conference (2012) - neuromokslai.lt","robots":{"index":"index","follow":"follow","max-snippet":"max-snippet:-1","max-image-preview":"max-image-preview:large","max-video-preview":"max-video-preview:-1"},"canonical":"https:\/\/www.neuromokslai.lt\/en\/conferences\/lna-conference-2012\/","og_locale":"en_US","og_type":"article","og_title":"LNA conference (2012) - neuromokslai.lt","og_description":"KETVIRTOJI MOKSLIN\u0116 LIETUVOS NEUROMOKSL\u0172 ASOCIACIJOS KONFERENCIJA 2012 m. gruod\u017eio 7 d., Vilnius PROGRAMA. PRANE\u0160IM\u0172 MED\u017dIAGA 09.00 \u2013 09.30 Ataskaitinis-rinkiminis LNA nari\u0173 susirinkimas (ataskaita, rinkimai ir kt. klausimai) 09.30 \u2013 09.55 Registracija \u012f konferencij\u0105. Kava. Rytin\u0117 sesija (pirmininkauja A. Bertulis) 09.55 \u2013 10.00 O. Ruk\u0161\u0117nas \u012evadinis \u017eodis. 10.00 \u2013 11.00 T. Rytel Neuromarketingas: naujas vartotoj\u0173 elgsenos [&hellip;]","og_url":"https:\/\/www.neuromokslai.lt\/en\/conferences\/lna-conference-2012\/","og_site_name":"neuromokslai.lt","article_modified_time":"2021-09-13T18:04:46+00:00","twitter_card":"summary_large_image","twitter_misc":{"Est. reading time":"2 minutes"},"schema":{"@context":"https:\/\/schema.org","@graph":[{"@type":"WebPage","@id":"https:\/\/www.neuromokslai.lt\/en\/conferences\/lna-conference-2012\/","url":"https:\/\/www.neuromokslai.lt\/en\/conferences\/lna-conference-2012\/","name":"LNA conference (2012) - neuromokslai.lt","isPartOf":{"@id":"https:\/\/www.neuromokslai.lt\/#website"},"datePublished":"2021-07-16T10:02:23+00:00","dateModified":"2021-09-13T18:04:46+00:00","breadcrumb":{"@id":"https:\/\/www.neuromokslai.lt\/en\/conferences\/lna-conference-2012\/#breadcrumb"},"inLanguage":"en-US","potentialAction":[{"@type":"ReadAction","target":["https:\/\/www.neuromokslai.lt\/en\/conferences\/lna-conference-2012\/"]}]},{"@type":"BreadcrumbList","@id":"https:\/\/www.neuromokslai.lt\/en\/conferences\/lna-conference-2012\/#breadcrumb","itemListElement":[{"@type":"ListItem","position":1,"name":"Home","item":"https:\/\/www.neuromokslai.lt\/en\/"},{"@type":"ListItem","position":2,"name":"Conferences","item":"https:\/\/www.neuromokslai.lt\/en\/conferences\/"},{"@type":"ListItem","position":3,"name":"LNA conference (2012)"}]},{"@type":"WebSite","@id":"https:\/\/www.neuromokslai.lt\/#website","url":"https:\/\/www.neuromokslai.lt\/","name":"neuromokslai.lt","description":"Lietuvos neuromoksl\u0173 asociacija","potentialAction":[{"@type":"SearchAction","target":{"@type":"EntryPoint","urlTemplate":"https:\/\/www.neuromokslai.lt\/?s={search_term_string}"},"query-input":{"@type":"PropertyValueSpecification","valueRequired":true,"valueName":"search_term_string"}}],"inLanguage":"en-US"}]}},"_links":{"self":[{"href":"https:\/\/www.neuromokslai.lt\/en\/wp-json\/wp\/v2\/pages\/958"}],"collection":[{"href":"https:\/\/www.neuromokslai.lt\/en\/wp-json\/wp\/v2\/pages"}],"about":[{"href":"https:\/\/www.neuromokslai.lt\/en\/wp-json\/wp\/v2\/types\/page"}],"author":[{"embeddable":true,"href":"https:\/\/www.neuromokslai.lt\/en\/wp-json\/wp\/v2\/users\/1"}],"replies":[{"embeddable":true,"href":"https:\/\/www.neuromokslai.lt\/en\/wp-json\/wp\/v2\/comments?post=958"}],"version-history":[{"count":1,"href":"https:\/\/www.neuromokslai.lt\/en\/wp-json\/wp\/v2\/pages\/958\/revisions"}],"predecessor-version":[{"id":959,"href":"https:\/\/www.neuromokslai.lt\/en\/wp-json\/wp\/v2\/pages\/958\/revisions\/959"}],"up":[{"embeddable":true,"href":"https:\/\/www.neuromokslai.lt\/en\/wp-json\/wp\/v2\/pages\/888"}],"wp:attachment":[{"href":"https:\/\/www.neuromokslai.lt\/en\/wp-json\/wp\/v2\/media?parent=958"}],"curies":[{"name":"wp","href":"https:\/\/api.w.org\/{rel}","templated":true}]}}