{"id":969,"date":"2021-07-14T15:56:03","date_gmt":"2021-07-14T15:56:03","guid":{"rendered":"http:\/\/www5023.vu.lt\/brain-cognition-week\/2019-2\/"},"modified":"2021-09-13T18:11:06","modified_gmt":"2021-09-13T18:11:06","slug":"2019-2","status":"publish","type":"page","link":"https:\/\/www.neuromokslai.lt\/en\/brain-awareness-week\/2019-2\/","title":{"rendered":"2019"},"content":{"rendered":"<p><a href=\"https:\/\/www.youtube.com\/watch?v=fog9h_LC8J0\" target=\"_blank\" rel=\"noopener\"><img loading=\"lazy\" decoding=\"async\" class=\"alignnone size-medium wp-image-308\" src=\"http:\/\/www5023.vu.lt\/wp-content\/uploads\/2021\/07\/5376923f5783cb21a0c1c3fa2f995878-300x150.jpg\" alt=\"\" width=\"300\" height=\"150\" srcset=\"https:\/\/www.neuromokslai.lt\/wp-content\/uploads\/2021\/07\/5376923f5783cb21a0c1c3fa2f995878-300x150.jpg 300w, https:\/\/www.neuromokslai.lt\/wp-content\/uploads\/2021\/07\/5376923f5783cb21a0c1c3fa2f995878.jpg 357w\" sizes=\"(max-width: 300px) 100vw, 300px\" \/><\/a><\/p>\n<p>Vilniuje, VU GMC 102R auditorijoje, 2019 m. kovo 15 d. 14 val<\/p>\n<h3><strong>Smegen\u0173 pa\u017einimo savait\u0117:\u00a0<a title=\"BAW Vilniuje\" href=\"http:\/\/www.neuromokslai.lt\/files\/uploaded\/lna-virskinti-pdf.pdf\">VIR\u0160KINTI\u00a0 AR NEVIR\u0160KINTI: Smegen\u0173 \u017earnyno ry\u0161ys<\/a><\/strong><\/h3>\n<p><a title=\"video\" href=\"https:\/\/www.youtube.com\/watch?v=fog9h_LC8J0\" target=\"_blank\" rel=\"noopener\">Renginio video transliacija<\/a><\/p>\n<p>&nbsp;<\/p>\n<hr width=\"75%\" \/>\n<p>&nbsp;<\/p>\n<p>Kaune, LSMU Farmacijos fakulteto 202 auditorijoje, 2019 kovo 15 d. 15:30 val<\/p>\n<h3><strong>Smegen\u0173 pa\u017einimo savait\u0117:\u00a0<a title=\"BAW Kaunas\" href=\"http:\/\/www.neuromokslai.lt\/files\/uploaded\/baw-2019-kaunas.pdf\">Nerv\u0173 ir vir\u0161kinimo sistemos &#8211; susijusios labiau, nei tau gal\u0117jo pasirodyti<\/a><\/strong><\/h3>\n<p>&nbsp;<\/p>\n<hr width=\"75%\" \/>\n<p>&nbsp;<\/p>\n<p>Kartu vyko lygiagretus renginys<\/p>\n<p>Kaune, LSMU Centriniai r\u016bmai, V. La\u0161o auditorijoje 2019 kovo 19 d. 16:00 val<\/p>\n<h3>Apsinuodijim\u0173 prevencijos savait\u0117:\u00a0<a title=\"APS Kaunas\" href=\"http:\/\/www.neuromokslai.lt\/files\/uploaded\/baw-2019-kaunas.pdf\">Toksinis alkoholini\u0173 g\u0117rim\u0173 poveikis ir j\u0173 vartojimo ypatumai<\/a><\/h3>\n<p>&nbsp;<\/p>\n","protected":false},"excerpt":{"rendered":"<p>Vilniuje, VU GMC 102R auditorijoje, 2019 m. kovo 15 d. 14 val Smegen\u0173 pa\u017einimo savait\u0117:\u00a0VIR\u0160KINTI\u00a0 AR NEVIR\u0160KINTI: Smegen\u0173 \u017earnyno ry\u0161ys Renginio video transliacija &nbsp; &nbsp; Kaune, LSMU Farmacijos fakulteto 202 auditorijoje, 2019 kovo 15 d. 15:30 val Smegen\u0173 pa\u017einimo savait\u0117:\u00a0Nerv\u0173 ir vir\u0161kinimo sistemos &#8211; susijusios labiau, nei tau gal\u0117jo pasirodyti &nbsp; &nbsp; Kartu vyko lygiagretus [&hellip;]<\/p>\n","protected":false},"author":1,"featured_media":0,"parent":900,"menu_order":0,"comment_status":"closed","ping_status":"closed","template":"","meta":{"_acf_changed":false,"footnotes":""},"class_list":["post-969","page","type-page","status-publish","hentry"],"acf":[],"yoast_head":"<!-- This site is optimized with the Yoast SEO plugin v24.3 - https:\/\/yoast.com\/wordpress\/plugins\/seo\/ -->\n<title>2019 - neuromokslai.lt<\/title>\n<meta name=\"robots\" content=\"index, follow, max-snippet:-1, max-image-preview:large, max-video-preview:-1\" \/>\n<link rel=\"canonical\" href=\"https:\/\/www.neuromokslai.lt\/en\/brain-awareness-week\/2019-2\/\" \/>\n<meta property=\"og:locale\" content=\"en_US\" \/>\n<meta property=\"og:type\" content=\"article\" \/>\n<meta property=\"og:title\" content=\"2019 - neuromokslai.lt\" \/>\n<meta property=\"og:description\" content=\"Vilniuje, VU GMC 102R auditorijoje, 2019 m. kovo 15 d. 14 val Smegen\u0173 pa\u017einimo savait\u0117:\u00a0VIR\u0160KINTI\u00a0 AR NEVIR\u0160KINTI: Smegen\u0173 \u017earnyno ry\u0161ys Renginio video transliacija &nbsp; &nbsp; Kaune, LSMU Farmacijos fakulteto 202 auditorijoje, 2019 kovo 15 d. 15:30 val Smegen\u0173 pa\u017einimo savait\u0117:\u00a0Nerv\u0173 ir vir\u0161kinimo sistemos &#8211; susijusios labiau, nei tau gal\u0117jo pasirodyti &nbsp; &nbsp; Kartu vyko lygiagretus [&hellip;]\" \/>\n<meta property=\"og:url\" content=\"https:\/\/www.neuromokslai.lt\/en\/brain-awareness-week\/2019-2\/\" \/>\n<meta property=\"og:site_name\" content=\"neuromokslai.lt\" \/>\n<meta property=\"article:modified_time\" content=\"2021-09-13T18:11:06+00:00\" \/>\n<meta property=\"og:image\" content=\"http:\/\/www5023.vu.lt\/wp-content\/uploads\/2021\/07\/5376923f5783cb21a0c1c3fa2f995878-300x150.jpg\" \/>\n<meta name=\"twitter:card\" content=\"summary_large_image\" \/>\n<meta name=\"twitter:label1\" content=\"Est. reading time\" \/>\n\t<meta name=\"twitter:data1\" content=\"1 minute\" \/>\n<script type=\"application\/ld+json\" class=\"yoast-schema-graph\">{\"@context\":\"https:\/\/schema.org\",\"@graph\":[{\"@type\":\"WebPage\",\"@id\":\"https:\/\/www.neuromokslai.lt\/en\/brain-awareness-week\/2019-2\/\",\"url\":\"https:\/\/www.neuromokslai.lt\/en\/brain-awareness-week\/2019-2\/\",\"name\":\"2019 - neuromokslai.lt\",\"isPartOf\":{\"@id\":\"https:\/\/www.neuromokslai.lt\/#website\"},\"primaryImageOfPage\":{\"@id\":\"https:\/\/www.neuromokslai.lt\/en\/brain-awareness-week\/2019-2\/#primaryimage\"},\"image\":{\"@id\":\"https:\/\/www.neuromokslai.lt\/en\/brain-awareness-week\/2019-2\/#primaryimage\"},\"thumbnailUrl\":\"http:\/\/www5023.vu.lt\/wp-content\/uploads\/2021\/07\/5376923f5783cb21a0c1c3fa2f995878-300x150.jpg\",\"datePublished\":\"2021-07-14T15:56:03+00:00\",\"dateModified\":\"2021-09-13T18:11:06+00:00\",\"breadcrumb\":{\"@id\":\"https:\/\/www.neuromokslai.lt\/en\/brain-awareness-week\/2019-2\/#breadcrumb\"},\"inLanguage\":\"en-US\",\"potentialAction\":[{\"@type\":\"ReadAction\",\"target\":[\"https:\/\/www.neuromokslai.lt\/en\/brain-awareness-week\/2019-2\/\"]}]},{\"@type\":\"ImageObject\",\"inLanguage\":\"en-US\",\"@id\":\"https:\/\/www.neuromokslai.lt\/en\/brain-awareness-week\/2019-2\/#primaryimage\",\"url\":\"http:\/\/www5023.vu.lt\/wp-content\/uploads\/2021\/07\/5376923f5783cb21a0c1c3fa2f995878-300x150.jpg\",\"contentUrl\":\"http:\/\/www5023.vu.lt\/wp-content\/uploads\/2021\/07\/5376923f5783cb21a0c1c3fa2f995878-300x150.jpg\"},{\"@type\":\"BreadcrumbList\",\"@id\":\"https:\/\/www.neuromokslai.lt\/en\/brain-awareness-week\/2019-2\/#breadcrumb\",\"itemListElement\":[{\"@type\":\"ListItem\",\"position\":1,\"name\":\"Home\",\"item\":\"https:\/\/www.neuromokslai.lt\/en\/\"},{\"@type\":\"ListItem\",\"position\":2,\"name\":\"Brain Awareness Week\",\"item\":\"https:\/\/www.neuromokslai.lt\/en\/brain-awareness-week\/\"},{\"@type\":\"ListItem\",\"position\":3,\"name\":\"2019\"}]},{\"@type\":\"WebSite\",\"@id\":\"https:\/\/www.neuromokslai.lt\/#website\",\"url\":\"https:\/\/www.neuromokslai.lt\/\",\"name\":\"neuromokslai.lt\",\"description\":\"Lietuvos neuromoksl\u0173 asociacija\",\"potentialAction\":[{\"@type\":\"SearchAction\",\"target\":{\"@type\":\"EntryPoint\",\"urlTemplate\":\"https:\/\/www.neuromokslai.lt\/?s={search_term_string}\"},\"query-input\":{\"@type\":\"PropertyValueSpecification\",\"valueRequired\":true,\"valueName\":\"search_term_string\"}}],\"inLanguage\":\"en-US\"}]}<\/script>\n<!-- \/ Yoast SEO plugin. -->","yoast_head_json":{"title":"2019 - neuromokslai.lt","robots":{"index":"index","follow":"follow","max-snippet":"max-snippet:-1","max-image-preview":"max-image-preview:large","max-video-preview":"max-video-preview:-1"},"canonical":"https:\/\/www.neuromokslai.lt\/en\/brain-awareness-week\/2019-2\/","og_locale":"en_US","og_type":"article","og_title":"2019 - neuromokslai.lt","og_description":"Vilniuje, VU GMC 102R auditorijoje, 2019 m. kovo 15 d. 14 val Smegen\u0173 pa\u017einimo savait\u0117:\u00a0VIR\u0160KINTI\u00a0 AR NEVIR\u0160KINTI: Smegen\u0173 \u017earnyno ry\u0161ys Renginio video transliacija &nbsp; &nbsp; Kaune, LSMU Farmacijos fakulteto 202 auditorijoje, 2019 kovo 15 d. 15:30 val Smegen\u0173 pa\u017einimo savait\u0117:\u00a0Nerv\u0173 ir vir\u0161kinimo sistemos &#8211; susijusios labiau, nei tau gal\u0117jo pasirodyti &nbsp; &nbsp; Kartu vyko lygiagretus [&hellip;]","og_url":"https:\/\/www.neuromokslai.lt\/en\/brain-awareness-week\/2019-2\/","og_site_name":"neuromokslai.lt","article_modified_time":"2021-09-13T18:11:06+00:00","og_image":[{"url":"http:\/\/www5023.vu.lt\/wp-content\/uploads\/2021\/07\/5376923f5783cb21a0c1c3fa2f995878-300x150.jpg","type":"","width":"","height":""}],"twitter_card":"summary_large_image","twitter_misc":{"Est. reading time":"1 minute"},"schema":{"@context":"https:\/\/schema.org","@graph":[{"@type":"WebPage","@id":"https:\/\/www.neuromokslai.lt\/en\/brain-awareness-week\/2019-2\/","url":"https:\/\/www.neuromokslai.lt\/en\/brain-awareness-week\/2019-2\/","name":"2019 - neuromokslai.lt","isPartOf":{"@id":"https:\/\/www.neuromokslai.lt\/#website"},"primaryImageOfPage":{"@id":"https:\/\/www.neuromokslai.lt\/en\/brain-awareness-week\/2019-2\/#primaryimage"},"image":{"@id":"https:\/\/www.neuromokslai.lt\/en\/brain-awareness-week\/2019-2\/#primaryimage"},"thumbnailUrl":"http:\/\/www5023.vu.lt\/wp-content\/uploads\/2021\/07\/5376923f5783cb21a0c1c3fa2f995878-300x150.jpg","datePublished":"2021-07-14T15:56:03+00:00","dateModified":"2021-09-13T18:11:06+00:00","breadcrumb":{"@id":"https:\/\/www.neuromokslai.lt\/en\/brain-awareness-week\/2019-2\/#breadcrumb"},"inLanguage":"en-US","potentialAction":[{"@type":"ReadAction","target":["https:\/\/www.neuromokslai.lt\/en\/brain-awareness-week\/2019-2\/"]}]},{"@type":"ImageObject","inLanguage":"en-US","@id":"https:\/\/www.neuromokslai.lt\/en\/brain-awareness-week\/2019-2\/#primaryimage","url":"http:\/\/www5023.vu.lt\/wp-content\/uploads\/2021\/07\/5376923f5783cb21a0c1c3fa2f995878-300x150.jpg","contentUrl":"http:\/\/www5023.vu.lt\/wp-content\/uploads\/2021\/07\/5376923f5783cb21a0c1c3fa2f995878-300x150.jpg"},{"@type":"BreadcrumbList","@id":"https:\/\/www.neuromokslai.lt\/en\/brain-awareness-week\/2019-2\/#breadcrumb","itemListElement":[{"@type":"ListItem","position":1,"name":"Home","item":"https:\/\/www.neuromokslai.lt\/en\/"},{"@type":"ListItem","position":2,"name":"Brain Awareness Week","item":"https:\/\/www.neuromokslai.lt\/en\/brain-awareness-week\/"},{"@type":"ListItem","position":3,"name":"2019"}]},{"@type":"WebSite","@id":"https:\/\/www.neuromokslai.lt\/#website","url":"https:\/\/www.neuromokslai.lt\/","name":"neuromokslai.lt","description":"Lietuvos neuromoksl\u0173 asociacija","potentialAction":[{"@type":"SearchAction","target":{"@type":"EntryPoint","urlTemplate":"https:\/\/www.neuromokslai.lt\/?s={search_term_string}"},"query-input":{"@type":"PropertyValueSpecification","valueRequired":true,"valueName":"search_term_string"}}],"inLanguage":"en-US"}]}},"_links":{"self":[{"href":"https:\/\/www.neuromokslai.lt\/en\/wp-json\/wp\/v2\/pages\/969"}],"collection":[{"href":"https:\/\/www.neuromokslai.lt\/en\/wp-json\/wp\/v2\/pages"}],"about":[{"href":"https:\/\/www.neuromokslai.lt\/en\/wp-json\/wp\/v2\/types\/page"}],"author":[{"embeddable":true,"href":"https:\/\/www.neuromokslai.lt\/en\/wp-json\/wp\/v2\/users\/1"}],"replies":[{"embeddable":true,"href":"https:\/\/www.neuromokslai.lt\/en\/wp-json\/wp\/v2\/comments?post=969"}],"version-history":[{"count":2,"href":"https:\/\/www.neuromokslai.lt\/en\/wp-json\/wp\/v2\/pages\/969\/revisions"}],"predecessor-version":[{"id":972,"href":"https:\/\/www.neuromokslai.lt\/en\/wp-json\/wp\/v2\/pages\/969\/revisions\/972"}],"up":[{"embeddable":true,"href":"https:\/\/www.neuromokslai.lt\/en\/wp-json\/wp\/v2\/pages\/900"}],"wp:attachment":[{"href":"https:\/\/www.neuromokslai.lt\/en\/wp-json\/wp\/v2\/media?parent=969"}],"curies":[{"name":"wp","href":"https:\/\/api.w.org\/{rel}","templated":true}]}}