{"id":974,"date":"2021-07-14T15:54:12","date_gmt":"2021-07-14T15:54:12","guid":{"rendered":"http:\/\/www5023.vu.lt\/brain-cognition-week\/2018-2\/"},"modified":"2021-09-14T09:05:58","modified_gmt":"2021-09-14T09:05:58","slug":"2018-2","status":"publish","type":"page","link":"https:\/\/www.neuromokslai.lt\/en\/brain-awareness-week\/2018-2\/","title":{"rendered":"2018"},"content":{"rendered":"<h4>Smegen\u0173 pa\u017einimo savait\u0117 2018 m. kovo 12 &#8211; 18 d.<\/h4>\n<p><img loading=\"lazy\" decoding=\"async\" class=\"alignnone size-full wp-image-305\" src=\"http:\/\/www5023.vu.lt\/wp-content\/uploads\/2021\/07\/0bba1da8a3396b87afa988753bf47da6.jpg\" alt=\"\" width=\"243\" height=\"140\" \/><\/p>\n<h4>Vyrai ir moterys: ar tikrai tokie skirtingi?<\/h4>\n<p>Kovo 15 d. 15.00 val. FF A-204 auditorija (Sukil\u0117li\u0173 pr. 13, Kaunas)<\/p>\n<p>Rengini\u0173 Kaune\u00a0<strong><a href=\"http:\/\/www.neuromokslai.lt\/files\/uploaded\/smepasa18.pdf\">programa<\/a><\/strong><\/p>\n<h4>Ly\u010di\u0173 skirtumai: skirtingos perspektyvos<\/h4>\n<p>&nbsp;<\/p>\n<div dir=\"ltr\">Kovo\u00a016d., Vilniaus universiteto Gyvyb\u0117s moksl\u0173 centre, R106 a. (Saulet\u0117kio al. 7)<\/div>\n<p>&nbsp;<\/p>\n<p>Rengini\u0173 Vilniuje\u00a0<strong><a href=\"http:\/\/www.neuromokslai.lt\/files\/uploaded\/baw-2018-posteris-vilnius.pdf\">programa<\/a><\/strong><\/p>\n<p>&nbsp;<\/p>\n<h4><strong>Apsinuodijim\u0173 prevencijos savait\u0117 2018 m. kovo 18 &#8211; 24 d.<\/strong><\/h4>\n<h3>Lyties ir am\u017eiaus nulemti apsinuodijim\u0173 ypatumai<\/h3>\n<p>LSMU lektorius, gyd. toksikologas J. \u0160urkus<\/p>\n<p>Kovo 20 d. 17.00 val. V. La\u0161o auditorija (A. Mickevi\u010diaus g. 9, Kaunas)<\/p>\n","protected":false},"excerpt":{"rendered":"<p>Smegen\u0173 pa\u017einimo savait\u0117 2018 m. kovo 12 &#8211; 18 d. Vyrai ir moterys: ar tikrai tokie skirtingi? Kovo 15 d. 15.00 val. FF A-204 auditorija (Sukil\u0117li\u0173 pr. 13, Kaunas) Rengini\u0173 Kaune\u00a0programa Ly\u010di\u0173 skirtumai: skirtingos perspektyvos &nbsp; Kovo\u00a016d., Vilniaus universiteto Gyvyb\u0117s moksl\u0173 centre, R106 a. (Saulet\u0117kio al. 7) &nbsp; Rengini\u0173 Vilniuje\u00a0programa &nbsp; Apsinuodijim\u0173 prevencijos savait\u0117 2018 [&hellip;]<\/p>\n","protected":false},"author":1,"featured_media":0,"parent":900,"menu_order":0,"comment_status":"closed","ping_status":"closed","template":"","meta":{"_acf_changed":false,"footnotes":""},"class_list":["post-974","page","type-page","status-publish","hentry"],"acf":[],"yoast_head":"<!-- This site is optimized with the Yoast SEO plugin v24.3 - https:\/\/yoast.com\/wordpress\/plugins\/seo\/ -->\n<title>2018 - neuromokslai.lt<\/title>\n<meta name=\"robots\" content=\"index, follow, max-snippet:-1, max-image-preview:large, max-video-preview:-1\" \/>\n<link rel=\"canonical\" href=\"https:\/\/www.neuromokslai.lt\/en\/brain-awareness-week\/2018-2\/\" \/>\n<meta property=\"og:locale\" content=\"en_US\" \/>\n<meta property=\"og:type\" content=\"article\" \/>\n<meta property=\"og:title\" content=\"2018 - neuromokslai.lt\" \/>\n<meta property=\"og:description\" content=\"Smegen\u0173 pa\u017einimo savait\u0117 2018 m. kovo 12 &#8211; 18 d. Vyrai ir moterys: ar tikrai tokie skirtingi? Kovo 15 d. 15.00 val. FF A-204 auditorija (Sukil\u0117li\u0173 pr. 13, Kaunas) Rengini\u0173 Kaune\u00a0programa Ly\u010di\u0173 skirtumai: skirtingos perspektyvos &nbsp; Kovo\u00a016d., Vilniaus universiteto Gyvyb\u0117s moksl\u0173 centre, R106 a. (Saulet\u0117kio al. 7) &nbsp; Rengini\u0173 Vilniuje\u00a0programa &nbsp; Apsinuodijim\u0173 prevencijos savait\u0117 2018 [&hellip;]\" \/>\n<meta property=\"og:url\" content=\"https:\/\/www.neuromokslai.lt\/en\/brain-awareness-week\/2018-2\/\" \/>\n<meta property=\"og:site_name\" content=\"neuromokslai.lt\" \/>\n<meta property=\"article:modified_time\" content=\"2021-09-14T09:05:58+00:00\" \/>\n<meta property=\"og:image\" content=\"http:\/\/www5023.vu.lt\/wp-content\/uploads\/2021\/07\/0bba1da8a3396b87afa988753bf47da6.jpg\" \/>\n<meta name=\"twitter:card\" content=\"summary_large_image\" \/>\n<meta name=\"twitter:label1\" content=\"Est. reading time\" \/>\n\t<meta name=\"twitter:data1\" content=\"1 minute\" \/>\n<script type=\"application\/ld+json\" class=\"yoast-schema-graph\">{\"@context\":\"https:\/\/schema.org\",\"@graph\":[{\"@type\":\"WebPage\",\"@id\":\"https:\/\/www.neuromokslai.lt\/en\/brain-awareness-week\/2018-2\/\",\"url\":\"https:\/\/www.neuromokslai.lt\/en\/brain-awareness-week\/2018-2\/\",\"name\":\"2018 - neuromokslai.lt\",\"isPartOf\":{\"@id\":\"https:\/\/www.neuromokslai.lt\/#website\"},\"primaryImageOfPage\":{\"@id\":\"https:\/\/www.neuromokslai.lt\/en\/brain-awareness-week\/2018-2\/#primaryimage\"},\"image\":{\"@id\":\"https:\/\/www.neuromokslai.lt\/en\/brain-awareness-week\/2018-2\/#primaryimage\"},\"thumbnailUrl\":\"http:\/\/www5023.vu.lt\/wp-content\/uploads\/2021\/07\/0bba1da8a3396b87afa988753bf47da6.jpg\",\"datePublished\":\"2021-07-14T15:54:12+00:00\",\"dateModified\":\"2021-09-14T09:05:58+00:00\",\"breadcrumb\":{\"@id\":\"https:\/\/www.neuromokslai.lt\/en\/brain-awareness-week\/2018-2\/#breadcrumb\"},\"inLanguage\":\"en-US\",\"potentialAction\":[{\"@type\":\"ReadAction\",\"target\":[\"https:\/\/www.neuromokslai.lt\/en\/brain-awareness-week\/2018-2\/\"]}]},{\"@type\":\"ImageObject\",\"inLanguage\":\"en-US\",\"@id\":\"https:\/\/www.neuromokslai.lt\/en\/brain-awareness-week\/2018-2\/#primaryimage\",\"url\":\"http:\/\/www5023.vu.lt\/wp-content\/uploads\/2021\/07\/0bba1da8a3396b87afa988753bf47da6.jpg\",\"contentUrl\":\"http:\/\/www5023.vu.lt\/wp-content\/uploads\/2021\/07\/0bba1da8a3396b87afa988753bf47da6.jpg\"},{\"@type\":\"BreadcrumbList\",\"@id\":\"https:\/\/www.neuromokslai.lt\/en\/brain-awareness-week\/2018-2\/#breadcrumb\",\"itemListElement\":[{\"@type\":\"ListItem\",\"position\":1,\"name\":\"Home\",\"item\":\"https:\/\/www.neuromokslai.lt\/en\/\"},{\"@type\":\"ListItem\",\"position\":2,\"name\":\"Brain Awareness Week\",\"item\":\"https:\/\/www.neuromokslai.lt\/en\/brain-awareness-week\/\"},{\"@type\":\"ListItem\",\"position\":3,\"name\":\"2018\"}]},{\"@type\":\"WebSite\",\"@id\":\"https:\/\/www.neuromokslai.lt\/#website\",\"url\":\"https:\/\/www.neuromokslai.lt\/\",\"name\":\"neuromokslai.lt\",\"description\":\"Lietuvos neuromoksl\u0173 asociacija\",\"potentialAction\":[{\"@type\":\"SearchAction\",\"target\":{\"@type\":\"EntryPoint\",\"urlTemplate\":\"https:\/\/www.neuromokslai.lt\/?s={search_term_string}\"},\"query-input\":{\"@type\":\"PropertyValueSpecification\",\"valueRequired\":true,\"valueName\":\"search_term_string\"}}],\"inLanguage\":\"en-US\"}]}<\/script>\n<!-- \/ Yoast SEO plugin. -->","yoast_head_json":{"title":"2018 - neuromokslai.lt","robots":{"index":"index","follow":"follow","max-snippet":"max-snippet:-1","max-image-preview":"max-image-preview:large","max-video-preview":"max-video-preview:-1"},"canonical":"https:\/\/www.neuromokslai.lt\/en\/brain-awareness-week\/2018-2\/","og_locale":"en_US","og_type":"article","og_title":"2018 - neuromokslai.lt","og_description":"Smegen\u0173 pa\u017einimo savait\u0117 2018 m. kovo 12 &#8211; 18 d. Vyrai ir moterys: ar tikrai tokie skirtingi? Kovo 15 d. 15.00 val. FF A-204 auditorija (Sukil\u0117li\u0173 pr. 13, Kaunas) Rengini\u0173 Kaune\u00a0programa Ly\u010di\u0173 skirtumai: skirtingos perspektyvos &nbsp; Kovo\u00a016d., Vilniaus universiteto Gyvyb\u0117s moksl\u0173 centre, R106 a. (Saulet\u0117kio al. 7) &nbsp; Rengini\u0173 Vilniuje\u00a0programa &nbsp; Apsinuodijim\u0173 prevencijos savait\u0117 2018 [&hellip;]","og_url":"https:\/\/www.neuromokslai.lt\/en\/brain-awareness-week\/2018-2\/","og_site_name":"neuromokslai.lt","article_modified_time":"2021-09-14T09:05:58+00:00","og_image":[{"url":"http:\/\/www5023.vu.lt\/wp-content\/uploads\/2021\/07\/0bba1da8a3396b87afa988753bf47da6.jpg","type":"","width":"","height":""}],"twitter_card":"summary_large_image","twitter_misc":{"Est. reading time":"1 minute"},"schema":{"@context":"https:\/\/schema.org","@graph":[{"@type":"WebPage","@id":"https:\/\/www.neuromokslai.lt\/en\/brain-awareness-week\/2018-2\/","url":"https:\/\/www.neuromokslai.lt\/en\/brain-awareness-week\/2018-2\/","name":"2018 - neuromokslai.lt","isPartOf":{"@id":"https:\/\/www.neuromokslai.lt\/#website"},"primaryImageOfPage":{"@id":"https:\/\/www.neuromokslai.lt\/en\/brain-awareness-week\/2018-2\/#primaryimage"},"image":{"@id":"https:\/\/www.neuromokslai.lt\/en\/brain-awareness-week\/2018-2\/#primaryimage"},"thumbnailUrl":"http:\/\/www5023.vu.lt\/wp-content\/uploads\/2021\/07\/0bba1da8a3396b87afa988753bf47da6.jpg","datePublished":"2021-07-14T15:54:12+00:00","dateModified":"2021-09-14T09:05:58+00:00","breadcrumb":{"@id":"https:\/\/www.neuromokslai.lt\/en\/brain-awareness-week\/2018-2\/#breadcrumb"},"inLanguage":"en-US","potentialAction":[{"@type":"ReadAction","target":["https:\/\/www.neuromokslai.lt\/en\/brain-awareness-week\/2018-2\/"]}]},{"@type":"ImageObject","inLanguage":"en-US","@id":"https:\/\/www.neuromokslai.lt\/en\/brain-awareness-week\/2018-2\/#primaryimage","url":"http:\/\/www5023.vu.lt\/wp-content\/uploads\/2021\/07\/0bba1da8a3396b87afa988753bf47da6.jpg","contentUrl":"http:\/\/www5023.vu.lt\/wp-content\/uploads\/2021\/07\/0bba1da8a3396b87afa988753bf47da6.jpg"},{"@type":"BreadcrumbList","@id":"https:\/\/www.neuromokslai.lt\/en\/brain-awareness-week\/2018-2\/#breadcrumb","itemListElement":[{"@type":"ListItem","position":1,"name":"Home","item":"https:\/\/www.neuromokslai.lt\/en\/"},{"@type":"ListItem","position":2,"name":"Brain Awareness Week","item":"https:\/\/www.neuromokslai.lt\/en\/brain-awareness-week\/"},{"@type":"ListItem","position":3,"name":"2018"}]},{"@type":"WebSite","@id":"https:\/\/www.neuromokslai.lt\/#website","url":"https:\/\/www.neuromokslai.lt\/","name":"neuromokslai.lt","description":"Lietuvos neuromoksl\u0173 asociacija","potentialAction":[{"@type":"SearchAction","target":{"@type":"EntryPoint","urlTemplate":"https:\/\/www.neuromokslai.lt\/?s={search_term_string}"},"query-input":{"@type":"PropertyValueSpecification","valueRequired":true,"valueName":"search_term_string"}}],"inLanguage":"en-US"}]}},"_links":{"self":[{"href":"https:\/\/www.neuromokslai.lt\/en\/wp-json\/wp\/v2\/pages\/974"}],"collection":[{"href":"https:\/\/www.neuromokslai.lt\/en\/wp-json\/wp\/v2\/pages"}],"about":[{"href":"https:\/\/www.neuromokslai.lt\/en\/wp-json\/wp\/v2\/types\/page"}],"author":[{"embeddable":true,"href":"https:\/\/www.neuromokslai.lt\/en\/wp-json\/wp\/v2\/users\/1"}],"replies":[{"embeddable":true,"href":"https:\/\/www.neuromokslai.lt\/en\/wp-json\/wp\/v2\/comments?post=974"}],"version-history":[{"count":1,"href":"https:\/\/www.neuromokslai.lt\/en\/wp-json\/wp\/v2\/pages\/974\/revisions"}],"predecessor-version":[{"id":975,"href":"https:\/\/www.neuromokslai.lt\/en\/wp-json\/wp\/v2\/pages\/974\/revisions\/975"}],"up":[{"embeddable":true,"href":"https:\/\/www.neuromokslai.lt\/en\/wp-json\/wp\/v2\/pages\/900"}],"wp:attachment":[{"href":"https:\/\/www.neuromokslai.lt\/en\/wp-json\/wp\/v2\/media?parent=974"}],"curies":[{"name":"wp","href":"https:\/\/api.w.org\/{rel}","templated":true}]}}