{"id":979,"date":"2021-07-14T15:52:06","date_gmt":"2021-07-14T15:52:06","guid":{"rendered":"http:\/\/www5023.vu.lt\/brain-cognition-week\/2017-2\/"},"modified":"2021-09-14T09:11:42","modified_gmt":"2021-09-14T09:11:42","slug":"2017-2","status":"publish","type":"page","link":"https:\/\/www.neuromokslai.lt\/en\/brain-awareness-week\/2017-2\/","title":{"rendered":"2017"},"content":{"rendered":"<div class=\"page-header\">\n<h4>Smegen\u0173 pa\u017einimo savait\u0117 2017<\/h4>\n<\/div>\n<div>\n<p>Kvie\u010diame visus besidomin\u010dius neuromokslais \u012f pasaulin\u0117s<strong>\u00a0Smegen\u0173 pa\u017einimo savait\u0117s<\/strong>\u00a0renginius.<\/p>\n<p><strong>Renginiai Vilniuje:<\/strong><\/p>\n<p>Kovo 16 d. (ketvirtadien\u012f) Gyvyb\u0117s moksl\u0173 centre (Saul\u0117tekio al. 7, Vilniuje):<\/p>\n<ul>\n<li>14:00-16:00 atvir\u0173 dur\u0173 diena m\u016bs\u0173 neurobiologijos ir biofizikos laboratorijose;<\/li>\n<li>galimyb\u0117 i\u0161bandyti virtualios realyb\u0117s akinius;<\/li>\n<li>psichikos sutrikimus turin\u010di\u0173j\u0173 meno darb\u0173 paroda;<\/li>\n<li>17:00 Nijol\u0117 Go\u0161tautait\u0117 Midttun paskaita \u201e<em>Menas sutinka neuromokslus<\/em>\u201c;<\/li>\n<li>18:00 dokumentinio filmo &#8220;<em><a href=\"http:\/\/www.sengire.lt\/stebuklulaukas\/\">Stebukl\u0173 laukas<\/a><\/em>&#8221; per\u017ei\u016bra ir susitikimas su re\u017eisieriumi Mindaugu Survila.<\/li>\n<\/ul>\n<p>&nbsp;<\/p>\n<h4>FLUXUS SMEGENYS: PATYRIMAS &#8211; ATSIMINIMAS<\/h4>\n<p><\/p>\n<div>2017 m. kovo 15 d. tre\u010diadien\u012f atvykite \u012f Nacionalin\u0119 dail\u0117s galerij\u0105 (Konstitucijos pr. 22) tarp 12:30 ir 16:00. Nusirenkite r\u016bbin\u0117je. Tiek kiek pavyks. Papra\u0161ykite kasoje renginio lipduko. Prisiklijuokite j\u012f matomoje vietoje. Ateikite \u012f instrukcij\u0173 viet\u0105.\u00a0<br \/>\nRenginys nemokamas, bet kiekvienas j\u016bs\u0173 nupirktas bilietas palaiko Nacionalin\u0119 dail\u0117s galerij\u0105!<br \/>\n\u0160\u012fkart j\u016bs\u0173 smegenyse kursime nauj\u0105 atsiminim\u0105 apie \u0161iuolaikinio meno k\u016brin\u012f parodoje \u201cMiesto gamta: pradedant Vilniumi\u201d. Parodos ap\u017ei\u016bra su gidu 13 ir 15 val., kitu laiku savaranki\u0161kai sekant instrukcij\u0105. Su\u017einosite kaip pagaminti \u012fsimintin\u0105 atsiminim\u0105 ir \u0161\u012f bei t\u0105 apie atmint\u012f. Ir dar \u2026 atsiminim\u0105 supakuosime \u012f d\u0117\u017eutes \u2013 gal\u0117site dovanoti, sp\u0117lioti, ne\u0161tis ir dalintis.\u00a0<br \/>\nOrganizatoriai: Psichikos sveikatos iniciatyva, Nacionalin\u0117 dail\u0117s galerija, Vilniaus dail\u0117s akademija, Meno terapijos laboratorija, Lietuvos neuromoksl\u0173 asociacija.<br \/>\nPasiteiravimui, jeigu ka\u017eko ne\u012fsimin\u0117t\u0117: \u017dana +370 688 50158; Nijol\u0117 +370 698 04522, Kornelija +37061029139<\/div>\n<p>&nbsp;<\/p>\n<\/div>\n<p><strong>Renginiai Kaune:<\/strong><\/p>\n<p><img loading=\"lazy\" decoding=\"async\" class=\"alignnone wp-image-301 size-full\" src=\"http:\/\/www5023.vu.lt\/wp-content\/uploads\/2021\/07\/251995889bafdb1727ef33e8b8387cc2.jpg\" alt=\"\" width=\"1024\" height=\"584\" srcset=\"https:\/\/www.neuromokslai.lt\/wp-content\/uploads\/2021\/07\/251995889bafdb1727ef33e8b8387cc2.jpg 1024w, https:\/\/www.neuromokslai.lt\/wp-content\/uploads\/2021\/07\/251995889bafdb1727ef33e8b8387cc2-600x342.jpg 600w, https:\/\/www.neuromokslai.lt\/wp-content\/uploads\/2021\/07\/251995889bafdb1727ef33e8b8387cc2-300x171.jpg 300w, https:\/\/www.neuromokslai.lt\/wp-content\/uploads\/2021\/07\/251995889bafdb1727ef33e8b8387cc2-768x438.jpg 768w\" sizes=\"(max-width: 1024px) 100vw, 1024px\" \/><\/p>\n","protected":false},"excerpt":{"rendered":"<p>Smegen\u0173 pa\u017einimo savait\u0117 2017 Kvie\u010diame visus besidomin\u010dius neuromokslais \u012f pasaulin\u0117s\u00a0Smegen\u0173 pa\u017einimo savait\u0117s\u00a0renginius. Renginiai Vilniuje: Kovo 16 d. (ketvirtadien\u012f) Gyvyb\u0117s moksl\u0173 centre (Saul\u0117tekio al. 7, Vilniuje): 14:00-16:00 atvir\u0173 dur\u0173 diena m\u016bs\u0173 neurobiologijos ir biofizikos laboratorijose; galimyb\u0117 i\u0161bandyti virtualios realyb\u0117s akinius; psichikos sutrikimus turin\u010di\u0173j\u0173 meno darb\u0173 paroda; 17:00 Nijol\u0117 Go\u0161tautait\u0117 Midttun paskaita \u201eMenas sutinka neuromokslus\u201c; 18:00 dokumentinio [&hellip;]<\/p>\n","protected":false},"author":1,"featured_media":0,"parent":900,"menu_order":0,"comment_status":"closed","ping_status":"closed","template":"","meta":{"_acf_changed":false,"footnotes":""},"class_list":["post-979","page","type-page","status-publish","hentry"],"acf":[],"yoast_head":"<!-- This site is optimized with the Yoast SEO plugin v24.3 - https:\/\/yoast.com\/wordpress\/plugins\/seo\/ -->\n<title>2017 - neuromokslai.lt<\/title>\n<meta name=\"robots\" content=\"index, follow, max-snippet:-1, max-image-preview:large, max-video-preview:-1\" \/>\n<link rel=\"canonical\" href=\"https:\/\/www.neuromokslai.lt\/en\/brain-awareness-week\/2017-2\/\" \/>\n<meta property=\"og:locale\" content=\"en_US\" \/>\n<meta property=\"og:type\" content=\"article\" \/>\n<meta property=\"og:title\" content=\"2017 - neuromokslai.lt\" \/>\n<meta property=\"og:description\" content=\"Smegen\u0173 pa\u017einimo savait\u0117 2017 Kvie\u010diame visus besidomin\u010dius neuromokslais \u012f pasaulin\u0117s\u00a0Smegen\u0173 pa\u017einimo savait\u0117s\u00a0renginius. Renginiai Vilniuje: Kovo 16 d. (ketvirtadien\u012f) Gyvyb\u0117s moksl\u0173 centre (Saul\u0117tekio al. 7, Vilniuje): 14:00-16:00 atvir\u0173 dur\u0173 diena m\u016bs\u0173 neurobiologijos ir biofizikos laboratorijose; galimyb\u0117 i\u0161bandyti virtualios realyb\u0117s akinius; psichikos sutrikimus turin\u010di\u0173j\u0173 meno darb\u0173 paroda; 17:00 Nijol\u0117 Go\u0161tautait\u0117 Midttun paskaita \u201eMenas sutinka neuromokslus\u201c; 18:00 dokumentinio [&hellip;]\" \/>\n<meta property=\"og:url\" content=\"https:\/\/www.neuromokslai.lt\/en\/brain-awareness-week\/2017-2\/\" \/>\n<meta property=\"og:site_name\" content=\"neuromokslai.lt\" \/>\n<meta property=\"article:modified_time\" content=\"2021-09-14T09:11:42+00:00\" \/>\n<meta property=\"og:image\" content=\"http:\/\/www5023.vu.lt\/wp-content\/uploads\/2021\/07\/251995889bafdb1727ef33e8b8387cc2.jpg\" \/>\n<meta name=\"twitter:card\" content=\"summary_large_image\" \/>\n<meta name=\"twitter:label1\" content=\"Est. reading time\" \/>\n\t<meta name=\"twitter:data1\" content=\"2 minutes\" \/>\n<script type=\"application\/ld+json\" class=\"yoast-schema-graph\">{\"@context\":\"https:\/\/schema.org\",\"@graph\":[{\"@type\":\"WebPage\",\"@id\":\"https:\/\/www.neuromokslai.lt\/en\/brain-awareness-week\/2017-2\/\",\"url\":\"https:\/\/www.neuromokslai.lt\/en\/brain-awareness-week\/2017-2\/\",\"name\":\"2017 - neuromokslai.lt\",\"isPartOf\":{\"@id\":\"https:\/\/www.neuromokslai.lt\/#website\"},\"primaryImageOfPage\":{\"@id\":\"https:\/\/www.neuromokslai.lt\/en\/brain-awareness-week\/2017-2\/#primaryimage\"},\"image\":{\"@id\":\"https:\/\/www.neuromokslai.lt\/en\/brain-awareness-week\/2017-2\/#primaryimage\"},\"thumbnailUrl\":\"http:\/\/www5023.vu.lt\/wp-content\/uploads\/2021\/07\/251995889bafdb1727ef33e8b8387cc2.jpg\",\"datePublished\":\"2021-07-14T15:52:06+00:00\",\"dateModified\":\"2021-09-14T09:11:42+00:00\",\"breadcrumb\":{\"@id\":\"https:\/\/www.neuromokslai.lt\/en\/brain-awareness-week\/2017-2\/#breadcrumb\"},\"inLanguage\":\"en-US\",\"potentialAction\":[{\"@type\":\"ReadAction\",\"target\":[\"https:\/\/www.neuromokslai.lt\/en\/brain-awareness-week\/2017-2\/\"]}]},{\"@type\":\"ImageObject\",\"inLanguage\":\"en-US\",\"@id\":\"https:\/\/www.neuromokslai.lt\/en\/brain-awareness-week\/2017-2\/#primaryimage\",\"url\":\"http:\/\/www5023.vu.lt\/wp-content\/uploads\/2021\/07\/251995889bafdb1727ef33e8b8387cc2.jpg\",\"contentUrl\":\"http:\/\/www5023.vu.lt\/wp-content\/uploads\/2021\/07\/251995889bafdb1727ef33e8b8387cc2.jpg\"},{\"@type\":\"BreadcrumbList\",\"@id\":\"https:\/\/www.neuromokslai.lt\/en\/brain-awareness-week\/2017-2\/#breadcrumb\",\"itemListElement\":[{\"@type\":\"ListItem\",\"position\":1,\"name\":\"Home\",\"item\":\"https:\/\/www.neuromokslai.lt\/en\/\"},{\"@type\":\"ListItem\",\"position\":2,\"name\":\"Brain Awareness Week\",\"item\":\"https:\/\/www.neuromokslai.lt\/en\/brain-awareness-week\/\"},{\"@type\":\"ListItem\",\"position\":3,\"name\":\"2017\"}]},{\"@type\":\"WebSite\",\"@id\":\"https:\/\/www.neuromokslai.lt\/#website\",\"url\":\"https:\/\/www.neuromokslai.lt\/\",\"name\":\"neuromokslai.lt\",\"description\":\"Lietuvos neuromoksl\u0173 asociacija\",\"potentialAction\":[{\"@type\":\"SearchAction\",\"target\":{\"@type\":\"EntryPoint\",\"urlTemplate\":\"https:\/\/www.neuromokslai.lt\/?s={search_term_string}\"},\"query-input\":{\"@type\":\"PropertyValueSpecification\",\"valueRequired\":true,\"valueName\":\"search_term_string\"}}],\"inLanguage\":\"en-US\"}]}<\/script>\n<!-- \/ Yoast SEO plugin. -->","yoast_head_json":{"title":"2017 - neuromokslai.lt","robots":{"index":"index","follow":"follow","max-snippet":"max-snippet:-1","max-image-preview":"max-image-preview:large","max-video-preview":"max-video-preview:-1"},"canonical":"https:\/\/www.neuromokslai.lt\/en\/brain-awareness-week\/2017-2\/","og_locale":"en_US","og_type":"article","og_title":"2017 - neuromokslai.lt","og_description":"Smegen\u0173 pa\u017einimo savait\u0117 2017 Kvie\u010diame visus besidomin\u010dius neuromokslais \u012f pasaulin\u0117s\u00a0Smegen\u0173 pa\u017einimo savait\u0117s\u00a0renginius. Renginiai Vilniuje: Kovo 16 d. (ketvirtadien\u012f) Gyvyb\u0117s moksl\u0173 centre (Saul\u0117tekio al. 7, Vilniuje): 14:00-16:00 atvir\u0173 dur\u0173 diena m\u016bs\u0173 neurobiologijos ir biofizikos laboratorijose; galimyb\u0117 i\u0161bandyti virtualios realyb\u0117s akinius; psichikos sutrikimus turin\u010di\u0173j\u0173 meno darb\u0173 paroda; 17:00 Nijol\u0117 Go\u0161tautait\u0117 Midttun paskaita \u201eMenas sutinka neuromokslus\u201c; 18:00 dokumentinio [&hellip;]","og_url":"https:\/\/www.neuromokslai.lt\/en\/brain-awareness-week\/2017-2\/","og_site_name":"neuromokslai.lt","article_modified_time":"2021-09-14T09:11:42+00:00","og_image":[{"url":"http:\/\/www5023.vu.lt\/wp-content\/uploads\/2021\/07\/251995889bafdb1727ef33e8b8387cc2.jpg","type":"","width":"","height":""}],"twitter_card":"summary_large_image","twitter_misc":{"Est. reading time":"2 minutes"},"schema":{"@context":"https:\/\/schema.org","@graph":[{"@type":"WebPage","@id":"https:\/\/www.neuromokslai.lt\/en\/brain-awareness-week\/2017-2\/","url":"https:\/\/www.neuromokslai.lt\/en\/brain-awareness-week\/2017-2\/","name":"2017 - neuromokslai.lt","isPartOf":{"@id":"https:\/\/www.neuromokslai.lt\/#website"},"primaryImageOfPage":{"@id":"https:\/\/www.neuromokslai.lt\/en\/brain-awareness-week\/2017-2\/#primaryimage"},"image":{"@id":"https:\/\/www.neuromokslai.lt\/en\/brain-awareness-week\/2017-2\/#primaryimage"},"thumbnailUrl":"http:\/\/www5023.vu.lt\/wp-content\/uploads\/2021\/07\/251995889bafdb1727ef33e8b8387cc2.jpg","datePublished":"2021-07-14T15:52:06+00:00","dateModified":"2021-09-14T09:11:42+00:00","breadcrumb":{"@id":"https:\/\/www.neuromokslai.lt\/en\/brain-awareness-week\/2017-2\/#breadcrumb"},"inLanguage":"en-US","potentialAction":[{"@type":"ReadAction","target":["https:\/\/www.neuromokslai.lt\/en\/brain-awareness-week\/2017-2\/"]}]},{"@type":"ImageObject","inLanguage":"en-US","@id":"https:\/\/www.neuromokslai.lt\/en\/brain-awareness-week\/2017-2\/#primaryimage","url":"http:\/\/www5023.vu.lt\/wp-content\/uploads\/2021\/07\/251995889bafdb1727ef33e8b8387cc2.jpg","contentUrl":"http:\/\/www5023.vu.lt\/wp-content\/uploads\/2021\/07\/251995889bafdb1727ef33e8b8387cc2.jpg"},{"@type":"BreadcrumbList","@id":"https:\/\/www.neuromokslai.lt\/en\/brain-awareness-week\/2017-2\/#breadcrumb","itemListElement":[{"@type":"ListItem","position":1,"name":"Home","item":"https:\/\/www.neuromokslai.lt\/en\/"},{"@type":"ListItem","position":2,"name":"Brain Awareness Week","item":"https:\/\/www.neuromokslai.lt\/en\/brain-awareness-week\/"},{"@type":"ListItem","position":3,"name":"2017"}]},{"@type":"WebSite","@id":"https:\/\/www.neuromokslai.lt\/#website","url":"https:\/\/www.neuromokslai.lt\/","name":"neuromokslai.lt","description":"Lietuvos neuromoksl\u0173 asociacija","potentialAction":[{"@type":"SearchAction","target":{"@type":"EntryPoint","urlTemplate":"https:\/\/www.neuromokslai.lt\/?s={search_term_string}"},"query-input":{"@type":"PropertyValueSpecification","valueRequired":true,"valueName":"search_term_string"}}],"inLanguage":"en-US"}]}},"_links":{"self":[{"href":"https:\/\/www.neuromokslai.lt\/en\/wp-json\/wp\/v2\/pages\/979"}],"collection":[{"href":"https:\/\/www.neuromokslai.lt\/en\/wp-json\/wp\/v2\/pages"}],"about":[{"href":"https:\/\/www.neuromokslai.lt\/en\/wp-json\/wp\/v2\/types\/page"}],"author":[{"embeddable":true,"href":"https:\/\/www.neuromokslai.lt\/en\/wp-json\/wp\/v2\/users\/1"}],"replies":[{"embeddable":true,"href":"https:\/\/www.neuromokslai.lt\/en\/wp-json\/wp\/v2\/comments?post=979"}],"version-history":[{"count":1,"href":"https:\/\/www.neuromokslai.lt\/en\/wp-json\/wp\/v2\/pages\/979\/revisions"}],"predecessor-version":[{"id":981,"href":"https:\/\/www.neuromokslai.lt\/en\/wp-json\/wp\/v2\/pages\/979\/revisions\/981"}],"up":[{"embeddable":true,"href":"https:\/\/www.neuromokslai.lt\/en\/wp-json\/wp\/v2\/pages\/900"}],"wp:attachment":[{"href":"https:\/\/www.neuromokslai.lt\/en\/wp-json\/wp\/v2\/media?parent=979"}],"curies":[{"name":"wp","href":"https:\/\/api.w.org\/{rel}","templated":true}]}}