{"id":989,"date":"2021-07-14T15:46:36","date_gmt":"2021-07-14T15:46:36","guid":{"rendered":"http:\/\/www5023.vu.lt\/brain-cognition-week\/2015-2\/"},"modified":"2021-09-14T09:12:53","modified_gmt":"2021-09-14T09:12:53","slug":"2015-2","status":"publish","type":"page","link":"https:\/\/www.neuromokslai.lt\/en\/brain-awareness-week\/2015-2\/","title":{"rendered":"2015"},"content":{"rendered":"<p><img loading=\"lazy\" decoding=\"async\" class=\"alignnone wp-image-291 size-full\" src=\"http:\/\/www5023.vu.lt\/wp-content\/uploads\/2021\/07\/e6b5739ca476e2fc4ffed3252c9d14cf.jpg\" alt=\"\" width=\"500\" height=\"500\" srcset=\"https:\/\/www.neuromokslai.lt\/wp-content\/uploads\/2021\/07\/e6b5739ca476e2fc4ffed3252c9d14cf.jpg 500w, https:\/\/www.neuromokslai.lt\/wp-content\/uploads\/2021\/07\/e6b5739ca476e2fc4ffed3252c9d14cf-300x300.jpg 300w, https:\/\/www.neuromokslai.lt\/wp-content\/uploads\/2021\/07\/e6b5739ca476e2fc4ffed3252c9d14cf-100x100.jpg 100w, https:\/\/www.neuromokslai.lt\/wp-content\/uploads\/2021\/07\/e6b5739ca476e2fc4ffed3252c9d14cf-150x150.jpg 150w, https:\/\/www.neuromokslai.lt\/wp-content\/uploads\/2021\/07\/e6b5739ca476e2fc4ffed3252c9d14cf-400x400.jpg 400w\" sizes=\"(max-width: 500px) 100vw, 500px\" \/><\/p>\n<p><strong>Programa<\/strong><\/p>\n<p><strong>Kovo 17d. (antradienis)<\/strong>, VU bibliotekos MKIC, Saul\u0117tekio al. 5, Vilnius<\/p>\n<p>16:00 \u00a0\u00a0Prof. Albinas Bagdonas\u00a0<em><a href=\"http:\/\/www.neuromokslai.lt\/files\/uploaded\/albinas-bagdonas-paskaita-1.pdf\">&#8220;Senstan\u010di\u0173 smegen\u0173 paradoksas: ar \u012fmanomas normalus ir sveikas j\u0173 sen\u0117jimas&#8221;<\/a><\/em><\/p>\n<p>17:00 \u00a0\u00a0Dr. Kastytis Dap\u0161ys\u00a0<em>&#8220;<\/em><em><a href=\"http:\/\/www.neuromokslai.lt\/files\/uploaded\/ar-elektroencefalografija-gali-padeti-siekiant-sveiko-senejimo.pdf\">Ar elektroencefalografija gali pad\u0117ti siekiant sveiko sen\u0117jimo?&#8221;<\/a><\/em><\/p>\n<p>18:00 \u00a0\u00a0Re\u017eisieriaus Audriaus Stonio filmas\u00a0<em>&#8220;\u016ak\u0173 \u016bkai&#8221;<\/em><\/p>\n<p><strong>Kovo 19d. (ketvirtadienis)<\/strong>,\u00a0VU bibliotekos\u00a0MKIC, Saul\u0117tekio al. 5, Vilnius<\/p>\n<p>15:00 \u00a0\u00a0Prof. Albertas Skurvydas\u00a0<em><a href=\"http:\/\/www.neuromokslai.lt\/files\/uploaded\/neuroplastiskumas-ir-sveikas-senejimas.pdf\">&#8220;Neuroplasti\u0161kumas ir sveikas sen\u0117jimas&#8221;<\/a><\/em><\/p>\n<p>16:00 \u00a0\u00a0Doc. dr. Vaidotas Urbonas\u00a0<em><a href=\"http:\/\/www.neuromokslai.lt\/files\/uploaded\/mitybos-itaka-nervu-ir-psichikos-vystymuisi.pdf\">&#8220;Maisto \u012ftaka nerv\u0173 sistemos ir psichikos vystymuisi&#8221;<\/a><\/em><\/p>\n<p>17:00 \u00a0\u00a0Dr. R\u016bta Praninskien\u0117\u00a0<em>&#8220;\u017dmogaus miego raida&#8221;<\/em><\/p>\n<p>18:00 \u00a0 Julius Burkauskas. Praktinis seminaras\u00a0<em>D\u0117mesingu \u012fsisamoninimu pagr\u012fstas streso ma\u017einimas<\/em>.<\/p>\n<p>\n<strong>kovo 20d. (penktadienis)<\/strong>, Gamtos moksl\u0173 fakultetas, VU, \u010ciurlionio g. 21, Vilnius<\/p>\n<p>18:00 \u00a0\u00a0Protm\u016b\u0161is (pra\u0161ome registruotis i\u0161 anksto:\u00a0<a href=\"mailto:bawlt2015@gmail.com\" target=\"_blank\" rel=\"noopener\">bawlt2015@gmail.com<\/a>)<\/p>\n<div>\n<div><strong>Programa Kaune<\/strong><\/div>\n<div><strong>\u00a0<\/strong><\/div>\n<\/div>\n<div><strong>Kovo 17d. (antradienis),\u00a0<\/strong>LSMU,\u00a0Akt\u0173 sal\u0117, Jankaus g. 2, Kaunas<\/div>\n<div>16:00. \u00a0Prof. J\u016brat\u0117 Macijauskien\u0117 ir doc. Laimonas \u0160iup\u0161inskas<\/div>\n<div>\u00a0\u00a0<em>Paskaita ir praktiniai u\u017esi\u0117mimai &#8220;Jud\u0117jimo nauda sveikatai&#8221;.<\/em><\/div>\n<div>\n<p><strong>Kovo 21 d. (\u0161e\u0161tadienis),\u00a0\u00a0<\/strong>LSMU,\u00a0Akt\u0173 sal\u0117, Jankaus g. 2, Kaunas<\/p>\n<p>12.00. Prof. Antanas Vaitkus\u00a0<em>&#8220;Am\u017einiai ir pa\u017eeidimo sukelti smegen\u0173 neuroplasti\u0161kumo ypatumai\u201c<\/em><\/p>\n<\/div>\n<p>Renginio metu taip pat gal\u0117site i\u0161sitirti savo k\u016bno sud\u0117t\u012f, pasigalyn\u0117ti dinamometru su kitais ir u\u017eduoti klausim\u0173 mokslininkams.<\/p>\n","protected":false},"excerpt":{"rendered":"<p>Programa Kovo 17d. (antradienis), VU bibliotekos MKIC, Saul\u0117tekio al. 5, Vilnius 16:00 \u00a0\u00a0Prof. Albinas Bagdonas\u00a0&#8220;Senstan\u010di\u0173 smegen\u0173 paradoksas: ar \u012fmanomas normalus ir sveikas j\u0173 sen\u0117jimas&#8221; 17:00 \u00a0\u00a0Dr. Kastytis Dap\u0161ys\u00a0&#8220;Ar elektroencefalografija gali pad\u0117ti siekiant sveiko sen\u0117jimo?&#8221; 18:00 \u00a0\u00a0Re\u017eisieriaus Audriaus Stonio filmas\u00a0&#8220;\u016ak\u0173 \u016bkai&#8221; Kovo 19d. (ketvirtadienis),\u00a0VU bibliotekos\u00a0MKIC, Saul\u0117tekio al. 5, Vilnius 15:00 \u00a0\u00a0Prof. Albertas Skurvydas\u00a0&#8220;Neuroplasti\u0161kumas ir sveikas sen\u0117jimas&#8221; [&hellip;]<\/p>\n","protected":false},"author":1,"featured_media":0,"parent":900,"menu_order":0,"comment_status":"closed","ping_status":"closed","template":"","meta":{"_acf_changed":false,"footnotes":""},"class_list":["post-989","page","type-page","status-publish","hentry"],"acf":[],"yoast_head":"<!-- This site is optimized with the Yoast SEO plugin v24.3 - https:\/\/yoast.com\/wordpress\/plugins\/seo\/ -->\n<title>2015 - neuromokslai.lt<\/title>\n<meta name=\"robots\" content=\"index, follow, max-snippet:-1, max-image-preview:large, max-video-preview:-1\" \/>\n<link rel=\"canonical\" href=\"https:\/\/www.neuromokslai.lt\/en\/brain-awareness-week\/2015-2\/\" \/>\n<meta property=\"og:locale\" content=\"en_US\" \/>\n<meta property=\"og:type\" content=\"article\" \/>\n<meta property=\"og:title\" content=\"2015 - neuromokslai.lt\" \/>\n<meta property=\"og:description\" content=\"Programa Kovo 17d. (antradienis), VU bibliotekos MKIC, Saul\u0117tekio al. 5, Vilnius 16:00 \u00a0\u00a0Prof. Albinas Bagdonas\u00a0&#8220;Senstan\u010di\u0173 smegen\u0173 paradoksas: ar \u012fmanomas normalus ir sveikas j\u0173 sen\u0117jimas&#8221; 17:00 \u00a0\u00a0Dr. Kastytis Dap\u0161ys\u00a0&#8220;Ar elektroencefalografija gali pad\u0117ti siekiant sveiko sen\u0117jimo?&#8221; 18:00 \u00a0\u00a0Re\u017eisieriaus Audriaus Stonio filmas\u00a0&#8220;\u016ak\u0173 \u016bkai&#8221; Kovo 19d. (ketvirtadienis),\u00a0VU bibliotekos\u00a0MKIC, Saul\u0117tekio al. 5, Vilnius 15:00 \u00a0\u00a0Prof. Albertas Skurvydas\u00a0&#8220;Neuroplasti\u0161kumas ir sveikas sen\u0117jimas&#8221; [&hellip;]\" \/>\n<meta property=\"og:url\" content=\"https:\/\/www.neuromokslai.lt\/en\/brain-awareness-week\/2015-2\/\" \/>\n<meta property=\"og:site_name\" content=\"neuromokslai.lt\" \/>\n<meta property=\"article:modified_time\" content=\"2021-09-14T09:12:53+00:00\" \/>\n<meta property=\"og:image\" content=\"http:\/\/www5023.vu.lt\/wp-content\/uploads\/2021\/07\/e6b5739ca476e2fc4ffed3252c9d14cf.jpg\" \/>\n<meta name=\"twitter:card\" content=\"summary_large_image\" \/>\n<meta name=\"twitter:label1\" content=\"Est. reading time\" \/>\n\t<meta name=\"twitter:data1\" content=\"1 minute\" \/>\n<script type=\"application\/ld+json\" class=\"yoast-schema-graph\">{\"@context\":\"https:\/\/schema.org\",\"@graph\":[{\"@type\":\"WebPage\",\"@id\":\"https:\/\/www.neuromokslai.lt\/en\/brain-awareness-week\/2015-2\/\",\"url\":\"https:\/\/www.neuromokslai.lt\/en\/brain-awareness-week\/2015-2\/\",\"name\":\"2015 - neuromokslai.lt\",\"isPartOf\":{\"@id\":\"https:\/\/www.neuromokslai.lt\/#website\"},\"primaryImageOfPage\":{\"@id\":\"https:\/\/www.neuromokslai.lt\/en\/brain-awareness-week\/2015-2\/#primaryimage\"},\"image\":{\"@id\":\"https:\/\/www.neuromokslai.lt\/en\/brain-awareness-week\/2015-2\/#primaryimage\"},\"thumbnailUrl\":\"http:\/\/www5023.vu.lt\/wp-content\/uploads\/2021\/07\/e6b5739ca476e2fc4ffed3252c9d14cf.jpg\",\"datePublished\":\"2021-07-14T15:46:36+00:00\",\"dateModified\":\"2021-09-14T09:12:53+00:00\",\"breadcrumb\":{\"@id\":\"https:\/\/www.neuromokslai.lt\/en\/brain-awareness-week\/2015-2\/#breadcrumb\"},\"inLanguage\":\"en-US\",\"potentialAction\":[{\"@type\":\"ReadAction\",\"target\":[\"https:\/\/www.neuromokslai.lt\/en\/brain-awareness-week\/2015-2\/\"]}]},{\"@type\":\"ImageObject\",\"inLanguage\":\"en-US\",\"@id\":\"https:\/\/www.neuromokslai.lt\/en\/brain-awareness-week\/2015-2\/#primaryimage\",\"url\":\"http:\/\/www5023.vu.lt\/wp-content\/uploads\/2021\/07\/e6b5739ca476e2fc4ffed3252c9d14cf.jpg\",\"contentUrl\":\"http:\/\/www5023.vu.lt\/wp-content\/uploads\/2021\/07\/e6b5739ca476e2fc4ffed3252c9d14cf.jpg\"},{\"@type\":\"BreadcrumbList\",\"@id\":\"https:\/\/www.neuromokslai.lt\/en\/brain-awareness-week\/2015-2\/#breadcrumb\",\"itemListElement\":[{\"@type\":\"ListItem\",\"position\":1,\"name\":\"Home\",\"item\":\"https:\/\/www.neuromokslai.lt\/en\/\"},{\"@type\":\"ListItem\",\"position\":2,\"name\":\"Brain Awareness Week\",\"item\":\"https:\/\/www.neuromokslai.lt\/en\/brain-awareness-week\/\"},{\"@type\":\"ListItem\",\"position\":3,\"name\":\"2015\"}]},{\"@type\":\"WebSite\",\"@id\":\"https:\/\/www.neuromokslai.lt\/#website\",\"url\":\"https:\/\/www.neuromokslai.lt\/\",\"name\":\"neuromokslai.lt\",\"description\":\"Lietuvos neuromoksl\u0173 asociacija\",\"potentialAction\":[{\"@type\":\"SearchAction\",\"target\":{\"@type\":\"EntryPoint\",\"urlTemplate\":\"https:\/\/www.neuromokslai.lt\/?s={search_term_string}\"},\"query-input\":{\"@type\":\"PropertyValueSpecification\",\"valueRequired\":true,\"valueName\":\"search_term_string\"}}],\"inLanguage\":\"en-US\"}]}<\/script>\n<!-- \/ Yoast SEO plugin. -->","yoast_head_json":{"title":"2015 - neuromokslai.lt","robots":{"index":"index","follow":"follow","max-snippet":"max-snippet:-1","max-image-preview":"max-image-preview:large","max-video-preview":"max-video-preview:-1"},"canonical":"https:\/\/www.neuromokslai.lt\/en\/brain-awareness-week\/2015-2\/","og_locale":"en_US","og_type":"article","og_title":"2015 - neuromokslai.lt","og_description":"Programa Kovo 17d. (antradienis), VU bibliotekos MKIC, Saul\u0117tekio al. 5, Vilnius 16:00 \u00a0\u00a0Prof. Albinas Bagdonas\u00a0&#8220;Senstan\u010di\u0173 smegen\u0173 paradoksas: ar \u012fmanomas normalus ir sveikas j\u0173 sen\u0117jimas&#8221; 17:00 \u00a0\u00a0Dr. Kastytis Dap\u0161ys\u00a0&#8220;Ar elektroencefalografija gali pad\u0117ti siekiant sveiko sen\u0117jimo?&#8221; 18:00 \u00a0\u00a0Re\u017eisieriaus Audriaus Stonio filmas\u00a0&#8220;\u016ak\u0173 \u016bkai&#8221; Kovo 19d. (ketvirtadienis),\u00a0VU bibliotekos\u00a0MKIC, Saul\u0117tekio al. 5, Vilnius 15:00 \u00a0\u00a0Prof. Albertas Skurvydas\u00a0&#8220;Neuroplasti\u0161kumas ir sveikas sen\u0117jimas&#8221; [&hellip;]","og_url":"https:\/\/www.neuromokslai.lt\/en\/brain-awareness-week\/2015-2\/","og_site_name":"neuromokslai.lt","article_modified_time":"2021-09-14T09:12:53+00:00","og_image":[{"url":"http:\/\/www5023.vu.lt\/wp-content\/uploads\/2021\/07\/e6b5739ca476e2fc4ffed3252c9d14cf.jpg","type":"","width":"","height":""}],"twitter_card":"summary_large_image","twitter_misc":{"Est. reading time":"1 minute"},"schema":{"@context":"https:\/\/schema.org","@graph":[{"@type":"WebPage","@id":"https:\/\/www.neuromokslai.lt\/en\/brain-awareness-week\/2015-2\/","url":"https:\/\/www.neuromokslai.lt\/en\/brain-awareness-week\/2015-2\/","name":"2015 - neuromokslai.lt","isPartOf":{"@id":"https:\/\/www.neuromokslai.lt\/#website"},"primaryImageOfPage":{"@id":"https:\/\/www.neuromokslai.lt\/en\/brain-awareness-week\/2015-2\/#primaryimage"},"image":{"@id":"https:\/\/www.neuromokslai.lt\/en\/brain-awareness-week\/2015-2\/#primaryimage"},"thumbnailUrl":"http:\/\/www5023.vu.lt\/wp-content\/uploads\/2021\/07\/e6b5739ca476e2fc4ffed3252c9d14cf.jpg","datePublished":"2021-07-14T15:46:36+00:00","dateModified":"2021-09-14T09:12:53+00:00","breadcrumb":{"@id":"https:\/\/www.neuromokslai.lt\/en\/brain-awareness-week\/2015-2\/#breadcrumb"},"inLanguage":"en-US","potentialAction":[{"@type":"ReadAction","target":["https:\/\/www.neuromokslai.lt\/en\/brain-awareness-week\/2015-2\/"]}]},{"@type":"ImageObject","inLanguage":"en-US","@id":"https:\/\/www.neuromokslai.lt\/en\/brain-awareness-week\/2015-2\/#primaryimage","url":"http:\/\/www5023.vu.lt\/wp-content\/uploads\/2021\/07\/e6b5739ca476e2fc4ffed3252c9d14cf.jpg","contentUrl":"http:\/\/www5023.vu.lt\/wp-content\/uploads\/2021\/07\/e6b5739ca476e2fc4ffed3252c9d14cf.jpg"},{"@type":"BreadcrumbList","@id":"https:\/\/www.neuromokslai.lt\/en\/brain-awareness-week\/2015-2\/#breadcrumb","itemListElement":[{"@type":"ListItem","position":1,"name":"Home","item":"https:\/\/www.neuromokslai.lt\/en\/"},{"@type":"ListItem","position":2,"name":"Brain Awareness Week","item":"https:\/\/www.neuromokslai.lt\/en\/brain-awareness-week\/"},{"@type":"ListItem","position":3,"name":"2015"}]},{"@type":"WebSite","@id":"https:\/\/www.neuromokslai.lt\/#website","url":"https:\/\/www.neuromokslai.lt\/","name":"neuromokslai.lt","description":"Lietuvos neuromoksl\u0173 asociacija","potentialAction":[{"@type":"SearchAction","target":{"@type":"EntryPoint","urlTemplate":"https:\/\/www.neuromokslai.lt\/?s={search_term_string}"},"query-input":{"@type":"PropertyValueSpecification","valueRequired":true,"valueName":"search_term_string"}}],"inLanguage":"en-US"}]}},"_links":{"self":[{"href":"https:\/\/www.neuromokslai.lt\/en\/wp-json\/wp\/v2\/pages\/989"}],"collection":[{"href":"https:\/\/www.neuromokslai.lt\/en\/wp-json\/wp\/v2\/pages"}],"about":[{"href":"https:\/\/www.neuromokslai.lt\/en\/wp-json\/wp\/v2\/types\/page"}],"author":[{"embeddable":true,"href":"https:\/\/www.neuromokslai.lt\/en\/wp-json\/wp\/v2\/users\/1"}],"replies":[{"embeddable":true,"href":"https:\/\/www.neuromokslai.lt\/en\/wp-json\/wp\/v2\/comments?post=989"}],"version-history":[{"count":1,"href":"https:\/\/www.neuromokslai.lt\/en\/wp-json\/wp\/v2\/pages\/989\/revisions"}],"predecessor-version":[{"id":995,"href":"https:\/\/www.neuromokslai.lt\/en\/wp-json\/wp\/v2\/pages\/989\/revisions\/995"}],"up":[{"embeddable":true,"href":"https:\/\/www.neuromokslai.lt\/en\/wp-json\/wp\/v2\/pages\/900"}],"wp:attachment":[{"href":"https:\/\/www.neuromokslai.lt\/en\/wp-json\/wp\/v2\/media?parent=989"}],"curies":[{"name":"wp","href":"https:\/\/api.w.org\/{rel}","templated":true}]}}