{"id":990,"date":"2021-07-14T15:44:49","date_gmt":"2021-07-14T15:44:49","guid":{"rendered":"http:\/\/www5023.vu.lt\/brain-cognition-week\/2014-2\/"},"modified":"2021-09-14T09:12:56","modified_gmt":"2021-09-14T09:12:56","slug":"2014-2","status":"publish","type":"page","link":"https:\/\/www.neuromokslai.lt\/en\/brain-awareness-week\/2014-2\/","title":{"rendered":"2014"},"content":{"rendered":"<p>Renginiai\u00a0<a href=\"http:\/\/www.neuromokslai.lt\/files\/uploaded\/smegenu-pazinimo-savaite-kaunas-2.jpg\">Kaune<\/a><\/p>\n<p>Vilniuje Lietuvos neuromoksl\u0173 asociacija kartu su partneriais koordinuojamos\u00a0ir\u012fgyvendinamos \u201eSmegen\u0173 pa\u017einimo savait\u0117s\u201c tema\u00a0\u2013\u00a0<strong>\u201eIliuzijos\u201c. Kovo 15 d.<\/strong>\u00a0visi\u00a0\u2013 ir\u00a0dideli, ir ma\u017ei\u00a0\u2013kvie\u010diami \u012f Vilniaus universiteto Gamtos moksl\u0173 fakultet\u0105. \u010cia lankytojai gal\u0117s patirti gausyb\u0119 iliuzij\u0173, i\u0161mokti savo rankomis paprastai susikurti 3D paveiksliukus iliuzij\u0173 dirbtuv\u0117l\u0117se, paklausyti paskait\u0173 apie sveikam ir kiek pakrikusiam\u00a0protui b\u016bdingas suvokimo ypatybes, sudalyvauti eksperimentuose ir ne tik.<\/p>\n<p><a href=\"http:\/\/www.neuromokslai.lt\/files\/uploaded\/programa-2-2.pdf\">Rengini\u0173 Vilniuje<\/a>\u00a0programa<\/p>\n<p><strong><a href=\"http:\/\/www.neuromokslai.lt\/files\/uploaded\/smegenu-pazinimo-savaite-kaunas-vilnius.pdf\" target=\"_blank\" rel=\"noopener\">Pamin\u0117ta Smegen\u0173 pa\u017einimo savait\u0117<\/a><\/strong><\/p>\n<p>&nbsp;<\/p>\n<div class=\"su-custom-gallery su-custom-gallery-align-left su-custom-gallery-title-never su-lightbox-gallery\"><div class=\"su-custom-gallery-slide\" style=\"width:200px;height:200px\"><a href=\"https:\/\/www.neuromokslai.lt\/wp-content\/uploads\/2021\/07\/18c7b352082d7762b171dbf486f5e435.png\" title=\"18c7b352082d7762b171dbf486f5e435\"><img loading=\"lazy\" decoding=\"async\" src=\"https:\/\/www.neuromokslai.lt\/wp-content\/uploads\/2021\/07\/18c7b352082d7762b171dbf486f5e435-200x200.png\" alt=\"18c7b352082d7762b171dbf486f5e435\" width=\"200\" height=\"200\" \/><span class=\"su-custom-gallery-title\">18c7b352082d7762b171dbf486f5e435<\/span><\/a><\/div><div class=\"su-custom-gallery-slide\" style=\"width:200px;height:200px\"><a href=\"https:\/\/www.neuromokslai.lt\/wp-content\/uploads\/2021\/07\/34a42e8c3db22e9f766f6ddb0e141cf7.jpg\" title=\"34a42e8c3db22e9f766f6ddb0e141cf7\"><img loading=\"lazy\" decoding=\"async\" src=\"https:\/\/www.neuromokslai.lt\/wp-content\/uploads\/2021\/07\/34a42e8c3db22e9f766f6ddb0e141cf7-200x200.jpg\" alt=\"34a42e8c3db22e9f766f6ddb0e141cf7\" width=\"200\" height=\"200\" \/><span class=\"su-custom-gallery-title\">34a42e8c3db22e9f766f6ddb0e141cf7<\/span><\/a><\/div><div class=\"su-custom-gallery-slide\" style=\"width:200px;height:200px\"><a href=\"https:\/\/www.neuromokslai.lt\/wp-content\/uploads\/2021\/07\/75bc7eb891423dd951db061d3babbb5f.jpg\" title=\"75bc7eb891423dd951db061d3babbb5f\"><img loading=\"lazy\" decoding=\"async\" src=\"https:\/\/www.neuromokslai.lt\/wp-content\/uploads\/2021\/07\/75bc7eb891423dd951db061d3babbb5f-200x200.jpg\" alt=\"75bc7eb891423dd951db061d3babbb5f\" width=\"200\" height=\"200\" \/><span class=\"su-custom-gallery-title\">75bc7eb891423dd951db061d3babbb5f<\/span><\/a><\/div><div class=\"su-clear\"><\/div><\/div>\n","protected":false},"excerpt":{"rendered":"<p>Renginiai\u00a0Kaune Vilniuje Lietuvos neuromoksl\u0173 asociacija kartu su partneriais koordinuojamos\u00a0ir\u012fgyvendinamos \u201eSmegen\u0173 pa\u017einimo savait\u0117s\u201c tema\u00a0\u2013\u00a0\u201eIliuzijos\u201c. Kovo 15 d.\u00a0visi\u00a0\u2013 ir\u00a0dideli, ir ma\u017ei\u00a0\u2013kvie\u010diami \u012f Vilniaus universiteto Gamtos moksl\u0173 fakultet\u0105. \u010cia lankytojai gal\u0117s patirti gausyb\u0119 iliuzij\u0173, i\u0161mokti savo rankomis paprastai susikurti 3D paveiksliukus iliuzij\u0173 dirbtuv\u0117l\u0117se, paklausyti paskait\u0173 apie sveikam ir kiek pakrikusiam\u00a0protui b\u016bdingas suvokimo ypatybes, sudalyvauti eksperimentuose ir ne tik. [&hellip;]<\/p>\n","protected":false},"author":1,"featured_media":0,"parent":900,"menu_order":0,"comment_status":"closed","ping_status":"closed","template":"","meta":{"_acf_changed":false,"footnotes":""},"class_list":["post-990","page","type-page","status-publish","hentry"],"acf":[],"yoast_head":"<!-- This site is optimized with the Yoast SEO plugin v24.3 - https:\/\/yoast.com\/wordpress\/plugins\/seo\/ -->\n<title>2014 - neuromokslai.lt<\/title>\n<meta name=\"robots\" content=\"index, follow, max-snippet:-1, max-image-preview:large, max-video-preview:-1\" \/>\n<link rel=\"canonical\" href=\"https:\/\/www.neuromokslai.lt\/en\/brain-awareness-week\/2014-2\/\" \/>\n<meta property=\"og:locale\" content=\"en_US\" \/>\n<meta property=\"og:type\" content=\"article\" \/>\n<meta property=\"og:title\" content=\"2014 - neuromokslai.lt\" \/>\n<meta property=\"og:description\" content=\"Renginiai\u00a0Kaune Vilniuje Lietuvos neuromoksl\u0173 asociacija kartu su partneriais koordinuojamos\u00a0ir\u012fgyvendinamos \u201eSmegen\u0173 pa\u017einimo savait\u0117s\u201c tema\u00a0\u2013\u00a0\u201eIliuzijos\u201c. Kovo 15 d.\u00a0visi\u00a0\u2013 ir\u00a0dideli, ir ma\u017ei\u00a0\u2013kvie\u010diami \u012f Vilniaus universiteto Gamtos moksl\u0173 fakultet\u0105. \u010cia lankytojai gal\u0117s patirti gausyb\u0119 iliuzij\u0173, i\u0161mokti savo rankomis paprastai susikurti 3D paveiksliukus iliuzij\u0173 dirbtuv\u0117l\u0117se, paklausyti paskait\u0173 apie sveikam ir kiek pakrikusiam\u00a0protui b\u016bdingas suvokimo ypatybes, sudalyvauti eksperimentuose ir ne tik. [&hellip;]\" \/>\n<meta property=\"og:url\" content=\"https:\/\/www.neuromokslai.lt\/en\/brain-awareness-week\/2014-2\/\" \/>\n<meta property=\"og:site_name\" content=\"neuromokslai.lt\" \/>\n<meta property=\"article:modified_time\" content=\"2021-09-14T09:12:56+00:00\" \/>\n<meta name=\"twitter:card\" content=\"summary_large_image\" \/>\n<meta name=\"twitter:label1\" content=\"Est. reading time\" \/>\n\t<meta name=\"twitter:data1\" content=\"1 minute\" \/>\n<script type=\"application\/ld+json\" class=\"yoast-schema-graph\">{\"@context\":\"https:\/\/schema.org\",\"@graph\":[{\"@type\":\"WebPage\",\"@id\":\"https:\/\/www.neuromokslai.lt\/en\/brain-awareness-week\/2014-2\/\",\"url\":\"https:\/\/www.neuromokslai.lt\/en\/brain-awareness-week\/2014-2\/\",\"name\":\"2014 - neuromokslai.lt\",\"isPartOf\":{\"@id\":\"https:\/\/www.neuromokslai.lt\/#website\"},\"datePublished\":\"2021-07-14T15:44:49+00:00\",\"dateModified\":\"2021-09-14T09:12:56+00:00\",\"breadcrumb\":{\"@id\":\"https:\/\/www.neuromokslai.lt\/en\/brain-awareness-week\/2014-2\/#breadcrumb\"},\"inLanguage\":\"en-US\",\"potentialAction\":[{\"@type\":\"ReadAction\",\"target\":[\"https:\/\/www.neuromokslai.lt\/en\/brain-awareness-week\/2014-2\/\"]}]},{\"@type\":\"BreadcrumbList\",\"@id\":\"https:\/\/www.neuromokslai.lt\/en\/brain-awareness-week\/2014-2\/#breadcrumb\",\"itemListElement\":[{\"@type\":\"ListItem\",\"position\":1,\"name\":\"Home\",\"item\":\"https:\/\/www.neuromokslai.lt\/en\/\"},{\"@type\":\"ListItem\",\"position\":2,\"name\":\"Brain Awareness Week\",\"item\":\"https:\/\/www.neuromokslai.lt\/en\/brain-awareness-week\/\"},{\"@type\":\"ListItem\",\"position\":3,\"name\":\"2014\"}]},{\"@type\":\"WebSite\",\"@id\":\"https:\/\/www.neuromokslai.lt\/#website\",\"url\":\"https:\/\/www.neuromokslai.lt\/\",\"name\":\"neuromokslai.lt\",\"description\":\"Lietuvos neuromoksl\u0173 asociacija\",\"potentialAction\":[{\"@type\":\"SearchAction\",\"target\":{\"@type\":\"EntryPoint\",\"urlTemplate\":\"https:\/\/www.neuromokslai.lt\/?s={search_term_string}\"},\"query-input\":{\"@type\":\"PropertyValueSpecification\",\"valueRequired\":true,\"valueName\":\"search_term_string\"}}],\"inLanguage\":\"en-US\"}]}<\/script>\n<!-- \/ Yoast SEO plugin. -->","yoast_head_json":{"title":"2014 - neuromokslai.lt","robots":{"index":"index","follow":"follow","max-snippet":"max-snippet:-1","max-image-preview":"max-image-preview:large","max-video-preview":"max-video-preview:-1"},"canonical":"https:\/\/www.neuromokslai.lt\/en\/brain-awareness-week\/2014-2\/","og_locale":"en_US","og_type":"article","og_title":"2014 - neuromokslai.lt","og_description":"Renginiai\u00a0Kaune Vilniuje Lietuvos neuromoksl\u0173 asociacija kartu su partneriais koordinuojamos\u00a0ir\u012fgyvendinamos \u201eSmegen\u0173 pa\u017einimo savait\u0117s\u201c tema\u00a0\u2013\u00a0\u201eIliuzijos\u201c. Kovo 15 d.\u00a0visi\u00a0\u2013 ir\u00a0dideli, ir ma\u017ei\u00a0\u2013kvie\u010diami \u012f Vilniaus universiteto Gamtos moksl\u0173 fakultet\u0105. \u010cia lankytojai gal\u0117s patirti gausyb\u0119 iliuzij\u0173, i\u0161mokti savo rankomis paprastai susikurti 3D paveiksliukus iliuzij\u0173 dirbtuv\u0117l\u0117se, paklausyti paskait\u0173 apie sveikam ir kiek pakrikusiam\u00a0protui b\u016bdingas suvokimo ypatybes, sudalyvauti eksperimentuose ir ne tik. [&hellip;]","og_url":"https:\/\/www.neuromokslai.lt\/en\/brain-awareness-week\/2014-2\/","og_site_name":"neuromokslai.lt","article_modified_time":"2021-09-14T09:12:56+00:00","twitter_card":"summary_large_image","twitter_misc":{"Est. reading time":"1 minute"},"schema":{"@context":"https:\/\/schema.org","@graph":[{"@type":"WebPage","@id":"https:\/\/www.neuromokslai.lt\/en\/brain-awareness-week\/2014-2\/","url":"https:\/\/www.neuromokslai.lt\/en\/brain-awareness-week\/2014-2\/","name":"2014 - neuromokslai.lt","isPartOf":{"@id":"https:\/\/www.neuromokslai.lt\/#website"},"datePublished":"2021-07-14T15:44:49+00:00","dateModified":"2021-09-14T09:12:56+00:00","breadcrumb":{"@id":"https:\/\/www.neuromokslai.lt\/en\/brain-awareness-week\/2014-2\/#breadcrumb"},"inLanguage":"en-US","potentialAction":[{"@type":"ReadAction","target":["https:\/\/www.neuromokslai.lt\/en\/brain-awareness-week\/2014-2\/"]}]},{"@type":"BreadcrumbList","@id":"https:\/\/www.neuromokslai.lt\/en\/brain-awareness-week\/2014-2\/#breadcrumb","itemListElement":[{"@type":"ListItem","position":1,"name":"Home","item":"https:\/\/www.neuromokslai.lt\/en\/"},{"@type":"ListItem","position":2,"name":"Brain Awareness Week","item":"https:\/\/www.neuromokslai.lt\/en\/brain-awareness-week\/"},{"@type":"ListItem","position":3,"name":"2014"}]},{"@type":"WebSite","@id":"https:\/\/www.neuromokslai.lt\/#website","url":"https:\/\/www.neuromokslai.lt\/","name":"neuromokslai.lt","description":"Lietuvos neuromoksl\u0173 asociacija","potentialAction":[{"@type":"SearchAction","target":{"@type":"EntryPoint","urlTemplate":"https:\/\/www.neuromokslai.lt\/?s={search_term_string}"},"query-input":{"@type":"PropertyValueSpecification","valueRequired":true,"valueName":"search_term_string"}}],"inLanguage":"en-US"}]}},"_links":{"self":[{"href":"https:\/\/www.neuromokslai.lt\/en\/wp-json\/wp\/v2\/pages\/990"}],"collection":[{"href":"https:\/\/www.neuromokslai.lt\/en\/wp-json\/wp\/v2\/pages"}],"about":[{"href":"https:\/\/www.neuromokslai.lt\/en\/wp-json\/wp\/v2\/types\/page"}],"author":[{"embeddable":true,"href":"https:\/\/www.neuromokslai.lt\/en\/wp-json\/wp\/v2\/users\/1"}],"replies":[{"embeddable":true,"href":"https:\/\/www.neuromokslai.lt\/en\/wp-json\/wp\/v2\/comments?post=990"}],"version-history":[{"count":1,"href":"https:\/\/www.neuromokslai.lt\/en\/wp-json\/wp\/v2\/pages\/990\/revisions"}],"predecessor-version":[{"id":996,"href":"https:\/\/www.neuromokslai.lt\/en\/wp-json\/wp\/v2\/pages\/990\/revisions\/996"}],"up":[{"embeddable":true,"href":"https:\/\/www.neuromokslai.lt\/en\/wp-json\/wp\/v2\/pages\/900"}],"wp:attachment":[{"href":"https:\/\/www.neuromokslai.lt\/en\/wp-json\/wp\/v2\/media?parent=990"}],"curies":[{"name":"wp","href":"https:\/\/api.w.org\/{rel}","templated":true}]}}