{"id":991,"date":"2021-07-14T15:34:25","date_gmt":"2021-07-14T15:34:25","guid":{"rendered":"http:\/\/www5023.vu.lt\/brain-cognition-week\/2013-2\/"},"modified":"2021-09-14T09:12:59","modified_gmt":"2021-09-14T09:12:59","slug":"2013-2","status":"publish","type":"page","link":"https:\/\/www.neuromokslai.lt\/en\/brain-awareness-week\/2013-2\/","title":{"rendered":"2013"},"content":{"rendered":"<p><strong>Smegen\u0173 pa\u017einimo savait\u0117 2013<\/strong><\/p>\n<p>\u0160izofrenija: k\u0105 \u017einome, kaip su\u017einome, \u00a0kaip elgiam\u0117s ?<\/p>\n<p>2013 m. kovo 11-17 d. Lietuvoje bus minima tarptautin\u0117 ,,Smegen\u0173 pa\u017einimo savait\u0117\u201c, kurios tikslas &#8211;\u00a0<strong>stiprinti susidom\u0117jim\u0105 smegen\u0173 tyrimais, skleisti \u017einias apie smegen\u0173 veikl\u0105 bei neuromoksl\u0173 pasiekimus visuomenei.<\/strong>\u00a0\u0160i\u0173 met\u0173 \u201eSmegen\u0173 pa\u017einimo savait\u0117s\u201c tema \u2013 \u201e\u0160izofrenija: k\u0105 \u017einome, kaip su\u017einome, kaip elgiam\u0117s? \u201c, kurios renginius koordinuoja ir kartu su partneriais \u012fgyvendina Lietuvos neuromoksl\u0173 asociacija. Renginiai skirti supa\u017eindinti visuomen\u0119 su naujausiomis mokslu grind\u017eiamomis \u017einiomis apie \u0161izofrenij\u0105, suma\u017einti \u0161io sutrikimo sukeliam\u0105 stigm\u0105 ir socialin\u0119 atskirt\u012f, atkreipti politik\u0173 d\u0117mes\u012f \u012f b\u016btinyb\u0119 tinkamai finansuoti \u0161izofrenijos ir kit\u0173 smegen\u0173 sutrikim\u0173 mokslo tyrimus.\u00a0Smegen\u0173 pa\u017einimo savait\u0119 (Brain Awareness Week) 1996 m. min\u0117ti prad\u0117jo JAV labdaros organizacija DANA fondas. Lietuvoje &#8211; vieni i\u0161 smegen\u0173 pa\u017einimo savait\u0117s pradinink\u0173 V\u0161\u012e \u201cPsichikos sveikatos iniciatyva\u201d ir Lietuvos neuromoksl\u0173 asociacija pirm\u0105kart pamin\u0117j\u0119 savait\u0119 2009 m. Prie \u0161ios savait\u0117s programos nuolat prisijungia nauji partneriai ir \u012fgyvendinami \u012fvair\u016bs projektai visoje Lietuvoje.\u00a0 Pla\u010diau\u00a0\u00a0<a href=\"http:\/\/www.neuromokslai.lt\/lt\/smegenu-pazinimo-savaite\/\"><strong>http:\/\/www.neuromokslai.lt\/lt\/smegenu-pazinimo-savaite\/<\/strong><\/a><\/p>\n<p><strong>Preliminari programa:<\/strong><\/p>\n<p><em>Kovo 12d<\/em>.,\u00a0<em>18 val.<\/em>: vie\u0161oji paskaita Lietuvos moksl\u0173 akademijoje \u201e\u0160izofrenija: k\u0105 \u017einome, kaip su\u017einome, kaip elgiam\u0117s?\u201c \u00a0(Gedimino 3, Vilnius) (kontaktinis asmuo doc. dr. Inga Gri\u0161kova-Bulanova,\u00a0<a href=\"mailto:i.griskova@gmail.com\">i.griskova@gmail.com<\/a>).<\/p>\n<p><em>Kovo 13d<\/em>.\u00a0<em>11-16 val.<\/em>:\u00a0 atvir\u0173 dur\u0173 diena Respublikin\u0117je Vilniaus psichiatrijos ligonin\u0117je ir Valstybiniame psichikos sveikatos centre (Parko 15, Vilnius) (kontaktinis asmuo Dr. Kastytis Dap\u0161ys, k.dapsys@rvpl.lt).<\/p>\n<p class=\"ListParagraph\">&#8211;\u00a0\u00a0\u00a0\u00a0\u00a0\u00a0 13 val. paskaitos \u00a0\u201eMenas ir \u0161izofrenija\u201c (gyd. D. Survilait\u0117)\u00a0 ir \u201eKai \u0161eimos narys serga psichikos liga\u201c (dr. J. Stanislavovien\u0117).<\/p>\n<p class=\"ListParagraph\">&#8211;\u00a0\u00a0\u00a0\u00a0\u00a0\u00a0 Apsilankymas Elektrofiziologini\u0173 tyrimo ir gydymo metod\u0173 skyriuje, Psichologinio konsultavimo ir psichoterapijos centre\u00a0 bei Dienos stacionare.<\/p>\n<p><em>Kovo 14d. 16 val.<\/em>: paskaita moksleiviams Vilniaus universiteto Gamtos moksl\u0173 fakultete (\u010ciurlionio 21\/27, Vilinius) (kontaktinis asmuo doc. dr. Inga Gri\u0161kova-Bulanova,\u00a0<a href=\"mailto:i.griskova@gmail.com\">i.griskova@gmail.com<\/a>).<\/p>\n<p><em>Kovo 15 d. 15val<\/em>.: gyd. D. Survilait\u0117s \u00a0paskaita \u201eMenas ir \u0161izofrenija\u201c Vilniaus Dail\u0117s akademijoje (Maironio g. 3, Vilnius) (gyd. Nijol\u0117 Go\u0161tautait\u0117-Midttun,\u00a0<a href=\"mailto:nigomi@hotmail.com\">nigomi@hotmail.com<\/a>).<\/p>\n<p><strong>Smegen\u0173 pa\u017einimo savait\u0117s 2013 renginius koordinuoja \u201eLietuvos neuromoksl\u0173 asociacija\u201c (<a href=\"http:\/\/www.neuromokslai.lt\/\">www.neuromokslai.lt<\/a>)<\/strong><\/p>\n<p><strong>Renginio partneriai:<\/strong><\/p>\n<p>Gamtos moksl\u0173 fakultetas, VU, www.gf.vu.lt<\/p>\n<p>Medicinos fakultetas, VU, www.mf.vu.lt<\/p>\n<p>Vilniaus universiteto biblioteka,\u00a0http:\/\/www.mb.vu.lt\/<\/p>\n<p>Respublikin\u0117 Vilniaus psichiatrijos ligonin\u0117, www.rvpl.lt<\/p>\n<p>Vilniaus universiteto Psichiatrijos klinika<\/p>\n<p>Valstybinis psichikos sveikatos centras<\/p>\n<p>Lietuvos moksl\u0173 akademij\u0105, www.lma.lt<\/p>\n<p>V\u0161\u012e ,,Psichikos sveikatos iniciatyva\u201c<\/p>\n<p>Klubas \u201e13 ir Ko\u201c<\/p>\n<p>Nacionalin\u0117 tabako ir alkoholio kontrol\u0117s koalicija<\/p>\n<p>Vilniaus dail\u0117s akademija<\/p>\n<p>Lietuvos smegen\u0173 tarybos iniciatyvin\u0117 grup\u0117<\/p>\n<p>UAB \u00abTremora\u00bb<\/p>\n<p><strong>Kontaktai:<\/strong><\/p>\n<p>prof. Osvaldas Ruk\u0161\u0117nas (osvaldas.ruksenas@gf.vu.lt)<\/p>\n<p>Lietuvos neuromoksl\u0173 asociacijos prezidentas, Vilniaus universiteto Gamtos moksl\u0173 fakulteto dekanas<\/p>\n<p>doc. Inga Gri\u0161kova-Bulanova (i.griskova@gmail.com)<\/p>\n<p>Vilniaus universitetas, Gamtos moksl\u0173 fakultetas<\/p>\n<p>gyd. Nijol\u0117 Go\u0161tautait\u0117-Midttun\u00a0 (nigomi@hotmail.com)<\/p>\n<p>V\u0161\u012e ,,Psichikos sveikatos iniciatyva\u201c direktor\u0117<\/p>\n<p>doc.Ar\u016bnas Germanavi\u010dius (<a href=\"mailto:agermanavicius@gmail.com\">agermanavicius@gmail.com<\/a>)<\/p>\n<p>Vilniaus universitetas, Medicinos fakultetas ir Vilniaus Universiteto Psichiatrijos klinika<\/p>\n<p>dr. Kastytis\u00a0Dap\u0161ys (k.dapsys@rvpl.lt)<\/p>\n<p>Respublikin\u0117 Vilniaus psichiatrijos ligonin\u0117<\/p>\n<p>dr. Jelena Stanislavovien\u0117 (elena@ vpsc.lt)<\/p>\n<p>Valstybinis Psichikos sveikatos centras<\/p>\n<p>doc. Aurelijus Veryga (aurelijus.veryga@gmail.com)<\/p>\n<p>Nacionalin\u0117 Tabako ir alkoholio kontrol\u0117s koalicija<\/p>\n<p>&nbsp;<\/p>\n<div class=\"su-custom-gallery su-custom-gallery-align-left su-custom-gallery-title-never su-lightbox-gallery\"><div class=\"su-custom-gallery-slide\" style=\"width:200px;height:200px\"><a href=\"https:\/\/www.neuromokslai.lt\/wp-content\/uploads\/2021\/07\/b41c638bef19c0aed21b753c28814575.jpg\" title=\"b41c638bef19c0aed21b753c28814575\"><img loading=\"lazy\" decoding=\"async\" src=\"https:\/\/www.neuromokslai.lt\/wp-content\/uploads\/2021\/07\/b41c638bef19c0aed21b753c28814575-200x200.jpg\" alt=\"b41c638bef19c0aed21b753c28814575\" width=\"200\" height=\"200\" \/><span class=\"su-custom-gallery-title\">b41c638bef19c0aed21b753c28814575<\/span><\/a><\/div><div class=\"su-custom-gallery-slide\" style=\"width:200px;height:200px\"><a href=\"https:\/\/www.neuromokslai.lt\/wp-content\/uploads\/2021\/07\/c298b134f51bcf1fd073f69c5ea841c4.jpg\" title=\"c298b134f51bcf1fd073f69c5ea841c4\"><img loading=\"lazy\" decoding=\"async\" src=\"https:\/\/www.neuromokslai.lt\/wp-content\/uploads\/2021\/07\/c298b134f51bcf1fd073f69c5ea841c4-200x200.jpg\" alt=\"c298b134f51bcf1fd073f69c5ea841c4\" width=\"200\" height=\"200\" \/><span class=\"su-custom-gallery-title\">c298b134f51bcf1fd073f69c5ea841c4<\/span><\/a><\/div><div class=\"su-custom-gallery-slide\" style=\"width:200px;height:200px\"><a href=\"https:\/\/www.neuromokslai.lt\/wp-content\/uploads\/2021\/07\/f4b7049dd1bec344df5a86c0b563044d.jpg\" title=\"f4b7049dd1bec344df5a86c0b563044d\"><img loading=\"lazy\" decoding=\"async\" src=\"https:\/\/www.neuromokslai.lt\/wp-content\/uploads\/2021\/07\/f4b7049dd1bec344df5a86c0b563044d-200x200.jpg\" alt=\"f4b7049dd1bec344df5a86c0b563044d\" width=\"200\" height=\"200\" \/><span class=\"su-custom-gallery-title\">f4b7049dd1bec344df5a86c0b563044d<\/span><\/a><\/div><div class=\"su-custom-gallery-slide\" style=\"width:200px;height:200px\"><a href=\"https:\/\/www.neuromokslai.lt\/wp-content\/uploads\/2021\/07\/75c1cc660a9bad1fde6597b5e7d62c9d.jpg\" title=\"75c1cc660a9bad1fde6597b5e7d62c9d\"><img loading=\"lazy\" decoding=\"async\" src=\"https:\/\/www.neuromokslai.lt\/wp-content\/uploads\/2021\/07\/75c1cc660a9bad1fde6597b5e7d62c9d-200x200.jpg\" alt=\"75c1cc660a9bad1fde6597b5e7d62c9d\" width=\"200\" height=\"200\" \/><span class=\"su-custom-gallery-title\">75c1cc660a9bad1fde6597b5e7d62c9d<\/span><\/a><\/div><div class=\"su-clear\"><\/div><\/div>\n","protected":false},"excerpt":{"rendered":"<p>Smegen\u0173 pa\u017einimo savait\u0117 2013 \u0160izofrenija: k\u0105 \u017einome, kaip su\u017einome, \u00a0kaip elgiam\u0117s ? 2013 m. kovo 11-17 d. Lietuvoje bus minima tarptautin\u0117 ,,Smegen\u0173 pa\u017einimo savait\u0117\u201c, kurios tikslas &#8211;\u00a0stiprinti susidom\u0117jim\u0105 smegen\u0173 tyrimais, skleisti \u017einias apie smegen\u0173 veikl\u0105 bei neuromoksl\u0173 pasiekimus visuomenei.\u00a0\u0160i\u0173 met\u0173 \u201eSmegen\u0173 pa\u017einimo savait\u0117s\u201c tema \u2013 \u201e\u0160izofrenija: k\u0105 \u017einome, kaip su\u017einome, kaip elgiam\u0117s? \u201c, kurios renginius [&hellip;]<\/p>\n","protected":false},"author":1,"featured_media":0,"parent":900,"menu_order":0,"comment_status":"closed","ping_status":"closed","template":"","meta":{"_acf_changed":false,"footnotes":""},"class_list":["post-991","page","type-page","status-publish","hentry"],"acf":[],"yoast_head":"<!-- This site is optimized with the Yoast SEO plugin v24.3 - https:\/\/yoast.com\/wordpress\/plugins\/seo\/ -->\n<title>2013 - neuromokslai.lt<\/title>\n<meta name=\"robots\" content=\"index, follow, max-snippet:-1, max-image-preview:large, max-video-preview:-1\" \/>\n<link rel=\"canonical\" href=\"https:\/\/www.neuromokslai.lt\/en\/brain-awareness-week\/2013-2\/\" \/>\n<meta property=\"og:locale\" content=\"en_US\" \/>\n<meta property=\"og:type\" content=\"article\" \/>\n<meta property=\"og:title\" content=\"2013 - neuromokslai.lt\" \/>\n<meta property=\"og:description\" content=\"Smegen\u0173 pa\u017einimo savait\u0117 2013 \u0160izofrenija: k\u0105 \u017einome, kaip su\u017einome, \u00a0kaip elgiam\u0117s ? 2013 m. kovo 11-17 d. Lietuvoje bus minima tarptautin\u0117 ,,Smegen\u0173 pa\u017einimo savait\u0117\u201c, kurios tikslas &#8211;\u00a0stiprinti susidom\u0117jim\u0105 smegen\u0173 tyrimais, skleisti \u017einias apie smegen\u0173 veikl\u0105 bei neuromoksl\u0173 pasiekimus visuomenei.\u00a0\u0160i\u0173 met\u0173 \u201eSmegen\u0173 pa\u017einimo savait\u0117s\u201c tema \u2013 \u201e\u0160izofrenija: k\u0105 \u017einome, kaip su\u017einome, kaip elgiam\u0117s? \u201c, kurios renginius [&hellip;]\" \/>\n<meta property=\"og:url\" content=\"https:\/\/www.neuromokslai.lt\/en\/brain-awareness-week\/2013-2\/\" \/>\n<meta property=\"og:site_name\" content=\"neuromokslai.lt\" \/>\n<meta property=\"article:modified_time\" content=\"2021-09-14T09:12:59+00:00\" \/>\n<meta name=\"twitter:card\" content=\"summary_large_image\" \/>\n<meta name=\"twitter:label1\" content=\"Est. reading time\" \/>\n\t<meta name=\"twitter:data1\" content=\"2 minutes\" \/>\n<script type=\"application\/ld+json\" class=\"yoast-schema-graph\">{\"@context\":\"https:\/\/schema.org\",\"@graph\":[{\"@type\":\"WebPage\",\"@id\":\"https:\/\/www.neuromokslai.lt\/en\/brain-awareness-week\/2013-2\/\",\"url\":\"https:\/\/www.neuromokslai.lt\/en\/brain-awareness-week\/2013-2\/\",\"name\":\"2013 - neuromokslai.lt\",\"isPartOf\":{\"@id\":\"https:\/\/www.neuromokslai.lt\/#website\"},\"datePublished\":\"2021-07-14T15:34:25+00:00\",\"dateModified\":\"2021-09-14T09:12:59+00:00\",\"breadcrumb\":{\"@id\":\"https:\/\/www.neuromokslai.lt\/en\/brain-awareness-week\/2013-2\/#breadcrumb\"},\"inLanguage\":\"en-US\",\"potentialAction\":[{\"@type\":\"ReadAction\",\"target\":[\"https:\/\/www.neuromokslai.lt\/en\/brain-awareness-week\/2013-2\/\"]}]},{\"@type\":\"BreadcrumbList\",\"@id\":\"https:\/\/www.neuromokslai.lt\/en\/brain-awareness-week\/2013-2\/#breadcrumb\",\"itemListElement\":[{\"@type\":\"ListItem\",\"position\":1,\"name\":\"Home\",\"item\":\"https:\/\/www.neuromokslai.lt\/en\/\"},{\"@type\":\"ListItem\",\"position\":2,\"name\":\"Brain Awareness Week\",\"item\":\"https:\/\/www.neuromokslai.lt\/en\/brain-awareness-week\/\"},{\"@type\":\"ListItem\",\"position\":3,\"name\":\"2013\"}]},{\"@type\":\"WebSite\",\"@id\":\"https:\/\/www.neuromokslai.lt\/#website\",\"url\":\"https:\/\/www.neuromokslai.lt\/\",\"name\":\"neuromokslai.lt\",\"description\":\"Lietuvos neuromoksl\u0173 asociacija\",\"potentialAction\":[{\"@type\":\"SearchAction\",\"target\":{\"@type\":\"EntryPoint\",\"urlTemplate\":\"https:\/\/www.neuromokslai.lt\/?s={search_term_string}\"},\"query-input\":{\"@type\":\"PropertyValueSpecification\",\"valueRequired\":true,\"valueName\":\"search_term_string\"}}],\"inLanguage\":\"en-US\"}]}<\/script>\n<!-- \/ Yoast SEO plugin. -->","yoast_head_json":{"title":"2013 - neuromokslai.lt","robots":{"index":"index","follow":"follow","max-snippet":"max-snippet:-1","max-image-preview":"max-image-preview:large","max-video-preview":"max-video-preview:-1"},"canonical":"https:\/\/www.neuromokslai.lt\/en\/brain-awareness-week\/2013-2\/","og_locale":"en_US","og_type":"article","og_title":"2013 - neuromokslai.lt","og_description":"Smegen\u0173 pa\u017einimo savait\u0117 2013 \u0160izofrenija: k\u0105 \u017einome, kaip su\u017einome, \u00a0kaip elgiam\u0117s ? 2013 m. kovo 11-17 d. Lietuvoje bus minima tarptautin\u0117 ,,Smegen\u0173 pa\u017einimo savait\u0117\u201c, kurios tikslas &#8211;\u00a0stiprinti susidom\u0117jim\u0105 smegen\u0173 tyrimais, skleisti \u017einias apie smegen\u0173 veikl\u0105 bei neuromoksl\u0173 pasiekimus visuomenei.\u00a0\u0160i\u0173 met\u0173 \u201eSmegen\u0173 pa\u017einimo savait\u0117s\u201c tema \u2013 \u201e\u0160izofrenija: k\u0105 \u017einome, kaip su\u017einome, kaip elgiam\u0117s? \u201c, kurios renginius [&hellip;]","og_url":"https:\/\/www.neuromokslai.lt\/en\/brain-awareness-week\/2013-2\/","og_site_name":"neuromokslai.lt","article_modified_time":"2021-09-14T09:12:59+00:00","twitter_card":"summary_large_image","twitter_misc":{"Est. reading time":"2 minutes"},"schema":{"@context":"https:\/\/schema.org","@graph":[{"@type":"WebPage","@id":"https:\/\/www.neuromokslai.lt\/en\/brain-awareness-week\/2013-2\/","url":"https:\/\/www.neuromokslai.lt\/en\/brain-awareness-week\/2013-2\/","name":"2013 - neuromokslai.lt","isPartOf":{"@id":"https:\/\/www.neuromokslai.lt\/#website"},"datePublished":"2021-07-14T15:34:25+00:00","dateModified":"2021-09-14T09:12:59+00:00","breadcrumb":{"@id":"https:\/\/www.neuromokslai.lt\/en\/brain-awareness-week\/2013-2\/#breadcrumb"},"inLanguage":"en-US","potentialAction":[{"@type":"ReadAction","target":["https:\/\/www.neuromokslai.lt\/en\/brain-awareness-week\/2013-2\/"]}]},{"@type":"BreadcrumbList","@id":"https:\/\/www.neuromokslai.lt\/en\/brain-awareness-week\/2013-2\/#breadcrumb","itemListElement":[{"@type":"ListItem","position":1,"name":"Home","item":"https:\/\/www.neuromokslai.lt\/en\/"},{"@type":"ListItem","position":2,"name":"Brain Awareness Week","item":"https:\/\/www.neuromokslai.lt\/en\/brain-awareness-week\/"},{"@type":"ListItem","position":3,"name":"2013"}]},{"@type":"WebSite","@id":"https:\/\/www.neuromokslai.lt\/#website","url":"https:\/\/www.neuromokslai.lt\/","name":"neuromokslai.lt","description":"Lietuvos neuromoksl\u0173 asociacija","potentialAction":[{"@type":"SearchAction","target":{"@type":"EntryPoint","urlTemplate":"https:\/\/www.neuromokslai.lt\/?s={search_term_string}"},"query-input":{"@type":"PropertyValueSpecification","valueRequired":true,"valueName":"search_term_string"}}],"inLanguage":"en-US"}]}},"_links":{"self":[{"href":"https:\/\/www.neuromokslai.lt\/en\/wp-json\/wp\/v2\/pages\/991"}],"collection":[{"href":"https:\/\/www.neuromokslai.lt\/en\/wp-json\/wp\/v2\/pages"}],"about":[{"href":"https:\/\/www.neuromokslai.lt\/en\/wp-json\/wp\/v2\/types\/page"}],"author":[{"embeddable":true,"href":"https:\/\/www.neuromokslai.lt\/en\/wp-json\/wp\/v2\/users\/1"}],"replies":[{"embeddable":true,"href":"https:\/\/www.neuromokslai.lt\/en\/wp-json\/wp\/v2\/comments?post=991"}],"version-history":[{"count":2,"href":"https:\/\/www.neuromokslai.lt\/en\/wp-json\/wp\/v2\/pages\/991\/revisions"}],"predecessor-version":[{"id":998,"href":"https:\/\/www.neuromokslai.lt\/en\/wp-json\/wp\/v2\/pages\/991\/revisions\/998"}],"up":[{"embeddable":true,"href":"https:\/\/www.neuromokslai.lt\/en\/wp-json\/wp\/v2\/pages\/900"}],"wp:attachment":[{"href":"https:\/\/www.neuromokslai.lt\/en\/wp-json\/wp\/v2\/media?parent=991"}],"curies":[{"name":"wp","href":"https:\/\/api.w.org\/{rel}","templated":true}]}}