{"id":992,"date":"2021-07-14T15:32:20","date_gmt":"2021-07-14T15:32:20","guid":{"rendered":"http:\/\/www5023.vu.lt\/brain-cognition-week\/2011-2\/"},"modified":"2021-09-14T09:13:01","modified_gmt":"2021-09-14T09:13:01","slug":"2011-2","status":"publish","type":"page","link":"https:\/\/www.neuromokslai.lt\/en\/brain-awareness-week\/2011-2\/","title":{"rendered":"2011"},"content":{"rendered":"<p><strong>2011 m.<\/strong><\/p>\n<p>\u201eSmegen\u0173 pa\u017einimo savait\u0117\u201c pamin\u0117ta paskaitomis apie smegen\u0173 veikim\u0105 ir sveikat\u0105 \u2013 vyresni\u0173 klasi\u0173 moksleiviams bei visuomenei. Baigiamasis renginys \u012fvyko Nacionalin\u0117je dail\u0117s galerijoje, kur buvo eksponuoti neuronus vaizduojantys tekstil\u0117s k\u016briniai, vyko psichikos liga sergan\u010di\u0173j\u0173 meno terapijos u\u017esi\u0117mim\u0173 med\u017eiagos demonstravimas bei paskaita apie smegenis ir priklausomybes.<\/p>\n<p>\u0160i\u0105 savait\u0119 daugiau d\u0117mesio skirta psichikos sutrikim\u0173 stigmos ma\u017einimui per bendravim\u0105, susitikimus su psichikos liga sergan\u010diais asmenimis.<\/p>\n<div class=\"su-custom-gallery su-custom-gallery-align-left su-custom-gallery-title-never su-lightbox-gallery\"><div class=\"su-custom-gallery-slide\" style=\"width:200px;height:200px\"><a href=\"https:\/\/www.neuromokslai.lt\/wp-content\/uploads\/2021\/07\/0380448353959c45c978947b9d454692.jpg\" title=\"0380448353959c45c978947b9d454692\"><img loading=\"lazy\" decoding=\"async\" src=\"https:\/\/www.neuromokslai.lt\/wp-content\/uploads\/2021\/07\/0380448353959c45c978947b9d454692-200x200.jpg\" alt=\"0380448353959c45c978947b9d454692\" width=\"200\" height=\"200\" \/><span class=\"su-custom-gallery-title\">0380448353959c45c978947b9d454692<\/span><\/a><\/div><div class=\"su-custom-gallery-slide\" style=\"width:200px;height:200px\"><a href=\"https:\/\/www.neuromokslai.lt\/wp-content\/uploads\/2021\/07\/c564b253a70fc08787cf1d8bda73dc60.jpg\" title=\"c564b253a70fc08787cf1d8bda73dc60\"><img loading=\"lazy\" decoding=\"async\" src=\"https:\/\/www.neuromokslai.lt\/wp-content\/uploads\/2021\/07\/c564b253a70fc08787cf1d8bda73dc60-200x200.jpg\" alt=\"c564b253a70fc08787cf1d8bda73dc60\" width=\"200\" height=\"200\" \/><span class=\"su-custom-gallery-title\">c564b253a70fc08787cf1d8bda73dc60<\/span><\/a><\/div><div class=\"su-custom-gallery-slide\" style=\"width:200px;height:200px\"><a href=\"https:\/\/www.neuromokslai.lt\/wp-content\/uploads\/2021\/07\/cb78d867473ab0c3fde578802f126362.jpg\" title=\"cb78d867473ab0c3fde578802f126362\"><img loading=\"lazy\" decoding=\"async\" src=\"https:\/\/www.neuromokslai.lt\/wp-content\/uploads\/2021\/07\/cb78d867473ab0c3fde578802f126362-200x200.jpg\" alt=\"cb78d867473ab0c3fde578802f126362\" width=\"200\" height=\"200\" \/><span class=\"su-custom-gallery-title\">cb78d867473ab0c3fde578802f126362<\/span><\/a><\/div><div class=\"su-clear\"><\/div><\/div>\n","protected":false},"excerpt":{"rendered":"<p>2011 m. \u201eSmegen\u0173 pa\u017einimo savait\u0117\u201c pamin\u0117ta paskaitomis apie smegen\u0173 veikim\u0105 ir sveikat\u0105 \u2013 vyresni\u0173 klasi\u0173 moksleiviams bei visuomenei. Baigiamasis renginys \u012fvyko Nacionalin\u0117je dail\u0117s galerijoje, kur buvo eksponuoti neuronus vaizduojantys tekstil\u0117s k\u016briniai, vyko psichikos liga sergan\u010di\u0173j\u0173 meno terapijos u\u017esi\u0117mim\u0173 med\u017eiagos demonstravimas bei paskaita apie smegenis ir priklausomybes. \u0160i\u0105 savait\u0119 daugiau d\u0117mesio skirta psichikos sutrikim\u0173 stigmos ma\u017einimui [&hellip;]<\/p>\n","protected":false},"author":1,"featured_media":0,"parent":900,"menu_order":0,"comment_status":"closed","ping_status":"closed","template":"","meta":{"_acf_changed":false,"footnotes":""},"class_list":["post-992","page","type-page","status-publish","hentry"],"acf":[],"yoast_head":"<!-- This site is optimized with the Yoast SEO plugin v24.3 - https:\/\/yoast.com\/wordpress\/plugins\/seo\/ -->\n<title>2011 - neuromokslai.lt<\/title>\n<meta name=\"robots\" content=\"index, follow, max-snippet:-1, max-image-preview:large, max-video-preview:-1\" \/>\n<link rel=\"canonical\" href=\"https:\/\/www.neuromokslai.lt\/en\/brain-awareness-week\/2011-2\/\" \/>\n<meta property=\"og:locale\" content=\"en_US\" \/>\n<meta property=\"og:type\" content=\"article\" \/>\n<meta property=\"og:title\" content=\"2011 - neuromokslai.lt\" \/>\n<meta property=\"og:description\" content=\"2011 m. \u201eSmegen\u0173 pa\u017einimo savait\u0117\u201c pamin\u0117ta paskaitomis apie smegen\u0173 veikim\u0105 ir sveikat\u0105 \u2013 vyresni\u0173 klasi\u0173 moksleiviams bei visuomenei. Baigiamasis renginys \u012fvyko Nacionalin\u0117je dail\u0117s galerijoje, kur buvo eksponuoti neuronus vaizduojantys tekstil\u0117s k\u016briniai, vyko psichikos liga sergan\u010di\u0173j\u0173 meno terapijos u\u017esi\u0117mim\u0173 med\u017eiagos demonstravimas bei paskaita apie smegenis ir priklausomybes. \u0160i\u0105 savait\u0119 daugiau d\u0117mesio skirta psichikos sutrikim\u0173 stigmos ma\u017einimui [&hellip;]\" \/>\n<meta property=\"og:url\" content=\"https:\/\/www.neuromokslai.lt\/en\/brain-awareness-week\/2011-2\/\" \/>\n<meta property=\"og:site_name\" content=\"neuromokslai.lt\" \/>\n<meta property=\"article:modified_time\" content=\"2021-09-14T09:13:01+00:00\" \/>\n<meta name=\"twitter:card\" content=\"summary_large_image\" \/>\n<meta name=\"twitter:label1\" content=\"Est. reading time\" \/>\n\t<meta name=\"twitter:data1\" content=\"1 minute\" \/>\n<script type=\"application\/ld+json\" class=\"yoast-schema-graph\">{\"@context\":\"https:\/\/schema.org\",\"@graph\":[{\"@type\":\"WebPage\",\"@id\":\"https:\/\/www.neuromokslai.lt\/en\/brain-awareness-week\/2011-2\/\",\"url\":\"https:\/\/www.neuromokslai.lt\/en\/brain-awareness-week\/2011-2\/\",\"name\":\"2011 - neuromokslai.lt\",\"isPartOf\":{\"@id\":\"https:\/\/www.neuromokslai.lt\/#website\"},\"datePublished\":\"2021-07-14T15:32:20+00:00\",\"dateModified\":\"2021-09-14T09:13:01+00:00\",\"breadcrumb\":{\"@id\":\"https:\/\/www.neuromokslai.lt\/en\/brain-awareness-week\/2011-2\/#breadcrumb\"},\"inLanguage\":\"en-US\",\"potentialAction\":[{\"@type\":\"ReadAction\",\"target\":[\"https:\/\/www.neuromokslai.lt\/en\/brain-awareness-week\/2011-2\/\"]}]},{\"@type\":\"BreadcrumbList\",\"@id\":\"https:\/\/www.neuromokslai.lt\/en\/brain-awareness-week\/2011-2\/#breadcrumb\",\"itemListElement\":[{\"@type\":\"ListItem\",\"position\":1,\"name\":\"Home\",\"item\":\"https:\/\/www.neuromokslai.lt\/en\/\"},{\"@type\":\"ListItem\",\"position\":2,\"name\":\"Brain Awareness Week\",\"item\":\"https:\/\/www.neuromokslai.lt\/en\/brain-awareness-week\/\"},{\"@type\":\"ListItem\",\"position\":3,\"name\":\"2011\"}]},{\"@type\":\"WebSite\",\"@id\":\"https:\/\/www.neuromokslai.lt\/#website\",\"url\":\"https:\/\/www.neuromokslai.lt\/\",\"name\":\"neuromokslai.lt\",\"description\":\"Lietuvos neuromoksl\u0173 asociacija\",\"potentialAction\":[{\"@type\":\"SearchAction\",\"target\":{\"@type\":\"EntryPoint\",\"urlTemplate\":\"https:\/\/www.neuromokslai.lt\/?s={search_term_string}\"},\"query-input\":{\"@type\":\"PropertyValueSpecification\",\"valueRequired\":true,\"valueName\":\"search_term_string\"}}],\"inLanguage\":\"en-US\"}]}<\/script>\n<!-- \/ Yoast SEO plugin. -->","yoast_head_json":{"title":"2011 - neuromokslai.lt","robots":{"index":"index","follow":"follow","max-snippet":"max-snippet:-1","max-image-preview":"max-image-preview:large","max-video-preview":"max-video-preview:-1"},"canonical":"https:\/\/www.neuromokslai.lt\/en\/brain-awareness-week\/2011-2\/","og_locale":"en_US","og_type":"article","og_title":"2011 - neuromokslai.lt","og_description":"2011 m. \u201eSmegen\u0173 pa\u017einimo savait\u0117\u201c pamin\u0117ta paskaitomis apie smegen\u0173 veikim\u0105 ir sveikat\u0105 \u2013 vyresni\u0173 klasi\u0173 moksleiviams bei visuomenei. Baigiamasis renginys \u012fvyko Nacionalin\u0117je dail\u0117s galerijoje, kur buvo eksponuoti neuronus vaizduojantys tekstil\u0117s k\u016briniai, vyko psichikos liga sergan\u010di\u0173j\u0173 meno terapijos u\u017esi\u0117mim\u0173 med\u017eiagos demonstravimas bei paskaita apie smegenis ir priklausomybes. \u0160i\u0105 savait\u0119 daugiau d\u0117mesio skirta psichikos sutrikim\u0173 stigmos ma\u017einimui [&hellip;]","og_url":"https:\/\/www.neuromokslai.lt\/en\/brain-awareness-week\/2011-2\/","og_site_name":"neuromokslai.lt","article_modified_time":"2021-09-14T09:13:01+00:00","twitter_card":"summary_large_image","twitter_misc":{"Est. reading time":"1 minute"},"schema":{"@context":"https:\/\/schema.org","@graph":[{"@type":"WebPage","@id":"https:\/\/www.neuromokslai.lt\/en\/brain-awareness-week\/2011-2\/","url":"https:\/\/www.neuromokslai.lt\/en\/brain-awareness-week\/2011-2\/","name":"2011 - neuromokslai.lt","isPartOf":{"@id":"https:\/\/www.neuromokslai.lt\/#website"},"datePublished":"2021-07-14T15:32:20+00:00","dateModified":"2021-09-14T09:13:01+00:00","breadcrumb":{"@id":"https:\/\/www.neuromokslai.lt\/en\/brain-awareness-week\/2011-2\/#breadcrumb"},"inLanguage":"en-US","potentialAction":[{"@type":"ReadAction","target":["https:\/\/www.neuromokslai.lt\/en\/brain-awareness-week\/2011-2\/"]}]},{"@type":"BreadcrumbList","@id":"https:\/\/www.neuromokslai.lt\/en\/brain-awareness-week\/2011-2\/#breadcrumb","itemListElement":[{"@type":"ListItem","position":1,"name":"Home","item":"https:\/\/www.neuromokslai.lt\/en\/"},{"@type":"ListItem","position":2,"name":"Brain Awareness Week","item":"https:\/\/www.neuromokslai.lt\/en\/brain-awareness-week\/"},{"@type":"ListItem","position":3,"name":"2011"}]},{"@type":"WebSite","@id":"https:\/\/www.neuromokslai.lt\/#website","url":"https:\/\/www.neuromokslai.lt\/","name":"neuromokslai.lt","description":"Lietuvos neuromoksl\u0173 asociacija","potentialAction":[{"@type":"SearchAction","target":{"@type":"EntryPoint","urlTemplate":"https:\/\/www.neuromokslai.lt\/?s={search_term_string}"},"query-input":{"@type":"PropertyValueSpecification","valueRequired":true,"valueName":"search_term_string"}}],"inLanguage":"en-US"}]}},"_links":{"self":[{"href":"https:\/\/www.neuromokslai.lt\/en\/wp-json\/wp\/v2\/pages\/992"}],"collection":[{"href":"https:\/\/www.neuromokslai.lt\/en\/wp-json\/wp\/v2\/pages"}],"about":[{"href":"https:\/\/www.neuromokslai.lt\/en\/wp-json\/wp\/v2\/types\/page"}],"author":[{"embeddable":true,"href":"https:\/\/www.neuromokslai.lt\/en\/wp-json\/wp\/v2\/users\/1"}],"replies":[{"embeddable":true,"href":"https:\/\/www.neuromokslai.lt\/en\/wp-json\/wp\/v2\/comments?post=992"}],"version-history":[{"count":1,"href":"https:\/\/www.neuromokslai.lt\/en\/wp-json\/wp\/v2\/pages\/992\/revisions"}],"predecessor-version":[{"id":999,"href":"https:\/\/www.neuromokslai.lt\/en\/wp-json\/wp\/v2\/pages\/992\/revisions\/999"}],"up":[{"embeddable":true,"href":"https:\/\/www.neuromokslai.lt\/en\/wp-json\/wp\/v2\/pages\/900"}],"wp:attachment":[{"href":"https:\/\/www.neuromokslai.lt\/en\/wp-json\/wp\/v2\/media?parent=992"}],"curies":[{"name":"wp","href":"https:\/\/api.w.org\/{rel}","templated":true}]}}