{"id":993,"date":"2021-07-14T15:29:31","date_gmt":"2021-07-14T15:29:31","guid":{"rendered":"http:\/\/www5023.vu.lt\/brain-cognition-week\/2010-2\/"},"modified":"2021-09-14T09:13:06","modified_gmt":"2021-09-14T09:13:06","slug":"2010-2","status":"publish","type":"page","link":"https:\/\/www.neuromokslai.lt\/en\/brain-awareness-week\/2010-2\/","title":{"rendered":"2010"},"content":{"rendered":"<p>Kovo 15-21 d. Lietuvoje pamin\u0117ta tarptautin\u0117 ,,Smegen\u0173 pa\u017einimo savait\u0117\u201c, kurios metu V\u0161\u012e Psichikos sveikatos iniciatyva ir Lietuvos neuromoksl\u0173 asociacija su partneriais min\u0117damos \u0161i\u0105 \u012fgyvendino projektus \u201cSmegen\u0173 sveikata darbe\u201d ir \u201cMano neuronas\u201d mokyklose.<\/p>\n<p>\u0160i\u0105 savait\u0119 \u012fstaigose ir \u012fmon\u0117se skaitytose paskaitose daugiausiai d\u0117mesio buvo skiriama \u017einomiems blogos smegen\u0173 sveikatos rizikos faktoriams ir rekomendacijoms kaip j\u0173 i\u0161vengti. \u0160i\u0105 savait\u0119 pa\u017eym\u0117j\u0119 \u012fmon\u0117s ir \u012fstaigos dom\u0117josi ir darbuotoj\u0173 bendravimu darbe \u2013 buvo brai\u017eomi bendravimo \u017eem\u0117lapiai, kuriuos Vilniaus Dail\u0117s Akademijos Tekstil\u0117s katedros menininkai vert\u0117 \u012f meno k\u016brinius.<\/p>\n<p>Smegen\u0173 pa\u017einimo savait\u0119 Vilniaus ir Kauno mokyklose prad\u0117tas projektas \u201eNeuronas\u201c, kurio metu \u012fvairaus am\u017eiaus mokiniai susipa\u017eino su neurono strukt\u016bra ir veikimu bei gamino meninius neurono modelius. Mokytojams parengta ir dalinama mokomoji med\u017eiaga apie neuron\u0105.<\/p>\n<p>Spaudoje paskelbti interviu ir straipsniai apie smegenis ir mokym\u0105si.<\/p>\n<p><a href=\"http:\/\/www.technologijos.lt\/n\/svietimas\/S-12146\/straipsnis\/Lietuvos-mokyklose--pasenusios-ziniu-kalimo-metodikos?l=1&amp;p=1\" target=\"_blank\" rel=\"noopener\">http:\/\/www.technologijos.lt\/n\/svietimas\/S-12146\/straipsnis\/Lietuvos-mokyklose&#8211;pasenusios-ziniu-kalimo-metodikos?l=1&amp;p=1<\/a><\/p>\n<p>&nbsp;<\/p>\n<p><img loading=\"lazy\" decoding=\"async\" class=\"alignnone wp-image-259 size-full\" src=\"http:\/\/www5023.vu.lt\/wp-content\/uploads\/2021\/07\/e8f4bd6b3567e416dac053c8d83c3f78.jpg\" alt=\"\" width=\"1024\" height=\"768\" srcset=\"https:\/\/www.neuromokslai.lt\/wp-content\/uploads\/2021\/07\/e8f4bd6b3567e416dac053c8d83c3f78.jpg 1024w, https:\/\/www.neuromokslai.lt\/wp-content\/uploads\/2021\/07\/e8f4bd6b3567e416dac053c8d83c3f78-600x450.jpg 600w, https:\/\/www.neuromokslai.lt\/wp-content\/uploads\/2021\/07\/e8f4bd6b3567e416dac053c8d83c3f78-300x225.jpg 300w, https:\/\/www.neuromokslai.lt\/wp-content\/uploads\/2021\/07\/e8f4bd6b3567e416dac053c8d83c3f78-768x576.jpg 768w, https:\/\/www.neuromokslai.lt\/wp-content\/uploads\/2021\/07\/e8f4bd6b3567e416dac053c8d83c3f78-800x600.jpg 800w\" sizes=\"(max-width: 1024px) 100vw, 1024px\" \/><\/p>\n","protected":false},"excerpt":{"rendered":"<p>Kovo 15-21 d. Lietuvoje pamin\u0117ta tarptautin\u0117 ,,Smegen\u0173 pa\u017einimo savait\u0117\u201c, kurios metu V\u0161\u012e Psichikos sveikatos iniciatyva ir Lietuvos neuromoksl\u0173 asociacija su partneriais min\u0117damos \u0161i\u0105 \u012fgyvendino projektus \u201cSmegen\u0173 sveikata darbe\u201d ir \u201cMano neuronas\u201d mokyklose. \u0160i\u0105 savait\u0119 \u012fstaigose ir \u012fmon\u0117se skaitytose paskaitose daugiausiai d\u0117mesio buvo skiriama \u017einomiems blogos smegen\u0173 sveikatos rizikos faktoriams ir rekomendacijoms kaip j\u0173 i\u0161vengti. \u0160i\u0105 [&hellip;]<\/p>\n","protected":false},"author":1,"featured_media":0,"parent":900,"menu_order":0,"comment_status":"closed","ping_status":"closed","template":"","meta":{"_acf_changed":false,"footnotes":""},"class_list":["post-993","page","type-page","status-publish","hentry"],"acf":[],"yoast_head":"<!-- This site is optimized with the Yoast SEO plugin v24.3 - https:\/\/yoast.com\/wordpress\/plugins\/seo\/ -->\n<title>2010 - neuromokslai.lt<\/title>\n<meta name=\"robots\" content=\"index, follow, max-snippet:-1, max-image-preview:large, max-video-preview:-1\" \/>\n<link rel=\"canonical\" href=\"https:\/\/www.neuromokslai.lt\/en\/brain-awareness-week\/2010-2\/\" \/>\n<meta property=\"og:locale\" content=\"en_US\" \/>\n<meta property=\"og:type\" content=\"article\" \/>\n<meta property=\"og:title\" content=\"2010 - neuromokslai.lt\" \/>\n<meta property=\"og:description\" content=\"Kovo 15-21 d. Lietuvoje pamin\u0117ta tarptautin\u0117 ,,Smegen\u0173 pa\u017einimo savait\u0117\u201c, kurios metu V\u0161\u012e Psichikos sveikatos iniciatyva ir Lietuvos neuromoksl\u0173 asociacija su partneriais min\u0117damos \u0161i\u0105 \u012fgyvendino projektus \u201cSmegen\u0173 sveikata darbe\u201d ir \u201cMano neuronas\u201d mokyklose. \u0160i\u0105 savait\u0119 \u012fstaigose ir \u012fmon\u0117se skaitytose paskaitose daugiausiai d\u0117mesio buvo skiriama \u017einomiems blogos smegen\u0173 sveikatos rizikos faktoriams ir rekomendacijoms kaip j\u0173 i\u0161vengti. \u0160i\u0105 [&hellip;]\" \/>\n<meta property=\"og:url\" content=\"https:\/\/www.neuromokslai.lt\/en\/brain-awareness-week\/2010-2\/\" \/>\n<meta property=\"og:site_name\" content=\"neuromokslai.lt\" \/>\n<meta property=\"article:modified_time\" content=\"2021-09-14T09:13:06+00:00\" \/>\n<meta property=\"og:image\" content=\"http:\/\/www5023.vu.lt\/wp-content\/uploads\/2021\/07\/e8f4bd6b3567e416dac053c8d83c3f78.jpg\" \/>\n<meta name=\"twitter:card\" content=\"summary_large_image\" \/>\n<meta name=\"twitter:label1\" content=\"Est. reading time\" \/>\n\t<meta name=\"twitter:data1\" content=\"1 minute\" \/>\n<script type=\"application\/ld+json\" class=\"yoast-schema-graph\">{\"@context\":\"https:\/\/schema.org\",\"@graph\":[{\"@type\":\"WebPage\",\"@id\":\"https:\/\/www.neuromokslai.lt\/en\/brain-awareness-week\/2010-2\/\",\"url\":\"https:\/\/www.neuromokslai.lt\/en\/brain-awareness-week\/2010-2\/\",\"name\":\"2010 - neuromokslai.lt\",\"isPartOf\":{\"@id\":\"https:\/\/www.neuromokslai.lt\/#website\"},\"primaryImageOfPage\":{\"@id\":\"https:\/\/www.neuromokslai.lt\/en\/brain-awareness-week\/2010-2\/#primaryimage\"},\"image\":{\"@id\":\"https:\/\/www.neuromokslai.lt\/en\/brain-awareness-week\/2010-2\/#primaryimage\"},\"thumbnailUrl\":\"http:\/\/www5023.vu.lt\/wp-content\/uploads\/2021\/07\/e8f4bd6b3567e416dac053c8d83c3f78.jpg\",\"datePublished\":\"2021-07-14T15:29:31+00:00\",\"dateModified\":\"2021-09-14T09:13:06+00:00\",\"breadcrumb\":{\"@id\":\"https:\/\/www.neuromokslai.lt\/en\/brain-awareness-week\/2010-2\/#breadcrumb\"},\"inLanguage\":\"en-US\",\"potentialAction\":[{\"@type\":\"ReadAction\",\"target\":[\"https:\/\/www.neuromokslai.lt\/en\/brain-awareness-week\/2010-2\/\"]}]},{\"@type\":\"ImageObject\",\"inLanguage\":\"en-US\",\"@id\":\"https:\/\/www.neuromokslai.lt\/en\/brain-awareness-week\/2010-2\/#primaryimage\",\"url\":\"http:\/\/www5023.vu.lt\/wp-content\/uploads\/2021\/07\/e8f4bd6b3567e416dac053c8d83c3f78.jpg\",\"contentUrl\":\"http:\/\/www5023.vu.lt\/wp-content\/uploads\/2021\/07\/e8f4bd6b3567e416dac053c8d83c3f78.jpg\"},{\"@type\":\"BreadcrumbList\",\"@id\":\"https:\/\/www.neuromokslai.lt\/en\/brain-awareness-week\/2010-2\/#breadcrumb\",\"itemListElement\":[{\"@type\":\"ListItem\",\"position\":1,\"name\":\"Home\",\"item\":\"https:\/\/www.neuromokslai.lt\/en\/\"},{\"@type\":\"ListItem\",\"position\":2,\"name\":\"Brain Awareness Week\",\"item\":\"https:\/\/www.neuromokslai.lt\/en\/brain-awareness-week\/\"},{\"@type\":\"ListItem\",\"position\":3,\"name\":\"2010\"}]},{\"@type\":\"WebSite\",\"@id\":\"https:\/\/www.neuromokslai.lt\/#website\",\"url\":\"https:\/\/www.neuromokslai.lt\/\",\"name\":\"neuromokslai.lt\",\"description\":\"Lietuvos neuromoksl\u0173 asociacija\",\"potentialAction\":[{\"@type\":\"SearchAction\",\"target\":{\"@type\":\"EntryPoint\",\"urlTemplate\":\"https:\/\/www.neuromokslai.lt\/?s={search_term_string}\"},\"query-input\":{\"@type\":\"PropertyValueSpecification\",\"valueRequired\":true,\"valueName\":\"search_term_string\"}}],\"inLanguage\":\"en-US\"}]}<\/script>\n<!-- \/ Yoast SEO plugin. -->","yoast_head_json":{"title":"2010 - neuromokslai.lt","robots":{"index":"index","follow":"follow","max-snippet":"max-snippet:-1","max-image-preview":"max-image-preview:large","max-video-preview":"max-video-preview:-1"},"canonical":"https:\/\/www.neuromokslai.lt\/en\/brain-awareness-week\/2010-2\/","og_locale":"en_US","og_type":"article","og_title":"2010 - neuromokslai.lt","og_description":"Kovo 15-21 d. Lietuvoje pamin\u0117ta tarptautin\u0117 ,,Smegen\u0173 pa\u017einimo savait\u0117\u201c, kurios metu V\u0161\u012e Psichikos sveikatos iniciatyva ir Lietuvos neuromoksl\u0173 asociacija su partneriais min\u0117damos \u0161i\u0105 \u012fgyvendino projektus \u201cSmegen\u0173 sveikata darbe\u201d ir \u201cMano neuronas\u201d mokyklose. \u0160i\u0105 savait\u0119 \u012fstaigose ir \u012fmon\u0117se skaitytose paskaitose daugiausiai d\u0117mesio buvo skiriama \u017einomiems blogos smegen\u0173 sveikatos rizikos faktoriams ir rekomendacijoms kaip j\u0173 i\u0161vengti. \u0160i\u0105 [&hellip;]","og_url":"https:\/\/www.neuromokslai.lt\/en\/brain-awareness-week\/2010-2\/","og_site_name":"neuromokslai.lt","article_modified_time":"2021-09-14T09:13:06+00:00","og_image":[{"url":"http:\/\/www5023.vu.lt\/wp-content\/uploads\/2021\/07\/e8f4bd6b3567e416dac053c8d83c3f78.jpg","type":"","width":"","height":""}],"twitter_card":"summary_large_image","twitter_misc":{"Est. reading time":"1 minute"},"schema":{"@context":"https:\/\/schema.org","@graph":[{"@type":"WebPage","@id":"https:\/\/www.neuromokslai.lt\/en\/brain-awareness-week\/2010-2\/","url":"https:\/\/www.neuromokslai.lt\/en\/brain-awareness-week\/2010-2\/","name":"2010 - neuromokslai.lt","isPartOf":{"@id":"https:\/\/www.neuromokslai.lt\/#website"},"primaryImageOfPage":{"@id":"https:\/\/www.neuromokslai.lt\/en\/brain-awareness-week\/2010-2\/#primaryimage"},"image":{"@id":"https:\/\/www.neuromokslai.lt\/en\/brain-awareness-week\/2010-2\/#primaryimage"},"thumbnailUrl":"http:\/\/www5023.vu.lt\/wp-content\/uploads\/2021\/07\/e8f4bd6b3567e416dac053c8d83c3f78.jpg","datePublished":"2021-07-14T15:29:31+00:00","dateModified":"2021-09-14T09:13:06+00:00","breadcrumb":{"@id":"https:\/\/www.neuromokslai.lt\/en\/brain-awareness-week\/2010-2\/#breadcrumb"},"inLanguage":"en-US","potentialAction":[{"@type":"ReadAction","target":["https:\/\/www.neuromokslai.lt\/en\/brain-awareness-week\/2010-2\/"]}]},{"@type":"ImageObject","inLanguage":"en-US","@id":"https:\/\/www.neuromokslai.lt\/en\/brain-awareness-week\/2010-2\/#primaryimage","url":"http:\/\/www5023.vu.lt\/wp-content\/uploads\/2021\/07\/e8f4bd6b3567e416dac053c8d83c3f78.jpg","contentUrl":"http:\/\/www5023.vu.lt\/wp-content\/uploads\/2021\/07\/e8f4bd6b3567e416dac053c8d83c3f78.jpg"},{"@type":"BreadcrumbList","@id":"https:\/\/www.neuromokslai.lt\/en\/brain-awareness-week\/2010-2\/#breadcrumb","itemListElement":[{"@type":"ListItem","position":1,"name":"Home","item":"https:\/\/www.neuromokslai.lt\/en\/"},{"@type":"ListItem","position":2,"name":"Brain Awareness Week","item":"https:\/\/www.neuromokslai.lt\/en\/brain-awareness-week\/"},{"@type":"ListItem","position":3,"name":"2010"}]},{"@type":"WebSite","@id":"https:\/\/www.neuromokslai.lt\/#website","url":"https:\/\/www.neuromokslai.lt\/","name":"neuromokslai.lt","description":"Lietuvos neuromoksl\u0173 asociacija","potentialAction":[{"@type":"SearchAction","target":{"@type":"EntryPoint","urlTemplate":"https:\/\/www.neuromokslai.lt\/?s={search_term_string}"},"query-input":{"@type":"PropertyValueSpecification","valueRequired":true,"valueName":"search_term_string"}}],"inLanguage":"en-US"}]}},"_links":{"self":[{"href":"https:\/\/www.neuromokslai.lt\/en\/wp-json\/wp\/v2\/pages\/993"}],"collection":[{"href":"https:\/\/www.neuromokslai.lt\/en\/wp-json\/wp\/v2\/pages"}],"about":[{"href":"https:\/\/www.neuromokslai.lt\/en\/wp-json\/wp\/v2\/types\/page"}],"author":[{"embeddable":true,"href":"https:\/\/www.neuromokslai.lt\/en\/wp-json\/wp\/v2\/users\/1"}],"replies":[{"embeddable":true,"href":"https:\/\/www.neuromokslai.lt\/en\/wp-json\/wp\/v2\/comments?post=993"}],"version-history":[{"count":2,"href":"https:\/\/www.neuromokslai.lt\/en\/wp-json\/wp\/v2\/pages\/993\/revisions"}],"predecessor-version":[{"id":1001,"href":"https:\/\/www.neuromokslai.lt\/en\/wp-json\/wp\/v2\/pages\/993\/revisions\/1001"}],"up":[{"embeddable":true,"href":"https:\/\/www.neuromokslai.lt\/en\/wp-json\/wp\/v2\/pages\/900"}],"wp:attachment":[{"href":"https:\/\/www.neuromokslai.lt\/en\/wp-json\/wp\/v2\/media?parent=993"}],"curies":[{"name":"wp","href":"https:\/\/api.w.org\/{rel}","templated":true}]}}