{"id":994,"date":"2021-07-14T15:26:29","date_gmt":"2021-07-14T15:26:29","guid":{"rendered":"http:\/\/www5023.vu.lt\/brain-cognition-week\/2009-2\/"},"modified":"2021-09-14T09:13:09","modified_gmt":"2021-09-14T09:13:09","slug":"2009-2","status":"publish","type":"page","link":"https:\/\/www.neuromokslai.lt\/en\/brain-awareness-week\/2009-2\/","title":{"rendered":"2009"},"content":{"rendered":"<p>Lietuvoje &#8211; vieni i\u0161 smegen\u0173 pa\u017einimo savait\u0117s pradinink\u0173 V\u0161\u012e \u201cPsichikos sveikatos iniciatyva\u201d ir Lietuvos neuromoksl\u0173 asociacija, pirm\u0105kart pamin\u0117j\u0119\u00a0 savait\u0119 2009 m. Pirmojoje \u201eSmegen\u0173 pa\u017einimo savait\u0117je\u201c akcentuota neuromokslo tyrim\u0173 finansavimo stoka Lietuvoje.<\/p>\n<p>Lietuvoje smegen\u0173 lig\u0173 paplitimas yra pana\u0161us kaip ir daugelyje Europos \u0161ali\u0173, ta\u010diau l\u0117\u0161\u0173 joms gydyti skiriame beveik ma\u017eiausiai Europoje. Pasaulio sveikatos organizacija nurodo, kad net ketvirtadalis gyventoj\u0173 ka\u017ekada gyvenime patiria psichikos sutrikim\u0105, tod\u0117l valstyb\u0117s d\u0117l \u0161i\u0173 sutrikim\u0173 patiria did\u017eiuli\u0173 nuostoli\u0173. Vienas i\u0161 b\u016bd\u0173 suma\u017einti d\u0117l smegen\u0173 lig\u0173 patiriamus nuostolius \u2013 vykdyti smegen\u0173 lig\u0173 ir smegen\u0173 sveikatos tyrimus. Vidutini\u0161kai Europoje smegen\u0173 tyrimams skiriama beveik 1,3 euro vienam gyventojui, tuo tarpu Lietuvoje vienam gyventojui tenkanti suma nesiekia 0,3 euro.<\/p>\n<p>&#8211; Vilniaus mokyklose ir\u00a0 \u012fstaigose vyko paskaitos apie smegenis ir psichikos sveikat\u0105;<\/p>\n<p>&#8211; pradini\u0173 klasi\u0173 mokiniai pie\u0161\u0117 smegenis ir dalyvavo neuromoksl\u0173 specialist\u0173 vedamose pamokose;<\/p>\n<p>&#8211; parengta med\u017eiaga mokytojams, kuri\u0105 galima naudoti kalbantis su vaikais apie smegenis;<\/p>\n<p>&#8211; paskaitose visuomenei ir \u017einiasklaidoje kalb\u0117ta apie psichikos sveikatos problemas.<\/p>\n<p><a href=\"http:\/\/zebra.15min.lt\/lt\/laikas_sau\/sveikata\/pamineta-smegenu-pazinimo-savaite-148552.html\" target=\"_blank\" rel=\"noopener\">http:\/\/zebra.15min.lt\/lt\/laikas_sau\/sveikata\/pamineta-smegenu-pazinimo-savaite-148552.html<\/a><\/p>\n<div class=\"su-custom-gallery su-custom-gallery-align-left su-custom-gallery-title-never su-lightbox-gallery\"><div class=\"su-custom-gallery-slide\" style=\"width:200px;height:200px\"><a href=\"https:\/\/www.neuromokslai.lt\/wp-content\/uploads\/2021\/07\/0b4f68ddea4146081b7b2ec92c8b0004.jpg\" title=\"0b4f68ddea4146081b7b2ec92c8b0004\"><img loading=\"lazy\" decoding=\"async\" src=\"https:\/\/www.neuromokslai.lt\/wp-content\/uploads\/2021\/07\/0b4f68ddea4146081b7b2ec92c8b0004-200x200.jpg\" alt=\"0b4f68ddea4146081b7b2ec92c8b0004\" width=\"200\" height=\"200\" \/><span class=\"su-custom-gallery-title\">0b4f68ddea4146081b7b2ec92c8b0004<\/span><\/a><\/div><div class=\"su-custom-gallery-slide\" style=\"width:200px;height:200px\"><a href=\"https:\/\/www.neuromokslai.lt\/wp-content\/uploads\/2021\/07\/12ddea58f39f635327514f7be760431f.jpg\" title=\"12ddea58f39f635327514f7be760431f\"><img loading=\"lazy\" decoding=\"async\" src=\"https:\/\/www.neuromokslai.lt\/wp-content\/uploads\/2021\/07\/12ddea58f39f635327514f7be760431f-200x200.jpg\" alt=\"12ddea58f39f635327514f7be760431f\" width=\"200\" height=\"200\" \/><span class=\"su-custom-gallery-title\">12ddea58f39f635327514f7be760431f<\/span><\/a><\/div><div class=\"su-custom-gallery-slide\" style=\"width:200px;height:200px\"><a href=\"https:\/\/www.neuromokslai.lt\/wp-content\/uploads\/2021\/07\/512390e45d155a710441845db94410f4.jpg\" title=\"512390e45d155a710441845db94410f4\"><img loading=\"lazy\" decoding=\"async\" src=\"https:\/\/www.neuromokslai.lt\/wp-content\/uploads\/2021\/07\/512390e45d155a710441845db94410f4-200x200.jpg\" alt=\"512390e45d155a710441845db94410f4\" width=\"200\" height=\"200\" \/><span class=\"su-custom-gallery-title\">512390e45d155a710441845db94410f4<\/span><\/a><\/div><div class=\"su-custom-gallery-slide\" style=\"width:200px;height:200px\"><a href=\"https:\/\/www.neuromokslai.lt\/wp-content\/uploads\/2021\/07\/ad39b0aaf4d5d248b6a0f2bc72b0cad2.jpg\" title=\"ad39b0aaf4d5d248b6a0f2bc72b0cad2\"><img loading=\"lazy\" decoding=\"async\" src=\"https:\/\/www.neuromokslai.lt\/wp-content\/uploads\/2021\/07\/ad39b0aaf4d5d248b6a0f2bc72b0cad2-200x200.jpg\" alt=\"ad39b0aaf4d5d248b6a0f2bc72b0cad2\" width=\"200\" height=\"200\" \/><span class=\"su-custom-gallery-title\">ad39b0aaf4d5d248b6a0f2bc72b0cad2<\/span><\/a><\/div><div class=\"su-clear\"><\/div><\/div>\n","protected":false},"excerpt":{"rendered":"<p>Lietuvoje &#8211; vieni i\u0161 smegen\u0173 pa\u017einimo savait\u0117s pradinink\u0173 V\u0161\u012e \u201cPsichikos sveikatos iniciatyva\u201d ir Lietuvos neuromoksl\u0173 asociacija, pirm\u0105kart pamin\u0117j\u0119\u00a0 savait\u0119 2009 m. Pirmojoje \u201eSmegen\u0173 pa\u017einimo savait\u0117je\u201c akcentuota neuromokslo tyrim\u0173 finansavimo stoka Lietuvoje. Lietuvoje smegen\u0173 lig\u0173 paplitimas yra pana\u0161us kaip ir daugelyje Europos \u0161ali\u0173, ta\u010diau l\u0117\u0161\u0173 joms gydyti skiriame beveik ma\u017eiausiai Europoje. Pasaulio sveikatos organizacija nurodo, kad [&hellip;]<\/p>\n","protected":false},"author":1,"featured_media":0,"parent":900,"menu_order":0,"comment_status":"closed","ping_status":"closed","template":"","meta":{"_acf_changed":false,"footnotes":""},"class_list":["post-994","page","type-page","status-publish","hentry"],"acf":[],"yoast_head":"<!-- This site is optimized with the Yoast SEO plugin v24.3 - https:\/\/yoast.com\/wordpress\/plugins\/seo\/ -->\n<title>2009 - neuromokslai.lt<\/title>\n<meta name=\"robots\" content=\"index, follow, max-snippet:-1, max-image-preview:large, max-video-preview:-1\" \/>\n<link rel=\"canonical\" href=\"https:\/\/www.neuromokslai.lt\/en\/brain-awareness-week\/2009-2\/\" \/>\n<meta property=\"og:locale\" content=\"en_US\" \/>\n<meta property=\"og:type\" content=\"article\" \/>\n<meta property=\"og:title\" content=\"2009 - neuromokslai.lt\" \/>\n<meta property=\"og:description\" content=\"Lietuvoje &#8211; vieni i\u0161 smegen\u0173 pa\u017einimo savait\u0117s pradinink\u0173 V\u0161\u012e \u201cPsichikos sveikatos iniciatyva\u201d ir Lietuvos neuromoksl\u0173 asociacija, pirm\u0105kart pamin\u0117j\u0119\u00a0 savait\u0119 2009 m. Pirmojoje \u201eSmegen\u0173 pa\u017einimo savait\u0117je\u201c akcentuota neuromokslo tyrim\u0173 finansavimo stoka Lietuvoje. Lietuvoje smegen\u0173 lig\u0173 paplitimas yra pana\u0161us kaip ir daugelyje Europos \u0161ali\u0173, ta\u010diau l\u0117\u0161\u0173 joms gydyti skiriame beveik ma\u017eiausiai Europoje. Pasaulio sveikatos organizacija nurodo, kad [&hellip;]\" \/>\n<meta property=\"og:url\" content=\"https:\/\/www.neuromokslai.lt\/en\/brain-awareness-week\/2009-2\/\" \/>\n<meta property=\"og:site_name\" content=\"neuromokslai.lt\" \/>\n<meta property=\"article:modified_time\" content=\"2021-09-14T09:13:09+00:00\" \/>\n<meta name=\"twitter:card\" content=\"summary_large_image\" \/>\n<meta name=\"twitter:label1\" content=\"Est. reading time\" \/>\n\t<meta name=\"twitter:data1\" content=\"1 minute\" \/>\n<script type=\"application\/ld+json\" class=\"yoast-schema-graph\">{\"@context\":\"https:\/\/schema.org\",\"@graph\":[{\"@type\":\"WebPage\",\"@id\":\"https:\/\/www.neuromokslai.lt\/en\/brain-awareness-week\/2009-2\/\",\"url\":\"https:\/\/www.neuromokslai.lt\/en\/brain-awareness-week\/2009-2\/\",\"name\":\"2009 - neuromokslai.lt\",\"isPartOf\":{\"@id\":\"https:\/\/www.neuromokslai.lt\/#website\"},\"datePublished\":\"2021-07-14T15:26:29+00:00\",\"dateModified\":\"2021-09-14T09:13:09+00:00\",\"breadcrumb\":{\"@id\":\"https:\/\/www.neuromokslai.lt\/en\/brain-awareness-week\/2009-2\/#breadcrumb\"},\"inLanguage\":\"en-US\",\"potentialAction\":[{\"@type\":\"ReadAction\",\"target\":[\"https:\/\/www.neuromokslai.lt\/en\/brain-awareness-week\/2009-2\/\"]}]},{\"@type\":\"BreadcrumbList\",\"@id\":\"https:\/\/www.neuromokslai.lt\/en\/brain-awareness-week\/2009-2\/#breadcrumb\",\"itemListElement\":[{\"@type\":\"ListItem\",\"position\":1,\"name\":\"Home\",\"item\":\"https:\/\/www.neuromokslai.lt\/en\/\"},{\"@type\":\"ListItem\",\"position\":2,\"name\":\"Brain Awareness Week\",\"item\":\"https:\/\/www.neuromokslai.lt\/en\/brain-awareness-week\/\"},{\"@type\":\"ListItem\",\"position\":3,\"name\":\"2009\"}]},{\"@type\":\"WebSite\",\"@id\":\"https:\/\/www.neuromokslai.lt\/#website\",\"url\":\"https:\/\/www.neuromokslai.lt\/\",\"name\":\"neuromokslai.lt\",\"description\":\"Lietuvos neuromoksl\u0173 asociacija\",\"potentialAction\":[{\"@type\":\"SearchAction\",\"target\":{\"@type\":\"EntryPoint\",\"urlTemplate\":\"https:\/\/www.neuromokslai.lt\/?s={search_term_string}\"},\"query-input\":{\"@type\":\"PropertyValueSpecification\",\"valueRequired\":true,\"valueName\":\"search_term_string\"}}],\"inLanguage\":\"en-US\"}]}<\/script>\n<!-- \/ Yoast SEO plugin. -->","yoast_head_json":{"title":"2009 - neuromokslai.lt","robots":{"index":"index","follow":"follow","max-snippet":"max-snippet:-1","max-image-preview":"max-image-preview:large","max-video-preview":"max-video-preview:-1"},"canonical":"https:\/\/www.neuromokslai.lt\/en\/brain-awareness-week\/2009-2\/","og_locale":"en_US","og_type":"article","og_title":"2009 - neuromokslai.lt","og_description":"Lietuvoje &#8211; vieni i\u0161 smegen\u0173 pa\u017einimo savait\u0117s pradinink\u0173 V\u0161\u012e \u201cPsichikos sveikatos iniciatyva\u201d ir Lietuvos neuromoksl\u0173 asociacija, pirm\u0105kart pamin\u0117j\u0119\u00a0 savait\u0119 2009 m. Pirmojoje \u201eSmegen\u0173 pa\u017einimo savait\u0117je\u201c akcentuota neuromokslo tyrim\u0173 finansavimo stoka Lietuvoje. Lietuvoje smegen\u0173 lig\u0173 paplitimas yra pana\u0161us kaip ir daugelyje Europos \u0161ali\u0173, ta\u010diau l\u0117\u0161\u0173 joms gydyti skiriame beveik ma\u017eiausiai Europoje. Pasaulio sveikatos organizacija nurodo, kad [&hellip;]","og_url":"https:\/\/www.neuromokslai.lt\/en\/brain-awareness-week\/2009-2\/","og_site_name":"neuromokslai.lt","article_modified_time":"2021-09-14T09:13:09+00:00","twitter_card":"summary_large_image","twitter_misc":{"Est. reading time":"1 minute"},"schema":{"@context":"https:\/\/schema.org","@graph":[{"@type":"WebPage","@id":"https:\/\/www.neuromokslai.lt\/en\/brain-awareness-week\/2009-2\/","url":"https:\/\/www.neuromokslai.lt\/en\/brain-awareness-week\/2009-2\/","name":"2009 - neuromokslai.lt","isPartOf":{"@id":"https:\/\/www.neuromokslai.lt\/#website"},"datePublished":"2021-07-14T15:26:29+00:00","dateModified":"2021-09-14T09:13:09+00:00","breadcrumb":{"@id":"https:\/\/www.neuromokslai.lt\/en\/brain-awareness-week\/2009-2\/#breadcrumb"},"inLanguage":"en-US","potentialAction":[{"@type":"ReadAction","target":["https:\/\/www.neuromokslai.lt\/en\/brain-awareness-week\/2009-2\/"]}]},{"@type":"BreadcrumbList","@id":"https:\/\/www.neuromokslai.lt\/en\/brain-awareness-week\/2009-2\/#breadcrumb","itemListElement":[{"@type":"ListItem","position":1,"name":"Home","item":"https:\/\/www.neuromokslai.lt\/en\/"},{"@type":"ListItem","position":2,"name":"Brain Awareness Week","item":"https:\/\/www.neuromokslai.lt\/en\/brain-awareness-week\/"},{"@type":"ListItem","position":3,"name":"2009"}]},{"@type":"WebSite","@id":"https:\/\/www.neuromokslai.lt\/#website","url":"https:\/\/www.neuromokslai.lt\/","name":"neuromokslai.lt","description":"Lietuvos neuromoksl\u0173 asociacija","potentialAction":[{"@type":"SearchAction","target":{"@type":"EntryPoint","urlTemplate":"https:\/\/www.neuromokslai.lt\/?s={search_term_string}"},"query-input":{"@type":"PropertyValueSpecification","valueRequired":true,"valueName":"search_term_string"}}],"inLanguage":"en-US"}]}},"_links":{"self":[{"href":"https:\/\/www.neuromokslai.lt\/en\/wp-json\/wp\/v2\/pages\/994"}],"collection":[{"href":"https:\/\/www.neuromokslai.lt\/en\/wp-json\/wp\/v2\/pages"}],"about":[{"href":"https:\/\/www.neuromokslai.lt\/en\/wp-json\/wp\/v2\/types\/page"}],"author":[{"embeddable":true,"href":"https:\/\/www.neuromokslai.lt\/en\/wp-json\/wp\/v2\/users\/1"}],"replies":[{"embeddable":true,"href":"https:\/\/www.neuromokslai.lt\/en\/wp-json\/wp\/v2\/comments?post=994"}],"version-history":[{"count":1,"href":"https:\/\/www.neuromokslai.lt\/en\/wp-json\/wp\/v2\/pages\/994\/revisions"}],"predecessor-version":[{"id":1002,"href":"https:\/\/www.neuromokslai.lt\/en\/wp-json\/wp\/v2\/pages\/994\/revisions\/1002"}],"up":[{"embeddable":true,"href":"https:\/\/www.neuromokslai.lt\/en\/wp-json\/wp\/v2\/pages\/900"}],"wp:attachment":[{"href":"https:\/\/www.neuromokslai.lt\/en\/wp-json\/wp\/v2\/media?parent=994"}],"curies":[{"name":"wp","href":"https:\/\/api.w.org\/{rel}","templated":true}]}}